{"id":99,"date":"2014-11-11T16:05:03","date_gmt":"2014-11-11T15:05:03","guid":{"rendered":"http:\/\/kulturochkuriosa.se\/butik2\/?page_id=99"},"modified":"2015-03-24T11:20:23","modified_gmt":"2015-03-24T10:20:23","slug":"aldre-anonymt","status":"publish","type":"page","link":"https:\/\/kulturochkuriosa.se\/butik2\/glas\/aldre-anonymt\/","title":{"rendered":"\u00c4ldre anonymt"},"content":{"rendered":"<p>\u00c4ldre glas \u00e4r oftast anonymt, tittar man i priskuranter fr\u00e5n 1800- och b\u00f6rjan av 1900-talet finns samma modeller med fr\u00e5n m\u00e5nga olika glasbruk. Man h\u00e4mtade modeller fr\u00e5n m\u00e4ssor nere i Europa och sneglade p\u00e5 varann, s\u00e5 popul\u00e4ra modeller gjordes lite varstans, \u00e4ven p\u00e5 norska bruk. Samma g\u00e4ller f\u00f6r pressglas d\u00e4r formarna oftast k\u00f6ptes fr\u00e5n utlandet.<br \/>\nFast h\u00e4r i V\u00e4rmland h\u00e4vdas det ju oftast att f\u00f6rem\u00e5len \u00e4r tillverkade p\u00e5 Eda Glasbruk&#8230;..<\/p>\n<table style=\"height: auto; background-color: #b4b4b4; width: 100%;\" border=\"4\">\n<tbody>\n<tr>\n<td><\/td>\n<\/tr>\n<tr>\n<td align=\"center\" width=\"30%\"><a href=\"Pressglas\"><img loading=\"lazy\" class=\"aligncenter size-medium wp-image-358\" src=\"http:\/\/kulturochkuriosa.se\/butik2\/wp-content\/uploads\/2014\/11\/sockerskal-bollsjo-300x225.jpg\" alt=\"sockerskal bollsjo\" width=\"100%\" height=\"auto\" srcset=\"https:\/\/kulturochkuriosa.se\/butik2\/wp-content\/uploads\/2014\/11\/sockerskal-bollsjo-300x225.jpg 300w, https:\/\/kulturochkuriosa.se\/butik2\/wp-content\/uploads\/2014\/11\/sockerskal-bollsjo-1024x768.jpg 1024w, https:\/\/kulturochkuriosa.se\/butik2\/wp-content\/uploads\/2014\/11\/sockerskal-bollsjo.jpg 1134w\" sizes=\"(max-width: 300px) 100vw, 300px\" \/><\/a> Pressglas<\/td>\n<td align=\"center\" width=\"30%\"><a href=\"Servisglas\"><img loading=\"lazy\" class=\"aligncenter size-medium wp-image-357\" src=\"http:\/\/kulturochkuriosa.se\/butik2\/wp-content\/uploads\/2014\/11\/sex-fj\u00e4llslipade-snapsglas-300x225.jpg\" alt=\"sex fj\u00e4llslipade snapsglas\" width=\"100%\" height=\"auto\" srcset=\"https:\/\/kulturochkuriosa.se\/butik2\/wp-content\/uploads\/2014\/11\/sex-fj\u00e4llslipade-snapsglas-300x225.jpg 300w, https:\/\/kulturochkuriosa.se\/butik2\/wp-content\/uploads\/2014\/11\/sex-fj\u00e4llslipade-snapsglas-1024x768.jpg 1024w, https:\/\/kulturochkuriosa.se\/butik2\/wp-content\/uploads\/2014\/11\/sex-fj\u00e4llslipade-snapsglas.jpg 1134w\" sizes=\"(max-width: 300px) 100vw, 300px\" \/><\/a> Servisglas<\/td>\n<td align=\"center\" width=\"30%\"><a href=\"malat-glas\"><img loading=\"lazy\" class=\"aligncenter size-medium wp-image-664\" src=\"http:\/\/kulturochkuriosa.se\/butik2\/wp-content\/uploads\/2014\/11\/flaska-eda-limmared-1-225x300.jpg\" alt=\"flaska eda-limmared-1\" width=\"80%\" height=\"auto\" srcset=\"https:\/\/kulturochkuriosa.se\/butik2\/wp-content\/uploads\/2014\/11\/flaska-eda-limmared-1-225x300.jpg 225w, https:\/\/kulturochkuriosa.se\/butik2\/wp-content\/uploads\/2014\/11\/flaska-eda-limmared-1-768x1024.jpg 768w, https:\/\/kulturochkuriosa.se\/butik2\/wp-content\/uploads\/2014\/11\/flaska-eda-limmared-1.jpg 850w\" sizes=\"(max-width: 225px) 100vw, 225px\" \/><\/a>M\u00e5lat glas<\/td>\n<\/tr>\n<\/tbody>\n<\/table>\n<p>&nbsp;<\/p>\n","protected":false},"excerpt":{"rendered":"<p>\u00c4ldre glas \u00e4r oftast anonymt, tittar man i priskuranter fr\u00e5n 1800- och b\u00f6rjan av 1900-talet finns samma modeller med fr\u00e5n m\u00e5nga olika glasbruk. Man h\u00e4mtade modeller fr\u00e5n m\u00e4ssor nere i Europa och sneglade p\u00e5 varann, s\u00e5 popul\u00e4ra modeller gjordes lite varstans, \u00e4ven p\u00e5 norska bruk. Samma g\u00e4ller f\u00f6r pressglas d\u00e4r formarna oftast k\u00f6ptes fr\u00e5n utlandet. <a href='https:\/\/kulturochkuriosa.se\/butik2\/glas\/aldre-anonymt\/' class='excerpt-more'>[&#8230;]<\/a><\/p>\n","protected":false},"author":2,"featured_media":0,"parent":5,"menu_order":10,"comment_status":"closed","ping_status":"closed","template":"","meta":[],"_links":{"self":[{"href":"https:\/\/kulturochkuriosa.se\/butik2\/wp-json\/wp\/v2\/pages\/99"}],"collection":[{"href":"https:\/\/kulturochkuriosa.se\/butik2\/wp-json\/wp\/v2\/pages"}],"about":[{"href":"https:\/\/kulturochkuriosa.se\/butik2\/wp-json\/wp\/v2\/types\/page"}],"author":[{"embeddable":true,"href":"https:\/\/kulturochkuriosa.se\/butik2\/wp-json\/wp\/v2\/users\/2"}],"replies":[{"embeddable":true,"href":"https:\/\/kulturochkuriosa.se\/butik2\/wp-json\/wp\/v2\/comments?post=99"}],"version-history":[{"count":12,"href":"https:\/\/kulturochkuriosa.se\/butik2\/wp-json\/wp\/v2\/pages\/99\/revisions"}],"predecessor-version":[{"id":665,"href":"https:\/\/kulturochkuriosa.se\/butik2\/wp-json\/wp\/v2\/pages\/99\/revisions\/665"}],"up":[{"embeddable":true,"href":"https:\/\/kulturochkuriosa.se\/butik2\/wp-json\/wp\/v2\/pages\/5"}],"wp:attachment":[{"href":"https:\/\/kulturochkuriosa.se\/butik2\/wp-json\/wp\/v2\/media?parent=99"}],"curies":[{"name":"wp","href":"https:\/\/api.w.org\/{rel}","templated":true}]}}