{"id":89,"date":"2014-11-11T15:19:46","date_gmt":"2014-11-11T14:19:46","guid":{"rendered":"http:\/\/kulturochkuriosa.se\/butik2\/?page_id=89"},"modified":"2016-02-16T13:08:29","modified_gmt":"2016-02-16T12:08:29","slug":"boda","status":"publish","type":"page","link":"https:\/\/kulturochkuriosa.se\/butik2\/glas\/boda\/","title":{"rendered":"Boda"},"content":{"rendered":"<p>Boda glasbruk grundades 1864, det k\u00f6ptes 1947 av Eric \u00c5fors (som tidigare \u00e4gde \u00c5fors och Kosta) och Eric Ros\u00e9n.\u00a0 Under 1960-talet f\u00f6rdjupades samarbetet mellan dessa bruk och AB \u00c5forsgruppen bildades formellt 1969. 1972 inf\u00f6rlivades Johansfors och 1975 s\u00e5ldes det hela till Uppsala-Ekeby. 1977 d\u00f6ptes glasbruksdelen inom UE om till Kosta Boda AB och 1990 k\u00f6ptes det av Orrefors d\u00e5 Orrefors Kosta Boda AB bildades. Efter diverse \u00e4garbyten st\u00e4ngdes hyttan i Boda \u00e5r 2003.<\/p>\n<p>Under m\u00e5nga \u00e5r var Fritz Kallenberg formgivare. En ny epok inleddes 1953 n\u00e4r Erik H\u00f6glund kom till bruket, senare \u00e4ven Signe Persson-Melin, Kjell Engman och Monica Backstr\u00f6m.<\/p>\n<p>\u00c4ven Bertil Vallien och Ulrika Hydman-Vallien r\u00e4knas till Bodas formgivare, men eftersom de arbetade vid \u00c5fors glasbruk har jag placerat deras alster d\u00e4r. Det blir lite komplicerat n\u00e4r bruken sl\u00e5s ihop, k\u00f6ps, s\u00e4ljs och l\u00e4ggs ned.<\/p>\n<table style=\"height: auto; background-color: #b4b4b4; width: 100%;\" border=\"4\">\n<tbody>\n<tr>\n<td><\/td>\n<\/tr>\n<tr>\n<td align=\"center\" width=\"10%\"><\/td>\n<td align=\"center\" width=\"40%\"><a href=\"servisglas\"><img loading=\"lazy\" class=\"size-medium wp-image-173\" src=\"http:\/\/kulturochkuriosa.se\/butik2\/wp-content\/uploads\/2014\/11\/Boda-Bouquet-stor-karaff-225x300.jpg\" alt=\"Servisglas\" width=\"60%\" height=\"auto\" \/><\/a> Servisglas<\/td>\n<td align=\"center\" width=\"40%\"><a href=\"konstglas\"><img loading=\"lazy\" class=\"alignnone size-medium wp-image-146\" src=\"http:\/\/kulturochkuriosa.se\/butik2\/wp-content\/uploads\/2014\/11\/tre-bruna-vaser-300x225.jpg\" alt=\"tre bruna vaser\" width=\"100%\" height=\"auto\" srcset=\"https:\/\/kulturochkuriosa.se\/butik2\/wp-content\/uploads\/2014\/11\/tre-bruna-vaser-300x225.jpg 300w, https:\/\/kulturochkuriosa.se\/butik2\/wp-content\/uploads\/2014\/11\/tre-bruna-vaser-1024x768.jpg 1024w, https:\/\/kulturochkuriosa.se\/butik2\/wp-content\/uploads\/2014\/11\/tre-bruna-vaser.jpg 1134w\" sizes=\"(max-width: 300px) 100vw, 300px\" \/><\/a> Konstglas<\/td>\n<td align=\"center\" width=\"10%\"><\/td>\n<\/tr>\n<\/tbody>\n<\/table>\n","protected":false},"excerpt":{"rendered":"<p>Boda glasbruk grundades 1864, det k\u00f6ptes 1947 av Eric \u00c5fors (som tidigare \u00e4gde \u00c5fors och Kosta) och Eric Ros\u00e9n.\u00a0 Under 1960-talet f\u00f6rdjupades samarbetet mellan dessa bruk och AB \u00c5forsgruppen bildades formellt 1969. 1972 inf\u00f6rlivades Johansfors och 1975 s\u00e5ldes det hela till Uppsala-Ekeby. 1977 d\u00f6ptes glasbruksdelen inom UE om till Kosta Boda AB och 1990 k\u00f6ptes <a href='https:\/\/kulturochkuriosa.se\/butik2\/glas\/boda\/' class='excerpt-more'>[&#8230;]<\/a><\/p>\n","protected":false},"author":2,"featured_media":0,"parent":5,"menu_order":100,"comment_status":"closed","ping_status":"closed","template":"","meta":[],"_links":{"self":[{"href":"https:\/\/kulturochkuriosa.se\/butik2\/wp-json\/wp\/v2\/pages\/89"}],"collection":[{"href":"https:\/\/kulturochkuriosa.se\/butik2\/wp-json\/wp\/v2\/pages"}],"about":[{"href":"https:\/\/kulturochkuriosa.se\/butik2\/wp-json\/wp\/v2\/types\/page"}],"author":[{"embeddable":true,"href":"https:\/\/kulturochkuriosa.se\/butik2\/wp-json\/wp\/v2\/users\/2"}],"replies":[{"embeddable":true,"href":"https:\/\/kulturochkuriosa.se\/butik2\/wp-json\/wp\/v2\/comments?post=89"}],"version-history":[{"count":54,"href":"https:\/\/kulturochkuriosa.se\/butik2\/wp-json\/wp\/v2\/pages\/89\/revisions"}],"predecessor-version":[{"id":896,"href":"https:\/\/kulturochkuriosa.se\/butik2\/wp-json\/wp\/v2\/pages\/89\/revisions\/896"}],"up":[{"embeddable":true,"href":"https:\/\/kulturochkuriosa.se\/butik2\/wp-json\/wp\/v2\/pages\/5"}],"wp:attachment":[{"href":"https:\/\/kulturochkuriosa.se\/butik2\/wp-json\/wp\/v2\/media?parent=89"}],"curies":[{"name":"wp","href":"https:\/\/api.w.org\/{rel}","templated":true}]}}