{"id":684,"date":"2015-03-31T11:00:41","date_gmt":"2015-03-31T09:00:41","guid":{"rendered":"http:\/\/kulturochkuriosa.se\/butik2\/?page_id=684"},"modified":"2015-03-31T11:06:10","modified_gmt":"2015-03-31T09:06:10","slug":"ovrigt","status":"publish","type":"page","link":"https:\/\/kulturochkuriosa.se\/butik2\/ovrigt\/","title":{"rendered":"\u00d6vrigt"},"content":{"rendered":"<p>H\u00e4r finns lite av varje, metallf\u00f6rem\u00e5l, lampor, tavlor och diverse udda f\u00f6rem\u00e5l.<\/p>\n<table style=\"height: auto; background-color: #b4b4b4; width: 100%;\" border=\"4\">\n<tbody>\n<tr>\n<td width=\"25%\" align=center><a href=\"belysning\"><img loading=\"lazy\" class=\"size-medium wp-image-170\" src=\"http:\/\/kulturochkuriosa.se\/butik2\/wp-content\/uploads\/2014\/11\/dessertsk\u00e5lar-2-300x225.jpg\" alt=\"Belysning\" width=\"100%\" height=\"auto\" srcset=\"https:\/\/kulturochkuriosa.se\/butik2\/wp-content\/uploads\/2014\/11\/dessertsk\u00e5lar-2-300x225.jpg 300w, https:\/\/kulturochkuriosa.se\/butik2\/wp-content\/uploads\/2014\/11\/dessertsk\u00e5lar-2-1024x768.jpg 1024w, https:\/\/kulturochkuriosa.se\/butik2\/wp-content\/uploads\/2014\/11\/dessertsk\u00e5lar-2.jpg 1134w\" sizes=\"(max-width: 300px) 100vw, 300px\" \/><\/a> Belysning<\/td>\n<td width=\"25%\" align=center><a href=\"bilder\"><img loading=\"lazy\" class=\"size-medium wp-image-171\" src=\"http:\/\/kulturochkuriosa.se\/butik2\/wp-content\/uploads\/2014\/11\/svea-sk\u00e5lar-m\u00f6rka-300x225.jpg\" alt=\"Bilder\" width=\"100%\" height=\"auto\" srcset=\"https:\/\/kulturochkuriosa.se\/butik2\/wp-content\/uploads\/2014\/11\/svea-sk\u00e5lar-m\u00f6rka-300x225.jpg 300w, https:\/\/kulturochkuriosa.se\/butik2\/wp-content\/uploads\/2014\/11\/svea-sk\u00e5lar-m\u00f6rka-1024x768.jpg 1024w, https:\/\/kulturochkuriosa.se\/butik2\/wp-content\/uploads\/2014\/11\/svea-sk\u00e5lar-m\u00f6rka.jpg 1134w\" sizes=\"(max-width: 300px) 100vw, 300px\" \/><\/a> Bilder<\/td>\n<td width=\"25%\" align=center><a href=\"metallforemal\"><img loading=\"lazy\" class=\"size-medium wp-image-172\" src=\"http:\/\/kulturochkuriosa.se\/butik2\/wp-content\/uploads\/2014\/11\/fylgia-tre-225x300.jpg\" alt=\"Metallf\u00f6rem\u00e5l\" width=\"80%\" height=\"auto\" srcset=\"https:\/\/kulturochkuriosa.se\/butik2\/wp-content\/uploads\/2014\/11\/fylgia-tre-225x300.jpg 225w, https:\/\/kulturochkuriosa.se\/butik2\/wp-content\/uploads\/2014\/11\/fylgia-tre-768x1024.jpg 768w, https:\/\/kulturochkuriosa.se\/butik2\/wp-content\/uploads\/2014\/11\/fylgia-tre.jpg 850w\" sizes=\"(max-width: 225px) 100vw, 225px\" \/><\/a> Metallf\u00f6rem\u00e5l<\/td>\n<td width=\"25%\" align=center><a href=\"mobler\"><img loading=\"lazy\" class=\"size-medium wp-image-173\" src=\"http:\/\/kulturochkuriosa.se\/butik2\/wp-content\/uploads\/2014\/11\/nord-blomglas-honung1-225x300.jpg\" alt=\"M\u00f6bler\" width=\"80%\" height=\"auto\" srcset=\"https:\/\/kulturochkuriosa.se\/butik2\/wp-content\/uploads\/2014\/11\/nord-blomglas-honung1-225x300.jpg 225w, https:\/\/kulturochkuriosa.se\/butik2\/wp-content\/uploads\/2014\/11\/nord-blomglas-honung1-768x1024.jpg 768w, https:\/\/kulturochkuriosa.se\/butik2\/wp-content\/uploads\/2014\/11\/nord-blomglas-honung1.jpg 850w\" sizes=\"(max-width: 225px) 100vw, 225px\" \/><\/a> M\u00f6bler<\/td>\n<\/tr>\n<\/tbody>\n<\/table>\n<p>&nbsp;<\/p>\n","protected":false},"excerpt":{"rendered":"<p>H\u00e4r finns lite av varje, metallf\u00f6rem\u00e5l, lampor, tavlor och diverse udda f\u00f6rem\u00e5l. Belysning Bilder Metallf\u00f6rem\u00e5l M\u00f6bler &nbsp;<\/p>\n","protected":false},"author":2,"featured_media":0,"parent":0,"menu_order":50,"comment_status":"closed","ping_status":"closed","template":"","meta":[],"_links":{"self":[{"href":"https:\/\/kulturochkuriosa.se\/butik2\/wp-json\/wp\/v2\/pages\/684"}],"collection":[{"href":"https:\/\/kulturochkuriosa.se\/butik2\/wp-json\/wp\/v2\/pages"}],"about":[{"href":"https:\/\/kulturochkuriosa.se\/butik2\/wp-json\/wp\/v2\/types\/page"}],"author":[{"embeddable":true,"href":"https:\/\/kulturochkuriosa.se\/butik2\/wp-json\/wp\/v2\/users\/2"}],"replies":[{"embeddable":true,"href":"https:\/\/kulturochkuriosa.se\/butik2\/wp-json\/wp\/v2\/comments?post=684"}],"version-history":[{"count":3,"href":"https:\/\/kulturochkuriosa.se\/butik2\/wp-json\/wp\/v2\/pages\/684\/revisions"}],"predecessor-version":[{"id":691,"href":"https:\/\/kulturochkuriosa.se\/butik2\/wp-json\/wp\/v2\/pages\/684\/revisions\/691"}],"wp:attachment":[{"href":"https:\/\/kulturochkuriosa.se\/butik2\/wp-json\/wp\/v2\/media?parent=684"}],"curies":[{"name":"wp","href":"https:\/\/api.w.org\/{rel}","templated":true}]}}