{"id":651,"date":"2015-03-11T15:27:47","date_gmt":"2015-03-11T14:27:47","guid":{"rendered":"http:\/\/kulturochkuriosa.se\/butik2\/?page_id=651"},"modified":"2016-11-21T11:55:05","modified_gmt":"2016-11-21T10:55:05","slug":"konstglas","status":"publish","type":"page","link":"https:\/\/kulturochkuriosa.se\/butik2\/glas\/elme\/konstglas\/","title":{"rendered":"Konstglas"},"content":{"rendered":"<table style=\"height: auto; background-color: #b4b4b4; width: 100%;\">\n<tbody>\n<tr>\n<td style=\"border: 2px solid #f5f0f0; width: 25%;\"><a href=\"http:\/\/kulturochkuriosa.se\/butik2\/wp-content\/uploads\/2015\/03\/blomglas-lalique-gulbrunt.jpg\" class=\"gallery_colorbox\"><img loading=\"lazy\" class=\"aligncenter size-medium wp-image-652\" src=\"http:\/\/kulturochkuriosa.se\/butik2\/wp-content\/uploads\/2015\/03\/blomglas-lalique-gulbrunt-300x225.jpg\"  alt=\"blomglas lalique gulbrunt\" width=\"100%\" height=\"auto\" srcset=\"https:\/\/kulturochkuriosa.se\/butik2\/wp-content\/uploads\/2015\/03\/blomglas-lalique-gulbrunt-300x225.jpg 300w, https:\/\/kulturochkuriosa.se\/butik2\/wp-content\/uploads\/2015\/03\/blomglas-lalique-gulbrunt-1024x768.jpg 1024w, https:\/\/kulturochkuriosa.se\/butik2\/wp-content\/uploads\/2015\/03\/blomglas-lalique-gulbrunt.jpg 1134w\" sizes=\"(max-width: 300px) 100vw, 300px\" \/><\/a><\/td>\n<td style=\"border: 2px solid #f5f0f0; width: 25%;\"><a href=\"http:\/\/kulturochkuriosa.se\/butik2\/wp-content\/uploads\/2015\/03\/blomglas-lalique-gulbrunt-puntel.jpg\" class=\"gallery_colorbox\"><img loading=\"lazy\" class=\"aligncenter size-medium wp-image-653\" src=\"http:\/\/kulturochkuriosa.se\/butik2\/wp-content\/uploads\/2015\/03\/blomglas-lalique-gulbrunt-puntel-300x225.jpg\"  alt=\"blomglas lalique gulbrunt puntel\" width=\"100%\" height=\"auto\" srcset=\"https:\/\/kulturochkuriosa.se\/butik2\/wp-content\/uploads\/2015\/03\/blomglas-lalique-gulbrunt-puntel-300x225.jpg 300w, https:\/\/kulturochkuriosa.se\/butik2\/wp-content\/uploads\/2015\/03\/blomglas-lalique-gulbrunt-puntel-1024x768.jpg 1024w, https:\/\/kulturochkuriosa.se\/butik2\/wp-content\/uploads\/2015\/03\/blomglas-lalique-gulbrunt-puntel.jpg 1134w\" sizes=\"(max-width: 300px) 100vw, 300px\" \/><\/a><\/td>\n<td style=\"border: 2px solid #f5f0f0; width: 25%;\"><\/td>\n<td style=\"border: 2px solid #f5f0f0; width: 25%;\"><\/td>\n<\/tr>\n<tr style=\"vertical-align: top; background-color: #d4d4d4;\">\n<td style=\"border: 2px solid #f5f0f0; width: 25%;\" colspan=\"2\">Blomglas &#8221;Lalique&#8221; i en ovanlig gulbrun nyans med tydligt puntelm\u00e4rke. H\u00f6jd 20 cm, pris 500:-.<\/td>\n<td style=\"border: 2px solid #f5f0f0; width: 25%;\"><\/td>\n<td style=\"border: 2px solid #f5f0f0; width: 25%;\"><\/td>\n<\/tr>\n<tr>\n<td style=\"border: 2px solid #f5f0f0; background-color: #444444; width: 25%; text-align: center;\" colspan=\"4\"><span style=\"color: #ffffff;\">S\u00e5lda produkter<br \/>\n<\/span><\/td>\n<\/tr>\n<tr>\n<td style=\"border: 2px solid #f5f0f0; width: 25%;\"><\/td>\n<td style=\"border: 2px solid #f5f0f0; width: 25%;\"><\/td>\n<td style=\"border: 2px solid #f5f0f0; width: 25%;\"><\/td>\n<td style=\"border: 2px solid #f5f0f0; width: 25%;\"><\/td>\n<\/tr>\n<tr style=\"vertical-align: top; background-color: #d4d4d4;\">\n<td style=\"border: 2px solid #f5f0f0; width: 25%;\"><\/td>\n<td style=\"border: 2px solid #f5f0f0; width: 25%;\"><\/td>\n<td style=\"border: 2px solid #f5f0f0; width: 25%;\"><\/td>\n<td style=\"border: 2px solid #f5f0f0; width: 25%;\"><\/td>\n<\/tr>\n<\/tbody>\n<\/table>\n<p>&nbsp;<\/p>\n","protected":false},"excerpt":{"rendered":"<p>Blomglas &#8221;Lalique&#8221; i en ovanlig gulbrun nyans med tydligt puntelm\u00e4rke. H\u00f6jd 20 cm, pris 500:-. S\u00e5lda produkter &nbsp;<\/p>\n","protected":false},"author":2,"featured_media":0,"parent":371,"menu_order":60,"comment_status":"closed","ping_status":"closed","template":"","meta":[],"_links":{"self":[{"href":"https:\/\/kulturochkuriosa.se\/butik2\/wp-json\/wp\/v2\/pages\/651"}],"collection":[{"href":"https:\/\/kulturochkuriosa.se\/butik2\/wp-json\/wp\/v2\/pages"}],"about":[{"href":"https:\/\/kulturochkuriosa.se\/butik2\/wp-json\/wp\/v2\/types\/page"}],"author":[{"embeddable":true,"href":"https:\/\/kulturochkuriosa.se\/butik2\/wp-json\/wp\/v2\/users\/2"}],"replies":[{"embeddable":true,"href":"https:\/\/kulturochkuriosa.se\/butik2\/wp-json\/wp\/v2\/comments?post=651"}],"version-history":[{"count":3,"href":"https:\/\/kulturochkuriosa.se\/butik2\/wp-json\/wp\/v2\/pages\/651\/revisions"}],"predecessor-version":[{"id":1067,"href":"https:\/\/kulturochkuriosa.se\/butik2\/wp-json\/wp\/v2\/pages\/651\/revisions\/1067"}],"up":[{"embeddable":true,"href":"https:\/\/kulturochkuriosa.se\/butik2\/wp-json\/wp\/v2\/pages\/371"}],"wp:attachment":[{"href":"https:\/\/kulturochkuriosa.se\/butik2\/wp-json\/wp\/v2\/media?parent=651"}],"curies":[{"name":"wp","href":"https:\/\/api.w.org\/{rel}","templated":true}]}}