{"id":596,"date":"2015-03-10T15:19:25","date_gmt":"2015-03-10T14:19:25","guid":{"rendered":"http:\/\/kulturochkuriosa.se\/butik2\/?page_id=596"},"modified":"2016-11-21T12:00:33","modified_gmt":"2016-11-21T11:00:33","slug":"pressglas","status":"publish","type":"page","link":"https:\/\/kulturochkuriosa.se\/butik2\/glas\/elme\/pressglas\/","title":{"rendered":"Pressglas"},"content":{"rendered":"<table style=\"height: auto; background-color: #b4b4b4; width: 100%;\" border=\"4\">\n<tbody>\n<tr>\n<td style=\"border: 2px solid #f5f0f0; width: 25%;\"><\/td>\n<td style=\"border: 2px solid #f5f0f0; width: 25%;\"><\/td>\n<td style=\"border: 2px solid #f5f0f0; width: 25%;\"><\/td>\n<td style=\"border: 2px solid #f5f0f0; width: 25%;\"><\/td>\n<\/tr>\n<tr style=\"vertical-align: top; background-color: #d4d4d4;\">\n<td style=\"border: 2px solid #f5f0f0; width: 25%;\"><\/td>\n<td style=\"border: 2px solid #f5f0f0; width: 25%;\"><\/td>\n<td style=\"border: 2px solid #f5f0f0; width: 25%;\"><\/td>\n<td style=\"border: 2px solid #f5f0f0; width: 25%;\"><\/td>\n<\/tr>\n<tr>\n<td style=\"border: 2px solid #f5f0f0; background-color: #444444; width: 25%; text-align: center;\" colspan=\"4\"><span style=\"color: #ffffff;\">S\u00e5lda produkter<br \/>\n<\/span><\/td>\n<\/tr>\n<tr>\n<td style=\"border: 2px solid #f5f0f0; width: 25%;\"><a href=\"http:\/\/kulturochkuriosa.se\/butik2\/wp-content\/uploads\/2015\/03\/ollers-fat-med-hank.jpg\" class=\"gallery_colorbox\"><img loading=\"lazy\" class=\"aligncenter size-medium wp-image-597\" src=\"http:\/\/kulturochkuriosa.se\/butik2\/wp-content\/uploads\/2015\/03\/ollers-fat-med-hank-300x225.jpg\"  alt=\"ollers fat med hank\" width=\"100%\" height=\"auto\" srcset=\"https:\/\/kulturochkuriosa.se\/butik2\/wp-content\/uploads\/2015\/03\/ollers-fat-med-hank-300x225.jpg 300w, https:\/\/kulturochkuriosa.se\/butik2\/wp-content\/uploads\/2015\/03\/ollers-fat-med-hank-1024x768.jpg 1024w, https:\/\/kulturochkuriosa.se\/butik2\/wp-content\/uploads\/2015\/03\/ollers-fat-med-hank.jpg 1134w\" sizes=\"(max-width: 300px) 100vw, 300px\" \/><\/a><\/td>\n<td style=\"border: 2px solid #f5f0f0; width: 25%;\"><\/td>\n<td style=\"border: 2px solid #f5f0f0; width: 25%;\"><\/td>\n<td style=\"border: 2px solid #f5f0f0; width: 25%;\"><\/td>\n<\/tr>\n<tr style=\"vertical-align: top; background-color: #d4d4d4;\">\n<td style=\"border: 2px solid #f5f0f0; width: 25%;\">B\u00e5de originellt och ovanligt fat formgivet av Edvin Ollers. Speciellt ovanligt att h\u00e4nkeln \u00e4r kvar. <del>Pris 400:-<\/del>. <strong>S\u00e5ld.<\/strong><\/td>\n<td style=\"border: 2px solid #f5f0f0; width: 25%;\"><\/td>\n<td style=\"border: 2px solid #f5f0f0; width: 25%;\"><\/td>\n<td style=\"border: 2px solid #f5f0f0; width: 25%;\"><\/td>\n<\/tr>\n<\/tbody>\n<\/table>\n<p>&nbsp;<\/p>\n","protected":false},"excerpt":{"rendered":"<p>S\u00e5lda produkter B\u00e5de originellt och ovanligt fat formgivet av Edvin Ollers. Speciellt ovanligt att h\u00e4nkeln \u00e4r kvar. Pris 400:-. S\u00e5ld. &nbsp;<\/p>\n","protected":false},"author":2,"featured_media":0,"parent":371,"menu_order":30,"comment_status":"closed","ping_status":"closed","template":"","meta":[],"_links":{"self":[{"href":"https:\/\/kulturochkuriosa.se\/butik2\/wp-json\/wp\/v2\/pages\/596"}],"collection":[{"href":"https:\/\/kulturochkuriosa.se\/butik2\/wp-json\/wp\/v2\/pages"}],"about":[{"href":"https:\/\/kulturochkuriosa.se\/butik2\/wp-json\/wp\/v2\/types\/page"}],"author":[{"embeddable":true,"href":"https:\/\/kulturochkuriosa.se\/butik2\/wp-json\/wp\/v2\/users\/2"}],"replies":[{"embeddable":true,"href":"https:\/\/kulturochkuriosa.se\/butik2\/wp-json\/wp\/v2\/comments?post=596"}],"version-history":[{"count":4,"href":"https:\/\/kulturochkuriosa.se\/butik2\/wp-json\/wp\/v2\/pages\/596\/revisions"}],"predecessor-version":[{"id":1069,"href":"https:\/\/kulturochkuriosa.se\/butik2\/wp-json\/wp\/v2\/pages\/596\/revisions\/1069"}],"up":[{"embeddable":true,"href":"https:\/\/kulturochkuriosa.se\/butik2\/wp-json\/wp\/v2\/pages\/371"}],"wp:attachment":[{"href":"https:\/\/kulturochkuriosa.se\/butik2\/wp-json\/wp\/v2\/media?parent=596"}],"curies":[{"name":"wp","href":"https:\/\/api.w.org\/{rel}","templated":true}]}}