{"id":509,"date":"2015-02-23T10:30:37","date_gmt":"2015-02-23T09:30:37","guid":{"rendered":"http:\/\/kulturochkuriosa.se\/butik2\/?page_id=509"},"modified":"2018-01-27T13:10:56","modified_gmt":"2018-01-27T12:10:56","slug":"konstglas","status":"publish","type":"page","link":"https:\/\/kulturochkuriosa.se\/butik2\/glas\/kosta\/konstglas\/","title":{"rendered":"Konstglas"},"content":{"rendered":"<p>H\u00e4r finns naturligtvis Elis Berghs alster, men \u00e4ven Vicke Lindstrand, W\u00e4rffarna, Sigurd Persson och andra.<\/p>\n<table style=\"height: auto; background-color: #b4b4b4; width: 100%;\">\n<tbody>\n<tr>\n<td style=\"border: 2px solid #f5f0f0; width: 25%;\"><a href=\"http:\/\/kulturochkuriosa.se\/butik2\/wp-content\/uploads\/2015\/02\/vas-h\u00f6g-r\u00e4nder.jpg\" class=\"gallery_colorbox\"><img loading=\"lazy\" class=\"aligncenter size-medium wp-image-629\" src=\"http:\/\/kulturochkuriosa.se\/butik2\/wp-content\/uploads\/2015\/02\/vas-h\u00f6g-r\u00e4nder-225x300.jpg\"  alt=\"vas h\u00f6g r\u00e4nder\" width=\"80%\" height=\"auto\" srcset=\"https:\/\/kulturochkuriosa.se\/butik2\/wp-content\/uploads\/2015\/02\/vas-h\u00f6g-r\u00e4nder-225x300.jpg 225w, https:\/\/kulturochkuriosa.se\/butik2\/wp-content\/uploads\/2015\/02\/vas-h\u00f6g-r\u00e4nder-768x1024.jpg 768w, https:\/\/kulturochkuriosa.se\/butik2\/wp-content\/uploads\/2015\/02\/vas-h\u00f6g-r\u00e4nder.jpg 850w\" sizes=\"(max-width: 225px) 100vw, 225px\" \/><\/a><\/td>\n<td style=\"border: 2px solid #f5f0f0; width: 25%;\"><a href=\"http:\/\/kulturochkuriosa.se\/butik2\/wp-content\/uploads\/2015\/02\/sk\u00e5l-57500.jpg\" class=\"gallery_colorbox\" rel=\"attachment wp-att-891\"><img loading=\"lazy\" class=\"aligncenter size-medium wp-image-891\" src=\"http:\/\/kulturochkuriosa.se\/butik2\/wp-content\/uploads\/2015\/02\/sk\u00e5l-57500-300x225.jpg\"  alt=\"sk\u00e5l 57500\" width=\"100%\" height=\"auto\" srcset=\"https:\/\/kulturochkuriosa.se\/butik2\/wp-content\/uploads\/2015\/02\/sk\u00e5l-57500-300x225.jpg 300w, https:\/\/kulturochkuriosa.se\/butik2\/wp-content\/uploads\/2015\/02\/sk\u00e5l-57500-768x576.jpg 768w, https:\/\/kulturochkuriosa.se\/butik2\/wp-content\/uploads\/2015\/02\/sk\u00e5l-57500-1024x768.jpg 1024w, https:\/\/kulturochkuriosa.se\/butik2\/wp-content\/uploads\/2015\/02\/sk\u00e5l-57500.jpg 1134w\" sizes=\"(max-width: 300px) 100vw, 300px\" \/><\/a><\/td>\n<td style=\"border: 2px solid #f5f0f0; width: 25%;\"><a href=\"http:\/\/kulturochkuriosa.se\/butik2\/wp-content\/uploads\/2015\/02\/ljusstakar-ss-5551.jpg\" class=\"gallery_colorbox\" rel=\"attachment wp-att-890\"><img loading=\"lazy\" class=\"aligncenter size-medium wp-image-890\" src=\"http:\/\/kulturochkuriosa.se\/butik2\/wp-content\/uploads\/2015\/02\/ljusstakar-ss-5551-225x300.jpg\"  alt=\"ljusstakar ss 5551\" width=\"80%\" height=\"auto\" srcset=\"https:\/\/kulturochkuriosa.se\/butik2\/wp-content\/uploads\/2015\/02\/ljusstakar-ss-5551-225x300.jpg 225w, https:\/\/kulturochkuriosa.se\/butik2\/wp-content\/uploads\/2015\/02\/ljusstakar-ss-5551-768x1024.jpg 768w, https:\/\/kulturochkuriosa.se\/butik2\/wp-content\/uploads\/2015\/02\/ljusstakar-ss-5551.jpg 850w\" sizes=\"(max-width: 225px) 100vw, 225px\" \/><\/a><\/td>\n<td style=\"border: 2px solid #f5f0f0; width: 25%;\"><a href=\"http:\/\/kulturochkuriosa.se\/butik2\/wp-content\/uploads\/2015\/02\/Kent-fotsk\u00e5l.jpg\" class=\"gallery_colorbox\"><img loading=\"lazy\" class=\"aligncenter size-medium wp-image-1087\" src=\"http:\/\/kulturochkuriosa.se\/butik2\/wp-content\/uploads\/2015\/02\/Kent-fotsk\u00e5l-300x225.jpg\"  alt=\"kent-fotskal\" width=\"100%\" height=\"auto\" srcset=\"https:\/\/kulturochkuriosa.se\/butik2\/wp-content\/uploads\/2015\/02\/Kent-fotsk\u00e5l-300x225.jpg 300w, https:\/\/kulturochkuriosa.se\/butik2\/wp-content\/uploads\/2015\/02\/Kent-fotsk\u00e5l-768x576.jpg 768w, https:\/\/kulturochkuriosa.se\/butik2\/wp-content\/uploads\/2015\/02\/Kent-fotsk\u00e5l-1024x768.jpg 1024w, https:\/\/kulturochkuriosa.se\/butik2\/wp-content\/uploads\/2015\/02\/Kent-fotsk\u00e5l.jpg 1134w\" sizes=\"(max-width: 300px) 100vw, 300px\" \/><\/a><\/td>\n<\/tr>\n<tr style=\"vertical-align: top; background-color: #d4d4d4;\">\n<td style=\"border: 2px solid #f5f0f0; width: 25%;\">H\u00f6g vas med slipade r\u00e4nder vid mynningen, troligen formgiven av Vicke Lindstrand. H\u00f6jd 30 cm, diameter vid mynningen 8,5 cm, pris 300:-.<\/td>\n<td style=\"border: 2px solid #f5f0f0; width: 25%;\">\u00a0L\u00e4cker sk\u00e5l i slipad helkristall, formgiven av Sigurd Persson signerad 57500. Pris 400:-.<\/td>\n<td style=\"border: 2px solid #f5f0f0; width: 25%;\">\u00a0Vackra ljusstakar, formgivna av Mona Morales-Schild. Pris 500:- f\u00f6r paret.<\/td>\n<td style=\"border: 2px solid #f5f0f0; width: 25%;\">\u00a0Pampig sk\u00e5l, &#8221;Kent&#8221; formgiven av Elis Bergh. Signerad Kosta med etikett och gravyr undertill, perfekt skick, inga naggar. H\u00f6jd 13 cm, dia 14,5 cm, pris 900:-.<\/td>\n<\/tr>\n<tr>\n<td style=\"border: 2px solid #f5f0f0; width: 25%;\"><\/td>\n<td style=\"border: 2px solid #f5f0f0; width: 25%;\"><\/td>\n<td style=\"border: 2px solid #f5f0f0; width: 25%;\"><\/td>\n<td style=\"border: 2px solid #f5f0f0; width: 25%;\"><\/td>\n<\/tr>\n<tr style=\"vertical-align: top; background-color: #d4d4d4;\">\n<td style=\"border: 2px solid #f5f0f0; width: 25%;\"><\/td>\n<td style=\"border: 2px solid #f5f0f0; width: 25%;\"><\/td>\n<td style=\"border: 2px solid #f5f0f0; width: 25%;\"><\/td>\n<td style=\"border: 2px solid #f5f0f0; width: 25%;\"><\/td>\n<\/tr>\n<tr>\n<td style=\"border: 2px solid #f5f0f0; background-color: #444444; width: 25%; text-align: center;\" colspan=\"4\"><span style=\"color: #ffffff;\">S\u00e5lda produkter<br \/>\n<\/span><\/td>\n<\/tr>\n<tr>\n<td style=\"border: 2px solid #f5f0f0; width: 25%;\"><a href=\"http:\/\/kulturochkuriosa.se\/butik2\/wp-content\/uploads\/2015\/02\/vas-B448.jpg\" class=\"gallery_colorbox\"><img loading=\"lazy\" class=\"aligncenter size-medium wp-image-1044\" src=\"http:\/\/kulturochkuriosa.se\/butik2\/wp-content\/uploads\/2015\/02\/vas-B448-225x300.jpg\"  alt=\"vas B448\" width=\"80%\" height=\"auto\" srcset=\"https:\/\/kulturochkuriosa.se\/butik2\/wp-content\/uploads\/2015\/02\/vas-B448-225x300.jpg 225w, https:\/\/kulturochkuriosa.se\/butik2\/wp-content\/uploads\/2015\/02\/vas-B448-768x1024.jpg 768w, https:\/\/kulturochkuriosa.se\/butik2\/wp-content\/uploads\/2015\/02\/vas-B448.jpg 850w\" sizes=\"(max-width: 225px) 100vw, 225px\" \/><\/a><\/td>\n<td style=\"border: 2px solid #f5f0f0; width: 25%;\"><a href=\"http:\/\/kulturochkuriosa.se\/butik2\/wp-content\/uploads\/2015\/02\/parfymflakong-SH-5246.jpg\" class=\"gallery_colorbox\"><img loading=\"lazy\" class=\"aligncenter size-medium wp-image-1012\" src=\"http:\/\/kulturochkuriosa.se\/butik2\/wp-content\/uploads\/2015\/02\/parfymflakong-SH-5246-225x300.jpg\"  alt=\"parfymflakong SH 5246\" width=\"80%\" height=\"auto\" srcset=\"https:\/\/kulturochkuriosa.se\/butik2\/wp-content\/uploads\/2015\/02\/parfymflakong-SH-5246-225x300.jpg 225w, https:\/\/kulturochkuriosa.se\/butik2\/wp-content\/uploads\/2015\/02\/parfymflakong-SH-5246-768x1024.jpg 768w, https:\/\/kulturochkuriosa.se\/butik2\/wp-content\/uploads\/2015\/02\/parfymflakong-SH-5246.jpg 850w\" sizes=\"(max-width: 225px) 100vw, 225px\" \/><\/a><\/td>\n<td style=\"border: 2px solid #f5f0f0; width: 25%;\"><a href=\"http:\/\/kulturochkuriosa.se\/butik2\/wp-content\/uploads\/2015\/02\/vas-B-W223.jpg\" class=\"gallery_colorbox\"><img loading=\"lazy\" class=\"aligncenter size-medium wp-image-1045\" src=\"http:\/\/kulturochkuriosa.se\/butik2\/wp-content\/uploads\/2015\/02\/vas-B-W223-225x300.jpg\"  alt=\"vas B-W223\" width=\"80%\" height=\"auto\" srcset=\"https:\/\/kulturochkuriosa.se\/butik2\/wp-content\/uploads\/2015\/02\/vas-B-W223-225x300.jpg 225w, https:\/\/kulturochkuriosa.se\/butik2\/wp-content\/uploads\/2015\/02\/vas-B-W223-768x1024.jpg 768w, https:\/\/kulturochkuriosa.se\/butik2\/wp-content\/uploads\/2015\/02\/vas-B-W223.jpg 850w\" sizes=\"(max-width: 225px) 100vw, 225px\" \/><\/a><\/td>\n<td style=\"border: 2px solid #f5f0f0; width: 25%;\"><\/td>\n<\/tr>\n<tr style=\"vertical-align: top; background-color: #d4d4d4;\">\n<td style=\"border: 2px solid #f5f0f0; width: 25%;\">Optikbl\u00e5st och fasettslipad vas i en gr\u00e5gr\u00f6n nyans, formgiven av Elis Bergh, signerad B448 Kosta. H\u00f6jd 14,5 cm, dia 13 cm, <del>pris 600:-.<\/del> <strong>S\u00e5ld.<\/strong><\/td>\n<td style=\"border: 2px solid #f5f0f0; width: 25%;\">\u00a0\u00a0Parfymflakong i underf\u00e5ng, formgiven av Mona Morales-Schild, signerad Kosta SH 5246.H\u00f6jd 10 cm inkl propp, <del>pris 500:-<\/del>. <strong>S\u00e5ld.<\/strong><\/td>\n<td style=\"border: 2px solid #f5f0f0; width: 25%;\">\u00a0En stor slipad och graverad vas, vasen formgiven av Elis Bergh, dekoren av Gunnar Widholm. Signerad Kosta 1942 B-W 223 Bergh + etikett &#8221;BERGH-KRISTALL KOSTA&#8221;. H\u00f6jd 22 cm, upptill 12,5 x 9,5 cm. <del>Pris 700:-.<\/del> <strong>S\u00e5ld.<\/strong><\/td>\n<td style=\"border: 2px solid #f5f0f0; width: 25%;\"><\/td>\n<\/tr>\n<\/tbody>\n<\/table>\n<p>&nbsp;<\/p>\n<div><\/div>\n","protected":false},"excerpt":{"rendered":"<p>H\u00e4r finns naturligtvis Elis Berghs alster, men \u00e4ven Vicke Lindstrand, W\u00e4rffarna, Sigurd Persson och andra. H\u00f6g vas med slipade r\u00e4nder vid mynningen, troligen formgiven av Vicke Lindstrand. H\u00f6jd 30 cm, diameter vid mynningen 8,5 cm, pris 300:-. \u00a0L\u00e4cker sk\u00e5l i slipad helkristall, formgiven av Sigurd Persson signerad 57500. Pris 400:-. \u00a0Vackra ljusstakar, formgivna av Mona <a href='https:\/\/kulturochkuriosa.se\/butik2\/glas\/kosta\/konstglas\/' class='excerpt-more'>[&#8230;]<\/a><\/p>\n","protected":false},"author":2,"featured_media":0,"parent":72,"menu_order":40,"comment_status":"closed","ping_status":"closed","template":"","meta":[],"_links":{"self":[{"href":"https:\/\/kulturochkuriosa.se\/butik2\/wp-json\/wp\/v2\/pages\/509"}],"collection":[{"href":"https:\/\/kulturochkuriosa.se\/butik2\/wp-json\/wp\/v2\/pages"}],"about":[{"href":"https:\/\/kulturochkuriosa.se\/butik2\/wp-json\/wp\/v2\/types\/page"}],"author":[{"embeddable":true,"href":"https:\/\/kulturochkuriosa.se\/butik2\/wp-json\/wp\/v2\/users\/2"}],"replies":[{"embeddable":true,"href":"https:\/\/kulturochkuriosa.se\/butik2\/wp-json\/wp\/v2\/comments?post=509"}],"version-history":[{"count":12,"href":"https:\/\/kulturochkuriosa.se\/butik2\/wp-json\/wp\/v2\/pages\/509\/revisions"}],"predecessor-version":[{"id":1119,"href":"https:\/\/kulturochkuriosa.se\/butik2\/wp-json\/wp\/v2\/pages\/509\/revisions\/1119"}],"up":[{"embeddable":true,"href":"https:\/\/kulturochkuriosa.se\/butik2\/wp-json\/wp\/v2\/pages\/72"}],"wp:attachment":[{"href":"https:\/\/kulturochkuriosa.se\/butik2\/wp-json\/wp\/v2\/media?parent=509"}],"curies":[{"name":"wp","href":"https:\/\/api.w.org\/{rel}","templated":true}]}}