{"id":491,"date":"2015-02-09T13:12:46","date_gmt":"2015-02-09T12:12:46","guid":{"rendered":"http:\/\/kulturochkuriosa.se\/butik2\/?page_id=491"},"modified":"2018-01-27T14:23:38","modified_gmt":"2018-01-27T13:23:38","slug":"servisglas","status":"publish","type":"page","link":"https:\/\/kulturochkuriosa.se\/butik2\/glas\/strombergshyttan\/servisglas\/","title":{"rendered":"Servisglas"},"content":{"rendered":"<p>Fler vackra serviser, de flesta formgivna av Gerda Str\u00f6mberg.<\/p>\n<table style=\"height: auto; background-color: #b4b4b4; width: 100%;\">\n<tbody>\n<tr>\n<td style=\"border: 2px solid #f5f0f0; width: 25%;\"><a href=\"http:\/\/kulturochkuriosa.se\/butik2\/wp-content\/uploads\/2015\/02\/S9-\u00f6l.jpg\" class=\"gallery_colorbox\" rel=\"attachment wp-att-843\"><img loading=\"lazy\" class=\"aligncenter size-medium wp-image-843\" src=\"http:\/\/kulturochkuriosa.se\/butik2\/wp-content\/uploads\/2015\/02\/S9-\u00f6l-225x300.jpg\"  alt=\"S9 \u00f6l\" width=\"80%\" height=\"auto\" srcset=\"https:\/\/kulturochkuriosa.se\/butik2\/wp-content\/uploads\/2015\/02\/S9-\u00f6l-225x300.jpg 225w, https:\/\/kulturochkuriosa.se\/butik2\/wp-content\/uploads\/2015\/02\/S9-\u00f6l-768x1024.jpg 768w, https:\/\/kulturochkuriosa.se\/butik2\/wp-content\/uploads\/2015\/02\/S9-\u00f6l.jpg 850w\" sizes=\"(max-width: 225px) 100vw, 225px\" \/><\/a><\/td>\n<td style=\"border: 2px solid #f5f0f0; width: 25%;\"><a href=\"http:\/\/kulturochkuriosa.se\/butik2\/wp-content\/uploads\/2015\/02\/S9-snaps.jpg\" class=\"gallery_colorbox\"><img loading=\"lazy\" class=\"aligncenter size-medium wp-image-832\" src=\"http:\/\/kulturochkuriosa.se\/butik2\/wp-content\/uploads\/2015\/02\/S9-snaps-225x300.jpg\"  alt=\"S9 snaps\" width=\"80%\" height=\"auto\" srcset=\"https:\/\/kulturochkuriosa.se\/butik2\/wp-content\/uploads\/2015\/02\/S9-snaps-225x300.jpg 225w, https:\/\/kulturochkuriosa.se\/butik2\/wp-content\/uploads\/2015\/02\/S9-snaps-768x1024.jpg 768w, https:\/\/kulturochkuriosa.se\/butik2\/wp-content\/uploads\/2015\/02\/S9-snaps.jpg 850w\" sizes=\"(max-width: 225px) 100vw, 225px\" \/><\/a><\/td>\n<td style=\"border: 2px solid #f5f0f0; width: 25%;\"><a href=\"http:\/\/kulturochkuriosa.se\/butik2\/wp-content\/uploads\/2015\/02\/S9-stvin.jpg\" class=\"gallery_colorbox\" rel=\"attachment wp-att-834\"><img loading=\"lazy\" class=\"aligncenter size-medium wp-image-834\" src=\"http:\/\/kulturochkuriosa.se\/butik2\/wp-content\/uploads\/2015\/02\/S9-stvin-225x300.jpg\"  alt=\"S9 stvin\" width=\"80%\" height=\"auto\" srcset=\"https:\/\/kulturochkuriosa.se\/butik2\/wp-content\/uploads\/2015\/02\/S9-stvin-225x300.jpg 225w, https:\/\/kulturochkuriosa.se\/butik2\/wp-content\/uploads\/2015\/02\/S9-stvin-768x1024.jpg 768w, https:\/\/kulturochkuriosa.se\/butik2\/wp-content\/uploads\/2015\/02\/S9-stvin.jpg 850w\" sizes=\"(max-width: 225px) 100vw, 225px\" \/><\/a><\/td>\n<td style=\"border: 2px solid #f5f0f0; width: 25%;\"><a href=\"http:\/\/kulturochkuriosa.se\/butik2\/wp-content\/uploads\/2015\/02\/S9-lik\u00f6r.jpg\" class=\"gallery_colorbox\" rel=\"attachment wp-att-835\"><img loading=\"lazy\" class=\"aligncenter size-medium wp-image-835\" src=\"http:\/\/kulturochkuriosa.se\/butik2\/wp-content\/uploads\/2015\/02\/S9-lik\u00f6r-225x300.jpg\"  alt=\"S9 lik\u00f6r\" width=\"80%\" height=\"auto\" srcset=\"https:\/\/kulturochkuriosa.se\/butik2\/wp-content\/uploads\/2015\/02\/S9-lik\u00f6r-225x300.jpg 225w, https:\/\/kulturochkuriosa.se\/butik2\/wp-content\/uploads\/2015\/02\/S9-lik\u00f6r-768x1024.jpg 768w, https:\/\/kulturochkuriosa.se\/butik2\/wp-content\/uploads\/2015\/02\/S9-lik\u00f6r.jpg 850w\" sizes=\"(max-width: 225px) 100vw, 225px\" \/><\/a><\/td>\n<\/tr>\n<tr style=\"vertical-align: top; background-color: #d4d4d4;\">\n<td style=\"border: 2px solid #f5f0f0; width: 25%;\">\u00d6lglas modell S9, L\u00f6fsta. Formgivet av Gerda Str\u00f6mberg p\u00e5 1930-talet. H\u00f6jd 13,5 cm dia 8,5 cm, pris 300:-.<\/td>\n<td style=\"border: 2px solid #f5f0f0; width: 25%;\">\u00a0Snapsglas modell S9, L\u00f6fsta. H\u00f6jd 9,5 cm, dia 5 cm, pris 200:-.<\/td>\n<td style=\"border: 2px solid #f5f0f0; width: 25%;\">\u00a0Starkvinsglas modell S9, L\u00f6fsta. H\u00f6jd 9 cm, dia 5,5 cm, pris 180:-.<\/td>\n<td style=\"border: 2px solid #f5f0f0; width: 25%;\">\u00a0Lik\u00f6rglas modell S9, L\u00f6fsta. H\u00f6jd 7,5 cm, dia 4,5 cm, pris 120:-.<\/td>\n<\/tr>\n<\/tbody>\n<\/table>\n<p>&nbsp;<\/p>\n<div><\/div>\n","protected":false},"excerpt":{"rendered":"<p>Fler vackra serviser, de flesta formgivna av Gerda Str\u00f6mberg. \u00d6lglas modell S9, L\u00f6fsta. Formgivet av Gerda Str\u00f6mberg p\u00e5 1930-talet. H\u00f6jd 13,5 cm dia 8,5 cm, pris 300:-. \u00a0Snapsglas modell S9, L\u00f6fsta. H\u00f6jd 9,5 cm, dia 5 cm, pris 200:-. \u00a0Starkvinsglas modell S9, L\u00f6fsta. H\u00f6jd 9 cm, dia 5,5 cm, pris 180:-. \u00a0Lik\u00f6rglas modell S9, L\u00f6fsta. <a href='https:\/\/kulturochkuriosa.se\/butik2\/glas\/strombergshyttan\/servisglas\/' class='excerpt-more'>[&#8230;]<\/a><\/p>\n","protected":false},"author":2,"featured_media":0,"parent":477,"menu_order":20,"comment_status":"closed","ping_status":"closed","template":"","meta":[],"_links":{"self":[{"href":"https:\/\/kulturochkuriosa.se\/butik2\/wp-json\/wp\/v2\/pages\/491"}],"collection":[{"href":"https:\/\/kulturochkuriosa.se\/butik2\/wp-json\/wp\/v2\/pages"}],"about":[{"href":"https:\/\/kulturochkuriosa.se\/butik2\/wp-json\/wp\/v2\/types\/page"}],"author":[{"embeddable":true,"href":"https:\/\/kulturochkuriosa.se\/butik2\/wp-json\/wp\/v2\/users\/2"}],"replies":[{"embeddable":true,"href":"https:\/\/kulturochkuriosa.se\/butik2\/wp-json\/wp\/v2\/comments?post=491"}],"version-history":[{"count":14,"href":"https:\/\/kulturochkuriosa.se\/butik2\/wp-json\/wp\/v2\/pages\/491\/revisions"}],"predecessor-version":[{"id":1127,"href":"https:\/\/kulturochkuriosa.se\/butik2\/wp-json\/wp\/v2\/pages\/491\/revisions\/1127"}],"up":[{"embeddable":true,"href":"https:\/\/kulturochkuriosa.se\/butik2\/wp-json\/wp\/v2\/pages\/477"}],"wp:attachment":[{"href":"https:\/\/kulturochkuriosa.se\/butik2\/wp-json\/wp\/v2\/media?parent=491"}],"curies":[{"name":"wp","href":"https:\/\/api.w.org\/{rel}","templated":true}]}}