{"id":362,"date":"2015-02-03T10:11:33","date_gmt":"2015-02-03T09:11:33","guid":{"rendered":"http:\/\/kulturochkuriosa.se\/butik2\/?page_id=362"},"modified":"2016-11-21T12:02:14","modified_gmt":"2016-11-21T11:02:14","slug":"servisglas","status":"publish","type":"page","link":"https:\/\/kulturochkuriosa.se\/butik2\/glas\/aldre-anonymt\/servisglas\/","title":{"rendered":"Servisglas"},"content":{"rendered":"<p>H\u00e4r finns b\u00e5de hyttarbetat och slipat glas, bland de slipade \u00e4r de mest k\u00e4nda modellerna Bror, Helga, Juno och Ulle, men det fanns m\u00e4ngder med andra.<\/p>\n<table style=\"height: auto; background-color: #b4b4b4; width: 100%;\" border=\"4\">\n<tbody>\n<tr>\n<td style=\"border: 2px solid #f5f0f0; width: 25%;\"><a href=\"http:\/\/kulturochkuriosa.se\/butik2\/wp-content\/uploads\/2015\/02\/parkaraffer.jpg\" class=\"gallery_colorbox\" rel=\"attachment wp-att-994\"><img loading=\"lazy\" class=\"aligncenter size-medium wp-image-994\" src=\"http:\/\/kulturochkuriosa.se\/butik2\/wp-content\/uploads\/2015\/02\/parkaraffer-300x225.jpg\"  alt=\"parkaraffer\" width=\"100%\" height=\"auto\" srcset=\"https:\/\/kulturochkuriosa.se\/butik2\/wp-content\/uploads\/2015\/02\/parkaraffer-300x225.jpg 300w, https:\/\/kulturochkuriosa.se\/butik2\/wp-content\/uploads\/2015\/02\/parkaraffer-768x576.jpg 768w, https:\/\/kulturochkuriosa.se\/butik2\/wp-content\/uploads\/2015\/02\/parkaraffer-1024x768.jpg 1024w, https:\/\/kulturochkuriosa.se\/butik2\/wp-content\/uploads\/2015\/02\/parkaraffer.jpg 1134w\" sizes=\"(max-width: 300px) 100vw, 300px\" \/><\/a><\/td>\n<td style=\"border: 2px solid #f5f0f0; width: 25%;\"><a href=\"http:\/\/kulturochkuriosa.se\/butik2\/wp-content\/uploads\/2015\/02\/vattenglas-fasettslipade-med-guldkant.jpg\" class=\"gallery_colorbox\"><img loading=\"lazy\" class=\"aligncenter size-medium wp-image-578\" src=\"http:\/\/kulturochkuriosa.se\/butik2\/wp-content\/uploads\/2015\/02\/vattenglas-fasettslipade-med-guldkant-300x225.jpg\"  alt=\"vattenglas fasettslipade med guldkant\" width=\"100%\" height=\"auto\" srcset=\"https:\/\/kulturochkuriosa.se\/butik2\/wp-content\/uploads\/2015\/02\/vattenglas-fasettslipade-med-guldkant-300x225.jpg 300w, https:\/\/kulturochkuriosa.se\/butik2\/wp-content\/uploads\/2015\/02\/vattenglas-fasettslipade-med-guldkant-1024x768.jpg 1024w, https:\/\/kulturochkuriosa.se\/butik2\/wp-content\/uploads\/2015\/02\/vattenglas-fasettslipade-med-guldkant.jpg 1134w\" sizes=\"(max-width: 300px) 100vw, 300px\" \/><\/a><\/td>\n<td style=\"border: 2px solid #f5f0f0; width: 25%;\">\u00a0<a href=\"http:\/\/kulturochkuriosa.se\/butik2\/wp-content\/uploads\/2015\/02\/halv-facett-fotglas.jpg\" class=\"gallery_colorbox\"><img loading=\"lazy\" class=\"aligncenter size-medium wp-image-581\" src=\"http:\/\/kulturochkuriosa.se\/butik2\/wp-content\/uploads\/2015\/02\/halv-facett-fotglas-225x300.jpg\"  alt=\"halv facett fotglas\" width=\"80%\" height=\"auto\" srcset=\"https:\/\/kulturochkuriosa.se\/butik2\/wp-content\/uploads\/2015\/02\/halv-facett-fotglas-225x300.jpg 225w, https:\/\/kulturochkuriosa.se\/butik2\/wp-content\/uploads\/2015\/02\/halv-facett-fotglas-768x1024.jpg 768w, https:\/\/kulturochkuriosa.se\/butik2\/wp-content\/uploads\/2015\/02\/halv-facett-fotglas.jpg 850w\" sizes=\"(max-width: 225px) 100vw, 225px\" \/><\/a><\/td>\n<td style=\"border: 2px solid #f5f0f0; width: 25%;\">\u00a0<a href=\"http:\/\/kulturochkuriosa.se\/butik2\/wp-content\/uploads\/2015\/02\/fj\u00e4llslipat-snapsglas.jpg\" class=\"gallery_colorbox\"><img loading=\"lazy\" class=\"aligncenter size-medium wp-image-583\" src=\"http:\/\/kulturochkuriosa.se\/butik2\/wp-content\/uploads\/2015\/02\/fj\u00e4llslipat-snapsglas-225x300.jpg\"  alt=\"fj\u00e4llslipat snapsglas\" width=\"80%\" height=\"auto\" srcset=\"https:\/\/kulturochkuriosa.se\/butik2\/wp-content\/uploads\/2015\/02\/fj\u00e4llslipat-snapsglas-225x300.jpg 225w, https:\/\/kulturochkuriosa.se\/butik2\/wp-content\/uploads\/2015\/02\/fj\u00e4llslipat-snapsglas-768x1024.jpg 768w, https:\/\/kulturochkuriosa.se\/butik2\/wp-content\/uploads\/2015\/02\/fj\u00e4llslipat-snapsglas.jpg 850w\" sizes=\"(max-width: 225px) 100vw, 225px\" \/><\/a><\/td>\n<\/tr>\n<tr style=\"vertical-align: top; background-color: #d4d4d4;\">\n<td style=\"border: 2px solid #f5f0f0; width: 25%;\">\u00a0Mycket ovanliga parkaraffer med en fantastisk slipning., tillverkade runt sekelskiftet 1900. H\u00f6jd 31 cm inkl propp, pris 1500:- f\u00f6r paret.<\/td>\n<td style=\"border: 2px solid #f5f0f0; width: 25%;\">\u00a0Fasettslipade vattenglas med guldkant. H\u00f6jd 9 cm, dia 5,5 cm vid mynningen, pris 50:- st. Det finns hela 18 st, s\u00e5 man kan ha ett stort kalas.<\/td>\n<td style=\"border: 2px solid #f5f0f0; width: 25%;\">\u00a0Fotglas \u201dhalv facett\u201d fr\u00e5n andra halvan av 1800-talet, h\u00f6jd 13 cm, dia 6 cm, pris 500:- f\u00f6r 6 st.<\/td>\n<td style=\"border: 2px solid #f5f0f0; width: 25%;\">\u00a0Vackra snapsglas, fj\u00e4llslipade b\u00e5de p\u00e5 ben och kupa. Munbl\u00e5sta med trevligt liv i glaset. 100:- per styck.<\/td>\n<\/tr>\n<tr>\n<td style=\"border: 2px solid #f5f0f0; width: 25%;\"><a href=\"http:\/\/kulturochkuriosa.se\/butik2\/wp-content\/uploads\/2015\/02\/lina-vinglas-3.jpg\" class=\"gallery_colorbox\"><img loading=\"lazy\" class=\"aligncenter size-medium wp-image-733\" src=\"http:\/\/kulturochkuriosa.se\/butik2\/wp-content\/uploads\/2015\/02\/lina-vinglas-3-225x300.jpg\"  alt=\"lina vinglas-3\" width=\"80%\" height=\"auto\" srcset=\"https:\/\/kulturochkuriosa.se\/butik2\/wp-content\/uploads\/2015\/02\/lina-vinglas-3-225x300.jpg 225w, https:\/\/kulturochkuriosa.se\/butik2\/wp-content\/uploads\/2015\/02\/lina-vinglas-3-768x1024.jpg 768w, https:\/\/kulturochkuriosa.se\/butik2\/wp-content\/uploads\/2015\/02\/lina-vinglas-3.jpg 850w\" sizes=\"(max-width: 225px) 100vw, 225px\" \/><\/a><\/td>\n<td style=\"border: 2px solid #f5f0f0; width: 25%;\"><a href=\"http:\/\/kulturochkuriosa.se\/butik2\/wp-content\/uploads\/2015\/02\/lina-snapsglas.jpg\" class=\"gallery_colorbox\"><img loading=\"lazy\" class=\"aligncenter size-medium wp-image-735\" src=\"http:\/\/kulturochkuriosa.se\/butik2\/wp-content\/uploads\/2015\/02\/lina-snapsglas-225x300.jpg\"  alt=\"lina snapsglas\" width=\"80%\" height=\"auto\" srcset=\"https:\/\/kulturochkuriosa.se\/butik2\/wp-content\/uploads\/2015\/02\/lina-snapsglas-225x300.jpg 225w, https:\/\/kulturochkuriosa.se\/butik2\/wp-content\/uploads\/2015\/02\/lina-snapsglas-768x1024.jpg 768w, https:\/\/kulturochkuriosa.se\/butik2\/wp-content\/uploads\/2015\/02\/lina-snapsglas.jpg 850w\" sizes=\"(max-width: 225px) 100vw, 225px\" \/><\/a><\/td>\n<td style=\"border: 2px solid #f5f0f0; width: 25%;\"><a href=\"http:\/\/kulturochkuriosa.se\/butik2\/wp-content\/uploads\/2015\/02\/ulle-\u00f6lkupor.jpg\" class=\"gallery_colorbox\" rel=\"attachment wp-att-996\"><img loading=\"lazy\" class=\"aligncenter size-medium wp-image-996\" src=\"http:\/\/kulturochkuriosa.se\/butik2\/wp-content\/uploads\/2015\/02\/ulle-\u00f6lkupor-300x225.jpg\"  alt=\"ulle \u00f6lkupor\" width=\"100%\" height=\"auto\" srcset=\"https:\/\/kulturochkuriosa.se\/butik2\/wp-content\/uploads\/2015\/02\/ulle-\u00f6lkupor-300x225.jpg 300w, https:\/\/kulturochkuriosa.se\/butik2\/wp-content\/uploads\/2015\/02\/ulle-\u00f6lkupor-768x576.jpg 768w, https:\/\/kulturochkuriosa.se\/butik2\/wp-content\/uploads\/2015\/02\/ulle-\u00f6lkupor-1024x768.jpg 1024w, https:\/\/kulturochkuriosa.se\/butik2\/wp-content\/uploads\/2015\/02\/ulle-\u00f6lkupor.jpg 1134w\" sizes=\"(max-width: 300px) 100vw, 300px\" \/><\/a><\/td>\n<td style=\"border: 2px solid #f5f0f0; width: 25%;\"><\/td>\n<\/tr>\n<tr style=\"vertical-align: top; background-color: #d4d4d4;\">\n<td style=\"border: 2px solid #f5f0f0; width: 25%;\">Pantograferat vinglas, modellen tillverkades p\u00e5 flera glasbruk, bl.a. under namnet Lina p\u00e5 Kosta och Skruf. H\u00f6jd 15,5 cm, dia 7,5 cm, pris 125:-. <strong>Tillf\u00e4lligt slut.<\/strong><\/td>\n<td style=\"border: 2px solid #f5f0f0; width: 25%;\">\u00a0Snapsglas i samma modell, h\u00f6jd 14 cm, dia 5 cm, pris 100:-.<\/td>\n<td style=\"border: 2px solid #f5f0f0; width: 25%;\">\u00a0Ulle, \u00f6lglas som v\u00e4l idag anv\u00e4nds f\u00f6r r\u00f6dvin, h\u00f6jd 15 cm, pris 200:- per styck.<\/td>\n<td style=\"border: 2px solid #f5f0f0; width: 25%;\"><\/td>\n<\/tr>\n<tr>\n<td style=\"border: 2px solid #f5f0f0; background-color: #444444; width: 25%; text-align: center;\" colspan=\"4\"><span style=\"color: #ffffff;\">S\u00e5lda produkter<br \/>\n<\/span><\/td>\n<\/tr>\n<tr>\n<td style=\"border: 2px solid #f5f0f0; width: 25%;\"><a href=\"http:\/\/kulturochkuriosa.se\/butik2\/wp-content\/uploads\/2015\/02\/rutslipad-punschkanna.jpg\" class=\"gallery_colorbox\"><img loading=\"lazy\" class=\"aligncenter size-medium wp-image-577\" src=\"http:\/\/kulturochkuriosa.se\/butik2\/wp-content\/uploads\/2015\/02\/rutslipad-punschkanna-225x300.jpg\"  alt=\"rutslipad punschkanna\" width=\"80%\" height=\"auto\" srcset=\"https:\/\/kulturochkuriosa.se\/butik2\/wp-content\/uploads\/2015\/02\/rutslipad-punschkanna-225x300.jpg 225w, https:\/\/kulturochkuriosa.se\/butik2\/wp-content\/uploads\/2015\/02\/rutslipad-punschkanna-768x1024.jpg 768w, https:\/\/kulturochkuriosa.se\/butik2\/wp-content\/uploads\/2015\/02\/rutslipad-punschkanna.jpg 850w\" sizes=\"(max-width: 225px) 100vw, 225px\" \/><\/a><\/td>\n<td style=\"border: 2px solid #f5f0f0; width: 25%;\"><\/td>\n<td style=\"border: 2px solid #f5f0f0; width: 25%;\"><\/td>\n<td style=\"border: 2px solid #f5f0f0; width: 25%;\"><\/td>\n<\/tr>\n<tr style=\"vertical-align: top; background-color: #d4d4d4;\">\n<td style=\"border: 2px solid #f5f0f0; width: 25%;\">En rutslipad punschkanna, l\u00e4mplig till diverse drycker. Fint skick, bara lite antydan till disighet, inga naggar. H\u00f6jd 30 cm, <del>pris 400:-.<\/del> <strong>S\u00e5ld.<\/strong><\/td>\n<td style=\"border: 2px solid #f5f0f0; width: 25%;\"><\/td>\n<td style=\"border: 2px solid #f5f0f0; width: 25%;\"><\/td>\n<td style=\"border: 2px solid #f5f0f0; width: 25%;\"><\/td>\n<\/tr>\n<\/tbody>\n<\/table>\n<p>&nbsp;<\/p>\n","protected":false},"excerpt":{"rendered":"<p>H\u00e4r finns b\u00e5de hyttarbetat och slipat glas, bland de slipade \u00e4r de mest k\u00e4nda modellerna Bror, Helga, Juno och Ulle, men det fanns m\u00e4ngder med andra. \u00a0 \u00a0 \u00a0Mycket ovanliga parkaraffer med en fantastisk slipning., tillverkade runt sekelskiftet 1900. H\u00f6jd 31 cm inkl propp, pris 1500:- f\u00f6r paret. \u00a0Fasettslipade vattenglas med guldkant. H\u00f6jd 9 cm, <a href='https:\/\/kulturochkuriosa.se\/butik2\/glas\/aldre-anonymt\/servisglas\/' class='excerpt-more'>[&#8230;]<\/a><\/p>\n","protected":false},"author":2,"featured_media":0,"parent":99,"menu_order":60,"comment_status":"closed","ping_status":"closed","template":"","meta":[],"_links":{"self":[{"href":"https:\/\/kulturochkuriosa.se\/butik2\/wp-json\/wp\/v2\/pages\/362"}],"collection":[{"href":"https:\/\/kulturochkuriosa.se\/butik2\/wp-json\/wp\/v2\/pages"}],"about":[{"href":"https:\/\/kulturochkuriosa.se\/butik2\/wp-json\/wp\/v2\/types\/page"}],"author":[{"embeddable":true,"href":"https:\/\/kulturochkuriosa.se\/butik2\/wp-json\/wp\/v2\/users\/2"}],"replies":[{"embeddable":true,"href":"https:\/\/kulturochkuriosa.se\/butik2\/wp-json\/wp\/v2\/comments?post=362"}],"version-history":[{"count":15,"href":"https:\/\/kulturochkuriosa.se\/butik2\/wp-json\/wp\/v2\/pages\/362\/revisions"}],"predecessor-version":[{"id":1070,"href":"https:\/\/kulturochkuriosa.se\/butik2\/wp-json\/wp\/v2\/pages\/362\/revisions\/1070"}],"up":[{"embeddable":true,"href":"https:\/\/kulturochkuriosa.se\/butik2\/wp-json\/wp\/v2\/pages\/99"}],"wp:attachment":[{"href":"https:\/\/kulturochkuriosa.se\/butik2\/wp-json\/wp\/v2\/media?parent=362"}],"curies":[{"name":"wp","href":"https:\/\/api.w.org\/{rel}","templated":true}]}}