{"id":310,"date":"2015-01-28T17:26:45","date_gmt":"2015-01-28T16:26:45","guid":{"rendered":"http:\/\/kulturochkuriosa.se\/butik2\/?page_id=310"},"modified":"2018-01-27T12:38:58","modified_gmt":"2018-01-27T11:38:58","slug":"servisglas","status":"publish","type":"page","link":"https:\/\/kulturochkuriosa.se\/butik2\/glas\/gullaskruf\/servisglas\/","title":{"rendered":"Servisglas"},"content":{"rendered":"<p>\u00c4ven om inte Gullaskruf h\u00f6rde till de glasbruk som gjorde flest serviser finns det m\u00e5nga trevliga modeller, framf\u00f6rallt formgivna av Hugo Gehlin och William Stenberg.<\/p>\n<table style=\"height: auto; background-color: #b4b4b4; width: 100%;\" border=\"4\">\n<tbody>\n<tr>\n<td style=\"border: 2px solid #f5f0f0; width: 25%;\"><a href=\"http:\/\/kulturochkuriosa.se\/butik2\/wp-content\/uploads\/2015\/01\/sex-snaps-Gx-30.jpg\" class=\"gallery_colorbox\"><img loading=\"lazy\" class=\"aligncenter size-medium wp-image-607\" src=\"http:\/\/kulturochkuriosa.se\/butik2\/wp-content\/uploads\/2015\/01\/sex-snaps-Gx-30-300x225.jpg\"  alt=\"sex snaps Gx-30\" width=\"100%\" height=\"auto\" srcset=\"https:\/\/kulturochkuriosa.se\/butik2\/wp-content\/uploads\/2015\/01\/sex-snaps-Gx-30-300x225.jpg 300w, https:\/\/kulturochkuriosa.se\/butik2\/wp-content\/uploads\/2015\/01\/sex-snaps-Gx-30-1024x768.jpg 1024w, https:\/\/kulturochkuriosa.se\/butik2\/wp-content\/uploads\/2015\/01\/sex-snaps-Gx-30.jpg 1134w\" sizes=\"(max-width: 300px) 100vw, 300px\" \/><\/a><\/td>\n<td style=\"border: 2px solid #f5f0f0; width: 25%;\"><a href=\"http:\/\/kulturochkuriosa.se\/butik2\/wp-content\/uploads\/2015\/01\/snapsglas-gehlin-grupp.jpg\" class=\"gallery_colorbox\"><img loading=\"lazy\" class=\"aligncenter size-medium wp-image-609\" src=\"http:\/\/kulturochkuriosa.se\/butik2\/wp-content\/uploads\/2015\/01\/snapsglas-gehlin-grupp-300x225.jpg\"  alt=\"snapsglas gehlin grupp\" width=\"100%\" height=\"auto\" srcset=\"https:\/\/kulturochkuriosa.se\/butik2\/wp-content\/uploads\/2015\/01\/snapsglas-gehlin-grupp-300x225.jpg 300w, https:\/\/kulturochkuriosa.se\/butik2\/wp-content\/uploads\/2015\/01\/snapsglas-gehlin-grupp-1024x768.jpg 1024w, https:\/\/kulturochkuriosa.se\/butik2\/wp-content\/uploads\/2015\/01\/snapsglas-gehlin-grupp.jpg 1134w\" sizes=\"(max-width: 300px) 100vw, 300px\" \/><\/a><\/td>\n<td style=\"border: 2px solid #f5f0f0; width: 25%;\"><a href=\"http:\/\/kulturochkuriosa.se\/butik2\/wp-content\/uploads\/2015\/01\/vit-flaska-gehlin.jpg\" class=\"gallery_colorbox\"><img loading=\"lazy\" class=\"aligncenter size-medium wp-image-611\" src=\"http:\/\/kulturochkuriosa.se\/butik2\/wp-content\/uploads\/2015\/01\/vit-flaska-gehlin-225x300.jpg\"  alt=\"vit flaska gehlin\" width=\"80%\" height=\"auto\" srcset=\"https:\/\/kulturochkuriosa.se\/butik2\/wp-content\/uploads\/2015\/01\/vit-flaska-gehlin-225x300.jpg 225w, https:\/\/kulturochkuriosa.se\/butik2\/wp-content\/uploads\/2015\/01\/vit-flaska-gehlin-768x1024.jpg 768w, https:\/\/kulturochkuriosa.se\/butik2\/wp-content\/uploads\/2015\/01\/vit-flaska-gehlin.jpg 850w\" sizes=\"(max-width: 225px) 100vw, 225px\" \/><\/a><\/td>\n<td style=\"border: 2px solid #f5f0f0; width: 25%;\">\u00a0<a href=\"http:\/\/kulturochkuriosa.se\/butik2\/wp-content\/uploads\/2015\/01\/flaskor-v\u00e4xj\u00f6.jpg\" class=\"gallery_colorbox\"><img loading=\"lazy\" class=\"aligncenter size-medium wp-image-615\" src=\"http:\/\/kulturochkuriosa.se\/butik2\/wp-content\/uploads\/2015\/01\/flaskor-v\u00e4xj\u00f6-300x225.jpg\"  alt=\"flaskor v\u00e4xj\u00f6\" width=\"100%\" height=\"auto\" srcset=\"https:\/\/kulturochkuriosa.se\/butik2\/wp-content\/uploads\/2015\/01\/flaskor-v\u00e4xj\u00f6-300x225.jpg 300w, https:\/\/kulturochkuriosa.se\/butik2\/wp-content\/uploads\/2015\/01\/flaskor-v\u00e4xj\u00f6-1024x768.jpg 1024w, https:\/\/kulturochkuriosa.se\/butik2\/wp-content\/uploads\/2015\/01\/flaskor-v\u00e4xj\u00f6.jpg 1134w\" sizes=\"(max-width: 300px) 100vw, 300px\" \/><\/a><\/td>\n<\/tr>\n<tr style=\"vertical-align: top; background-color: #d4d4d4;\">\n<td style=\"border: 2px solid #f5f0f0; width: 25%;\">Snapsglas, formgivna av Hugo Gehlin, h\u00f6jd 7,5 cm, pris 100:- per styck.<\/td>\n<td style=\"border: 2px solid #f5f0f0; width: 25%;\">Snapsglas, formgivna av Hugo Gehlin, h\u00f6jd 10 cm, pris 100:- per styck.<\/td>\n<td style=\"border: 2px solid #f5f0f0; width: 25%;\">Br\u00e4nnvinsflaska, hyttdesign. Pris 250:-.<\/td>\n<td style=\"border: 2px solid #f5f0f0; width: 25%;\">\u00a0Flaskor \u201dV\u00e4xj\u00f6\u201d i traditionell stil, h\u00f6jd c:a 15 cm, pris 250:- per styck.<\/td>\n<\/tr>\n<tr>\n<td style=\"border: 2px solid #f5f0f0; width: 25%;\"><a href=\"http:\/\/kulturochkuriosa.se\/butik2\/wp-content\/uploads\/2015\/01\/sex-gr\u00f6na-snapsglas.jpg\" class=\"gallery_colorbox\" rel=\"attachment wp-att-880\"><img loading=\"lazy\" class=\"aligncenter size-medium wp-image-880\" src=\"http:\/\/kulturochkuriosa.se\/butik2\/wp-content\/uploads\/2015\/01\/sex-gr\u00f6na-snapsglas-300x225.jpg\"  alt=\"sex gr\u00f6na snapsglas\" width=\"100%\" height=\"auto\" srcset=\"https:\/\/kulturochkuriosa.se\/butik2\/wp-content\/uploads\/2015\/01\/sex-gr\u00f6na-snapsglas-300x225.jpg 300w, https:\/\/kulturochkuriosa.se\/butik2\/wp-content\/uploads\/2015\/01\/sex-gr\u00f6na-snapsglas-768x576.jpg 768w, https:\/\/kulturochkuriosa.se\/butik2\/wp-content\/uploads\/2015\/01\/sex-gr\u00f6na-snapsglas-1024x768.jpg 1024w, https:\/\/kulturochkuriosa.se\/butik2\/wp-content\/uploads\/2015\/01\/sex-gr\u00f6na-snapsglas.jpg 1134w\" sizes=\"(max-width: 300px) 100vw, 300px\" \/><\/a><\/td>\n<td style=\"border: 2px solid #f5f0f0; width: 25%;\"><a href=\"http:\/\/kulturochkuriosa.se\/butik2\/wp-content\/uploads\/2015\/01\/12-gr\u00f6na-remmare.jpg\" class=\"gallery_colorbox\"><img loading=\"lazy\" class=\"aligncenter size-medium wp-image-1008\" src=\"http:\/\/kulturochkuriosa.se\/butik2\/wp-content\/uploads\/2015\/01\/12-gr\u00f6na-remmare-300x225.jpg\"  alt=\"12 gr\u00f6na remmare\" width=\"100%\" height=\"auto\" srcset=\"https:\/\/kulturochkuriosa.se\/butik2\/wp-content\/uploads\/2015\/01\/12-gr\u00f6na-remmare-300x225.jpg 300w, https:\/\/kulturochkuriosa.se\/butik2\/wp-content\/uploads\/2015\/01\/12-gr\u00f6na-remmare-768x576.jpg 768w, https:\/\/kulturochkuriosa.se\/butik2\/wp-content\/uploads\/2015\/01\/12-gr\u00f6na-remmare-1024x768.jpg 1024w, https:\/\/kulturochkuriosa.se\/butik2\/wp-content\/uploads\/2015\/01\/12-gr\u00f6na-remmare.jpg 1134w\" sizes=\"(max-width: 300px) 100vw, 300px\" \/><\/a><\/td>\n<td style=\"border: 2px solid #f5f0f0; width: 25%;\"><a href=\"http:\/\/kulturochkuriosa.se\/butik2\/wp-content\/uploads\/2015\/01\/lik\u00f6rservis.jpg\" class=\"gallery_colorbox\"><img loading=\"lazy\" class=\"aligncenter size-medium wp-image-1010\" src=\"http:\/\/kulturochkuriosa.se\/butik2\/wp-content\/uploads\/2015\/01\/lik\u00f6rservis-300x225.jpg\"  alt=\"lik\u00f6rservis\" width=\"100%\" height=\"auto\" srcset=\"https:\/\/kulturochkuriosa.se\/butik2\/wp-content\/uploads\/2015\/01\/lik\u00f6rservis-300x225.jpg 300w, https:\/\/kulturochkuriosa.se\/butik2\/wp-content\/uploads\/2015\/01\/lik\u00f6rservis-768x576.jpg 768w, https:\/\/kulturochkuriosa.se\/butik2\/wp-content\/uploads\/2015\/01\/lik\u00f6rservis-1024x768.jpg 1024w, https:\/\/kulturochkuriosa.se\/butik2\/wp-content\/uploads\/2015\/01\/lik\u00f6rservis.jpg 1134w\" sizes=\"(max-width: 300px) 100vw, 300px\" \/><\/a><\/td>\n<td style=\"border: 2px solid #f5f0f0; width: 25%;\"><a href=\"http:\/\/kulturochkuriosa.se\/butik2\/wp-content\/uploads\/2018\/01\/\u00f6l-och-snaps-stockholm.jpg\" class=\"gallery_colorbox\"><img loading=\"lazy\" class=\"aligncenter size-medium wp-image-1113\" src=\"http:\/\/kulturochkuriosa.se\/butik2\/wp-content\/uploads\/2018\/01\/\u00f6l-och-snaps-stockholm-300x225.jpg\"  alt=\"\" width=\"100%\" height=\"auto\" srcset=\"https:\/\/kulturochkuriosa.se\/butik2\/wp-content\/uploads\/2018\/01\/\u00f6l-och-snaps-stockholm-300x225.jpg 300w, https:\/\/kulturochkuriosa.se\/butik2\/wp-content\/uploads\/2018\/01\/\u00f6l-och-snaps-stockholm-768x576.jpg 768w, https:\/\/kulturochkuriosa.se\/butik2\/wp-content\/uploads\/2018\/01\/\u00f6l-och-snaps-stockholm-1024x768.jpg 1024w, https:\/\/kulturochkuriosa.se\/butik2\/wp-content\/uploads\/2018\/01\/\u00f6l-och-snaps-stockholm.jpg 1134w\" sizes=\"(max-width: 300px) 100vw, 300px\" \/><\/a><\/td>\n<\/tr>\n<tr style=\"vertical-align: top; background-color: #d4d4d4;\">\n<td style=\"border: 2px solid #f5f0f0; width: 25%;\">Snapsglas, enligt etikett Arthur Percy men troligen formgivna av William Stenberg, h\u00f6jd 10 cm, pris 600:- f\u00f6r alla sex.<\/td>\n<td style=\"border: 2px solid #f5f0f0; width: 25%;\">\u00a0Remmare, en del med Gullaskrufetikett, en del med Royal Krona. H\u00f6jd 19,5 cm, pris 180:- per styck.<\/td>\n<td style=\"border: 2px solid #f5f0f0; width: 25%;\">\u00a0En b\u00e5de l\u00e4cker och ovanlig lik\u00f6rservis, formgiven av Hugo Gehlin. Pris 2100:-.<\/td>\n<td style=\"border: 2px solid #f5f0f0; width: 25%;\">\u00a0\u00d6l och snaps med dekor &#8221;Stockholm&#8221;, pris 400:- f\u00f6r setet.<\/td>\n<\/tr>\n<\/tbody>\n<\/table>\n<p>&nbsp;<\/p>\n<div><\/div>\n<div><\/div>\n","protected":false},"excerpt":{"rendered":"<p>\u00c4ven om inte Gullaskruf h\u00f6rde till de glasbruk som gjorde flest serviser finns det m\u00e5nga trevliga modeller, framf\u00f6rallt formgivna av Hugo Gehlin och William Stenberg. \u00a0 Snapsglas, formgivna av Hugo Gehlin, h\u00f6jd 7,5 cm, pris 100:- per styck. Snapsglas, formgivna av Hugo Gehlin, h\u00f6jd 10 cm, pris 100:- per styck. Br\u00e4nnvinsflaska, hyttdesign. Pris 250:-. \u00a0Flaskor <a href='https:\/\/kulturochkuriosa.se\/butik2\/glas\/gullaskruf\/servisglas\/' class='excerpt-more'>[&#8230;]<\/a><\/p>\n","protected":false},"author":2,"featured_media":0,"parent":101,"menu_order":40,"comment_status":"closed","ping_status":"closed","template":"","meta":[],"_links":{"self":[{"href":"https:\/\/kulturochkuriosa.se\/butik2\/wp-json\/wp\/v2\/pages\/310"}],"collection":[{"href":"https:\/\/kulturochkuriosa.se\/butik2\/wp-json\/wp\/v2\/pages"}],"about":[{"href":"https:\/\/kulturochkuriosa.se\/butik2\/wp-json\/wp\/v2\/types\/page"}],"author":[{"embeddable":true,"href":"https:\/\/kulturochkuriosa.se\/butik2\/wp-json\/wp\/v2\/users\/2"}],"replies":[{"embeddable":true,"href":"https:\/\/kulturochkuriosa.se\/butik2\/wp-json\/wp\/v2\/comments?post=310"}],"version-history":[{"count":17,"href":"https:\/\/kulturochkuriosa.se\/butik2\/wp-json\/wp\/v2\/pages\/310\/revisions"}],"predecessor-version":[{"id":1114,"href":"https:\/\/kulturochkuriosa.se\/butik2\/wp-json\/wp\/v2\/pages\/310\/revisions\/1114"}],"up":[{"embeddable":true,"href":"https:\/\/kulturochkuriosa.se\/butik2\/wp-json\/wp\/v2\/pages\/101"}],"wp:attachment":[{"href":"https:\/\/kulturochkuriosa.se\/butik2\/wp-json\/wp\/v2\/media?parent=310"}],"curies":[{"name":"wp","href":"https:\/\/api.w.org\/{rel}","templated":true}]}}