{"id":136,"date":"2015-01-23T14:40:47","date_gmt":"2015-01-23T13:40:47","guid":{"rendered":"http:\/\/kulturochkuriosa.se\/butik2\/?page_id=136"},"modified":"2015-01-23T14:42:23","modified_gmt":"2015-01-23T13:42:23","slug":"porslin","status":"publish","type":"page","link":"https:\/\/kulturochkuriosa.se\/butik2\/porslin\/","title":{"rendered":"Porslin"},"content":{"rendered":"<div class=\"entry-content\">\n<p>\u00c4ven om huvudinriktningen \u00e4r glas s\u00e5 finns det en hel del porslin i butiken, i f\u00f6rsta hand svenskt servisporslin, men \u00e4ven en del annat.<\/p>\n<p>Det \u00e4r s\u00e4llan n\u00e5gra kompletta serviser, d\u00e4remot goda m\u00f6jligheter att komplettera.<\/p>\n<p>De popul\u00e4ra serviserna fr\u00e5n 50-60-talet som Picknick, Bl\u00e5 Eld och Koka dyker upp, men har en f\u00f6rm\u00e5ga att f\u00f6rsvinna snabbt fr\u00e5n butiken.<\/p>\n<\/div>\n","protected":false},"excerpt":{"rendered":"<p>\u00c4ven om huvudinriktningen \u00e4r glas s\u00e5 finns det en hel del porslin i butiken, i f\u00f6rsta hand svenskt servisporslin, men \u00e4ven en del annat. Det \u00e4r s\u00e4llan n\u00e5gra kompletta serviser, d\u00e4remot goda m\u00f6jligheter att komplettera. De popul\u00e4ra serviserna fr\u00e5n 50-60-talet som Picknick, Bl\u00e5 Eld och Koka dyker upp, men har en f\u00f6rm\u00e5ga att f\u00f6rsvinna snabbt <a href='https:\/\/kulturochkuriosa.se\/butik2\/porslin\/' class='excerpt-more'>[&#8230;]<\/a><\/p>\n","protected":false},"author":2,"featured_media":0,"parent":0,"menu_order":30,"comment_status":"closed","ping_status":"closed","template":"","meta":[],"_links":{"self":[{"href":"https:\/\/kulturochkuriosa.se\/butik2\/wp-json\/wp\/v2\/pages\/136"}],"collection":[{"href":"https:\/\/kulturochkuriosa.se\/butik2\/wp-json\/wp\/v2\/pages"}],"about":[{"href":"https:\/\/kulturochkuriosa.se\/butik2\/wp-json\/wp\/v2\/types\/page"}],"author":[{"embeddable":true,"href":"https:\/\/kulturochkuriosa.se\/butik2\/wp-json\/wp\/v2\/users\/2"}],"replies":[{"embeddable":true,"href":"https:\/\/kulturochkuriosa.se\/butik2\/wp-json\/wp\/v2\/comments?post=136"}],"version-history":[{"count":1,"href":"https:\/\/kulturochkuriosa.se\/butik2\/wp-json\/wp\/v2\/pages\/136\/revisions"}],"predecessor-version":[{"id":138,"href":"https:\/\/kulturochkuriosa.se\/butik2\/wp-json\/wp\/v2\/pages\/136\/revisions\/138"}],"wp:attachment":[{"href":"https:\/\/kulturochkuriosa.se\/butik2\/wp-json\/wp\/v2\/media?parent=136"}],"curies":[{"name":"wp","href":"https:\/\/api.w.org\/{rel}","templated":true}]}}