{"id":72,"date":"2014-11-04T17:05:19","date_gmt":"2014-11-04T16:05:19","guid":{"rendered":"http:\/\/kulturochkuriosa.se\/butik2\/?page_id=72"},"modified":"2015-02-02T12:32:52","modified_gmt":"2015-02-02T11:32:52","slug":"kosta","status":"publish","type":"page","link":"http:\/\/kulturochkuriosa.se\/butik2\/glas\/kosta\/","title":{"rendered":"Kosta"},"content":{"rendered":"<p>Det kanske mest anrika bland svenska glasbruk grundat 1742, det ingick mellan 1903 och 1933 i\u00a0AB De Svenska Kristallbruken. 1943 k\u00f6ptes det av Eric \u00c5fors (som tidigare \u00e4gde \u00c5fors), 1947 k\u00f6ptes \u00e4ven Boda.\u00a0 Under 1960-talet f\u00f6rdjupades samarbetet mellan dessa bruk och AB \u00c5forsgruppen bildades formellt 1969. 1972 inf\u00f6rlivades Johansfors och 1975 s\u00e5ldes det hela till Uppsala-Ekeby. 1977 d\u00f6ptes glasbruksdelen inom UE om till Kosta Boda AB och 1990 k\u00f6ptes det av Orrefors d\u00e5 Orrefors Kosta Boda AB bildades. Efter diverse \u00e4garbyten ing\u00e5r det sedan 2005 i New Wave Group. Kosta \u00e4r det enda bruket inom gruppen som fortfarande \u00e4r i drift.<\/p>\n<p>Bland m\u00e4ngder av duktiga formgivare kan n\u00e4mnas Edvin Ollers, Elis Bergh, Vicke Lindstrand, Ann och G\u00f6ran W\u00e4rff.<\/p>\n<table style=\"height: auto; background-color: #b4b4b4; width: 100%;\" border=\"4\">\n<tbody>\n<tr>\n<td><\/td>\n<\/tr>\n<tr>\n<td align=\"center\" width=\"10%\"><\/td>\n<td align=\"center\" width=\"40%\"><a href=\"Servisglas\"><img loading=\"lazy\" class=\"aligncenter size-medium wp-image-347\" src=\"http:\/\/kulturochkuriosa.se\/butik2\/wp-content\/uploads\/2014\/11\/Ulriksdal-m\u00e5nga-vinglas-300x225.jpg\" alt=\"Ulriksdal m\u00e5nga vinglas\" width=\"100%\" height=\"auto\" srcset=\"http:\/\/kulturochkuriosa.se\/butik2\/wp-content\/uploads\/2014\/11\/Ulriksdal-m\u00e5nga-vinglas-300x225.jpg 300w, http:\/\/kulturochkuriosa.se\/butik2\/wp-content\/uploads\/2014\/11\/Ulriksdal-m\u00e5nga-vinglas-1024x768.jpg 1024w, http:\/\/kulturochkuriosa.se\/butik2\/wp-content\/uploads\/2014\/11\/Ulriksdal-m\u00e5nga-vinglas.jpg 1134w\" sizes=\"(max-width: 300px) 100vw, 300px\" \/><\/a> Servisglas<\/td>\n<td align=\"center\" width=\"40%\"><a href=\"Konstglas\"><img loading=\"lazy\" class=\"aligncenter size-medium wp-image-348\" src=\"http:\/\/kulturochkuriosa.se\/butik2\/wp-content\/uploads\/2014\/11\/vas-h\u00f6g-r\u00e4nder-225x300.jpg\" alt=\"vas h\u00f6g r\u00e4nder\" width=\"70%\" height=\"auto\" srcset=\"http:\/\/kulturochkuriosa.se\/butik2\/wp-content\/uploads\/2014\/11\/vas-h\u00f6g-r\u00e4nder-225x300.jpg 225w, http:\/\/kulturochkuriosa.se\/butik2\/wp-content\/uploads\/2014\/11\/vas-h\u00f6g-r\u00e4nder-768x1024.jpg 768w, http:\/\/kulturochkuriosa.se\/butik2\/wp-content\/uploads\/2014\/11\/vas-h\u00f6g-r\u00e4nder.jpg 850w\" sizes=\"(max-width: 225px) 100vw, 225px\" \/><\/a> Konstglas<\/td>\n<td align=\"center\" width=\"10%\"><\/td>\n<\/tr>\n<\/tbody>\n<\/table>\n<p>&nbsp;<\/p>\n","protected":false},"excerpt":{"rendered":"<p>Det kanske mest anrika bland svenska glasbruk grundat 1742, det ingick mellan 1903 och 1933 i\u00a0AB De Svenska Kristallbruken. 1943 k\u00f6ptes det av Eric \u00c5fors (som tidigare \u00e4gde \u00c5fors), 1947 k\u00f6ptes \u00e4ven Boda.\u00a0 Under 1960-talet f\u00f6rdjupades samarbetet mellan dessa bruk och AB \u00c5forsgruppen bildades formellt 1969. 1972 inf\u00f6rlivades Johansfors och 1975 s\u00e5ldes det hela till <a href='http:\/\/kulturochkuriosa.se\/butik2\/glas\/kosta\/' class='excerpt-more'>[&#8230;]<\/a><\/p>\n","protected":false},"author":2,"featured_media":0,"parent":5,"menu_order":400,"comment_status":"closed","ping_status":"closed","template":"","meta":[],"_links":{"self":[{"href":"http:\/\/kulturochkuriosa.se\/butik2\/wp-json\/wp\/v2\/pages\/72"}],"collection":[{"href":"http:\/\/kulturochkuriosa.se\/butik2\/wp-json\/wp\/v2\/pages"}],"about":[{"href":"http:\/\/kulturochkuriosa.se\/butik2\/wp-json\/wp\/v2\/types\/page"}],"author":[{"embeddable":true,"href":"http:\/\/kulturochkuriosa.se\/butik2\/wp-json\/wp\/v2\/users\/2"}],"replies":[{"embeddable":true,"href":"http:\/\/kulturochkuriosa.se\/butik2\/wp-json\/wp\/v2\/comments?post=72"}],"version-history":[{"count":6,"href":"http:\/\/kulturochkuriosa.se\/butik2\/wp-json\/wp\/v2\/pages\/72\/revisions"}],"predecessor-version":[{"id":352,"href":"http:\/\/kulturochkuriosa.se\/butik2\/wp-json\/wp\/v2\/pages\/72\/revisions\/352"}],"up":[{"embeddable":true,"href":"http:\/\/kulturochkuriosa.se\/butik2\/wp-json\/wp\/v2\/pages\/5"}],"wp:attachment":[{"href":"http:\/\/kulturochkuriosa.se\/butik2\/wp-json\/wp\/v2\/media?parent=72"}],"curies":[{"name":"wp","href":"https:\/\/api.w.org\/{rel}","templated":true}]}}