{"id":7,"date":"2014-10-30T16:08:18","date_gmt":"2014-10-30T15:08:18","guid":{"rendered":"http:\/\/kulturochkuriosa.se\/test\/?page_id=7"},"modified":"2020-10-16T16:28:58","modified_gmt":"2020-10-16T14:28:58","slug":"butik","status":"publish","type":"page","link":"http:\/\/kulturochkuriosa.se\/butik2\/","title":{"rendered":"Start"},"content":{"rendered":"<p><img loading=\"lazy\" class=\"aligncenter size-large wp-image-197\" src=\"http:\/\/kulturochkuriosa.se\/butik2\/wp-content\/uploads\/2014\/10\/cocktail-saara-hopea-1024x263.jpg\" alt=\"cocktail saara hopea\" width=\"695\" height=\"179\" srcset=\"http:\/\/kulturochkuriosa.se\/butik2\/wp-content\/uploads\/2014\/10\/cocktail-saara-hopea-1024x263.jpg 1024w, http:\/\/kulturochkuriosa.se\/butik2\/wp-content\/uploads\/2014\/10\/cocktail-saara-hopea-300x77.jpg 300w, http:\/\/kulturochkuriosa.se\/butik2\/wp-content\/uploads\/2014\/10\/cocktail-saara-hopea.jpg 1072w\" sizes=\"(max-width: 695px) 100vw, 695px\" \/><\/p>\n<p>Detta \u00e4r en liten butik med ett f\u00f6rh\u00e5llandevis stort sortiment av prylar, den ligger vid Hagatorget i en av Karlstads \u00e4ldsta stadsdelar, med m\u00e5nga trevliga butiker.<\/p>\n<p>Inriktningen \u00e4r i f\u00f6rsta hand vad som beh\u00f6vs f\u00f6r det dukade bordet, s\u00e5v\u00e4l f\u00f6r vardag som fest, med det klassisk temat &#8221;Vackrare vardagsvara&#8221;.<br \/>\nTyngdpunkten ligger allts\u00e5 p\u00e5 svenskt glas och porslin fr\u00e5n 20- tal till 70-tal, men \u00e4ven f\u00f6rem\u00e5l fr\u00e5n s\u00e5v\u00e4l 1800-talet som 2000-talet.<\/p>\n<p>Dessutom finns det koppar- och m\u00e4ssingf\u00f6rem\u00e5l, lampor, tavlor, ett f\u00e5tal m\u00f6bler och diverse annat trevligt.<\/p>\n<p>F\u00f6rs\u00e4ljningen sker i f\u00f6rsta hand direkt i butiken, men de som inte har f\u00f6rm\u00e5nen att kunna bes\u00f6ka Karlstad kan ju skicka ett mail s\u00e5 f\u00e5r vi f\u00f6rs\u00f6ka ordna det.<\/p>\n<p>Sidan \u00e4r under utveckling och en liten del av sortimentet visas under de olika flikarna ovan.<\/p>\n<p><img loading=\"lazy\" class=\"aligncenter size-full wp-image-789\" src=\"http:\/\/kulturochkuriosa.se\/butik2\/wp-content\/uploads\/2014\/10\/fylgia-10-st1.jpg\" alt=\"fylgia 10 st\" width=\"851\" height=\"351\" srcset=\"http:\/\/kulturochkuriosa.se\/butik2\/wp-content\/uploads\/2014\/10\/fylgia-10-st1.jpg 851w, http:\/\/kulturochkuriosa.se\/butik2\/wp-content\/uploads\/2014\/10\/fylgia-10-st1-300x124.jpg 300w\" sizes=\"(max-width: 851px) 100vw, 851px\" \/><\/p>\n<table style=\"height: auto; background-color: #b4b4b4; width: 100%;\" border=\"4\">\n<tbody>\n<tr>\n<td><\/td>\n<\/tr>\n<tr>\n<td><img loading=\"lazy\" class=\"aligncenter size-medium wp-image-201\" src=\"http:\/\/kulturochkuriosa.se\/butik2\/wp-content\/uploads\/2014\/10\/kina-liten-skal-300x225.jpg\" alt=\"kina liten sk\u00e5l\" width=\"80%\" height=\"auto\" \/><\/td>\n<td><img loading=\"lazy\" class=\"aligncenter size-medium wp-image-202\" src=\"http:\/\/kulturochkuriosa.se\/butik2\/wp-content\/uploads\/2014\/10\/tre-miniatyrer-antikva-300x225.jpg\" alt=\"tre miniatyrer antikva\" width=\"80%\" height=\"auto\" srcset=\"http:\/\/kulturochkuriosa.se\/butik2\/wp-content\/uploads\/2014\/10\/tre-miniatyrer-antikva-300x225.jpg 300w, http:\/\/kulturochkuriosa.se\/butik2\/wp-content\/uploads\/2014\/10\/tre-miniatyrer-antikva-1024x768.jpg 1024w, http:\/\/kulturochkuriosa.se\/butik2\/wp-content\/uploads\/2014\/10\/tre-miniatyrer-antikva.jpg 1134w\" sizes=\"(max-width: 300px) 100vw, 300px\" \/><\/td>\n<td><img loading=\"lazy\" class=\"aligncenter size-medium wp-image-203\" src=\"http:\/\/kulturochkuriosa.se\/butik2\/wp-content\/uploads\/2014\/10\/bersa-smorbytta-300x225.jpg\" alt=\"bers\u00e5 sm\u00f6rbytta\" width=\"80%\" height=\"auto\" \/><\/td>\n<\/tr>\n<tr>\n<td><\/td>\n<\/tr>\n<\/tbody>\n<\/table>\n","protected":false},"excerpt":{"rendered":"<p>Detta \u00e4r en liten butik med ett f\u00f6rh\u00e5llandevis stort sortiment av prylar, den ligger vid Hagatorget i en av Karlstads \u00e4ldsta stadsdelar, med m\u00e5nga trevliga butiker. Inriktningen \u00e4r i f\u00f6rsta hand vad som beh\u00f6vs f\u00f6r det dukade bordet, s\u00e5v\u00e4l f\u00f6r vardag som fest, med det klassisk temat &#8221;Vackrare vardagsvara&#8221;. Tyngdpunkten ligger allts\u00e5 p\u00e5 svenskt glas <a href='http:\/\/kulturochkuriosa.se\/butik2\/' class='excerpt-more'>[&#8230;]<\/a><\/p>\n","protected":false},"author":2,"featured_media":0,"parent":0,"menu_order":0,"comment_status":"closed","ping_status":"closed","template":"","meta":[],"_links":{"self":[{"href":"http:\/\/kulturochkuriosa.se\/butik2\/wp-json\/wp\/v2\/pages\/7"}],"collection":[{"href":"http:\/\/kulturochkuriosa.se\/butik2\/wp-json\/wp\/v2\/pages"}],"about":[{"href":"http:\/\/kulturochkuriosa.se\/butik2\/wp-json\/wp\/v2\/types\/page"}],"author":[{"embeddable":true,"href":"http:\/\/kulturochkuriosa.se\/butik2\/wp-json\/wp\/v2\/users\/2"}],"replies":[{"embeddable":true,"href":"http:\/\/kulturochkuriosa.se\/butik2\/wp-json\/wp\/v2\/comments?post=7"}],"version-history":[{"count":38,"href":"http:\/\/kulturochkuriosa.se\/butik2\/wp-json\/wp\/v2\/pages\/7\/revisions"}],"predecessor-version":[{"id":1133,"href":"http:\/\/kulturochkuriosa.se\/butik2\/wp-json\/wp\/v2\/pages\/7\/revisions\/1133"}],"wp:attachment":[{"href":"http:\/\/kulturochkuriosa.se\/butik2\/wp-json\/wp\/v2\/media?parent=7"}],"curies":[{"name":"wp","href":"https:\/\/api.w.org\/{rel}","templated":true}]}}