{"id":590,"date":"2015-03-10T15:02:51","date_gmt":"2015-03-10T14:02:51","guid":{"rendered":"http:\/\/kulturochkuriosa.se\/butik2\/?page_id=590"},"modified":"2015-03-10T15:06:43","modified_gmt":"2015-03-10T14:06:43","slug":"servisglas","status":"publish","type":"page","link":"http:\/\/kulturochkuriosa.se\/butik2\/glas\/elme\/servisglas\/","title":{"rendered":"Servisglas"},"content":{"rendered":"<table style=\"height: auto; background-color: #b4b4b4; width: 100%;\" border=\"4\">\n<tbody>\n<tr>\n<td style=\"border: 2px solid #f5f0f0; width: 25%;\"><a href=\"http:\/\/kulturochkuriosa.se\/butik2\/wp-content\/uploads\/2015\/03\/likor-blomdekor.jpg\" class=\"gallery_colorbox\"><img loading=\"lazy\" class=\"aligncenter size-medium wp-image-593\" src=\"http:\/\/kulturochkuriosa.se\/butik2\/wp-content\/uploads\/2015\/03\/likor-blomdekor-212x300.jpg\"  alt=\"likor blomdekor\" width=\"80%\" height=\"auto\" srcset=\"http:\/\/kulturochkuriosa.se\/butik2\/wp-content\/uploads\/2015\/03\/likor-blomdekor-212x300.jpg 212w, http:\/\/kulturochkuriosa.se\/butik2\/wp-content\/uploads\/2015\/03\/likor-blomdekor.jpg 595w\" sizes=\"(max-width: 212px) 100vw, 212px\" \/><\/a><\/td>\n<td style=\"border: 2px solid #f5f0f0; width: 25%;\"><a href=\"http:\/\/kulturochkuriosa.se\/butik2\/wp-content\/uploads\/2015\/03\/starkvin-blomdekor.jpg\" class=\"gallery_colorbox\"><img loading=\"lazy\" class=\"aligncenter size-medium wp-image-594\" src=\"http:\/\/kulturochkuriosa.se\/butik2\/wp-content\/uploads\/2015\/03\/starkvin-blomdekor-212x300.jpg\"  alt=\"starkvin blomdekor\" width=\"80%\" height=\"auto\" srcset=\"http:\/\/kulturochkuriosa.se\/butik2\/wp-content\/uploads\/2015\/03\/starkvin-blomdekor-212x300.jpg 212w, http:\/\/kulturochkuriosa.se\/butik2\/wp-content\/uploads\/2015\/03\/starkvin-blomdekor.jpg 595w\" sizes=\"(max-width: 212px) 100vw, 212px\" \/><\/a><\/td>\n<td style=\"border: 2px solid #f5f0f0; width: 25%;\"><\/td>\n<td style=\"border: 2px solid #f5f0f0; width: 25%;\"><\/td>\n<\/tr>\n<tr style=\"vertical-align: top; background-color: #d4d4d4;\">\n<td style=\"border: 2px solid #f5f0f0; width: 25%;\">Lik\u00f6rglas med blomslipning, h\u00f6jd 9,5 cm, dia 4 cm.<br \/>\nFinns 12 st, pris 40:- per styck.<\/td>\n<td style=\"border: 2px solid #f5f0f0; width: 25%;\">Starkvinsglas med blomslipning, h\u00f6jd 11 cm, dia 4,5 cm.<br \/>\nFinns 12 st, pris 50:- per styck.<\/td>\n<td style=\"border: 2px solid #f5f0f0; width: 25%;\"><\/td>\n<td style=\"border: 2px solid #f5f0f0; width: 25%;\"><\/td>\n<\/tr>\n<\/tbody>\n<\/table>\n<p>&nbsp;<\/p>\n","protected":false},"excerpt":{"rendered":"<p>Lik\u00f6rglas med blomslipning, h\u00f6jd 9,5 cm, dia 4 cm. Finns 12 st, pris 40:- per styck. Starkvinsglas med blomslipning, h\u00f6jd 11 cm, dia 4,5 cm. Finns 12 st, pris 50:- per styck. &nbsp;<\/p>\n","protected":false},"author":2,"featured_media":0,"parent":371,"menu_order":50,"comment_status":"closed","ping_status":"closed","template":"","meta":[],"_links":{"self":[{"href":"http:\/\/kulturochkuriosa.se\/butik2\/wp-json\/wp\/v2\/pages\/590"}],"collection":[{"href":"http:\/\/kulturochkuriosa.se\/butik2\/wp-json\/wp\/v2\/pages"}],"about":[{"href":"http:\/\/kulturochkuriosa.se\/butik2\/wp-json\/wp\/v2\/types\/page"}],"author":[{"embeddable":true,"href":"http:\/\/kulturochkuriosa.se\/butik2\/wp-json\/wp\/v2\/users\/2"}],"replies":[{"embeddable":true,"href":"http:\/\/kulturochkuriosa.se\/butik2\/wp-json\/wp\/v2\/comments?post=590"}],"version-history":[{"count":3,"href":"http:\/\/kulturochkuriosa.se\/butik2\/wp-json\/wp\/v2\/pages\/590\/revisions"}],"predecessor-version":[{"id":595,"href":"http:\/\/kulturochkuriosa.se\/butik2\/wp-json\/wp\/v2\/pages\/590\/revisions\/595"}],"up":[{"embeddable":true,"href":"http:\/\/kulturochkuriosa.se\/butik2\/wp-json\/wp\/v2\/pages\/371"}],"wp:attachment":[{"href":"http:\/\/kulturochkuriosa.se\/butik2\/wp-json\/wp\/v2\/media?parent=590"}],"curies":[{"name":"wp","href":"https:\/\/api.w.org\/{rel}","templated":true}]}}