{"id":567,"date":"2015-02-23T13:03:52","date_gmt":"2015-02-23T12:03:52","guid":{"rendered":"http:\/\/kulturochkuriosa.se\/butik2\/?page_id=567"},"modified":"2016-11-21T12:14:34","modified_gmt":"2016-11-21T11:14:34","slug":"konstglas","status":"publish","type":"page","link":"http:\/\/kulturochkuriosa.se\/butik2\/glas\/eda\/konstglas\/","title":{"rendered":"Konstglas"},"content":{"rendered":"<p>H\u00e4r finns framf\u00f6r allt Gerda Str\u00f6mbergs alster men \u00e4ven en hel del trevliga produkter b\u00e5de fr\u00e5n Arbetarperioden och Eklunds tid.<\/p>\n<table style=\"height: auto; background-color: #b4b4b4; width: 100%;\">\n<tbody>\n<tr>\n<td style=\"border: 2px solid #f5f0f0; width: 25%;\"><a href=\"http:\/\/kulturochkuriosa.se\/butik2\/wp-content\/uploads\/2015\/02\/stolpar-blomglas-p\u00e5-fot-ljusbl\u00e5.jpg\" class=\"gallery_colorbox\" rel=\"attachment wp-att-874\"><img loading=\"lazy\" class=\"aligncenter size-medium wp-image-874\" src=\"http:\/\/kulturochkuriosa.se\/butik2\/wp-content\/uploads\/2015\/02\/stolpar-blomglas-p\u00e5-fot-ljusbl\u00e5-300x225.jpg\"  alt=\"stolpar blomglas p\u00e5 fot ljusbl\u00e5\" width=\"100%\" height=\"auto\" srcset=\"http:\/\/kulturochkuriosa.se\/butik2\/wp-content\/uploads\/2015\/02\/stolpar-blomglas-p\u00e5-fot-ljusbl\u00e5-300x225.jpg 300w, http:\/\/kulturochkuriosa.se\/butik2\/wp-content\/uploads\/2015\/02\/stolpar-blomglas-p\u00e5-fot-ljusbl\u00e5-768x576.jpg 768w, http:\/\/kulturochkuriosa.se\/butik2\/wp-content\/uploads\/2015\/02\/stolpar-blomglas-p\u00e5-fot-ljusbl\u00e5-1024x768.jpg 1024w, http:\/\/kulturochkuriosa.se\/butik2\/wp-content\/uploads\/2015\/02\/stolpar-blomglas-p\u00e5-fot-ljusbl\u00e5.jpg 1134w\" sizes=\"(max-width: 300px) 100vw, 300px\" \/><\/a><\/td>\n<td style=\"border: 2px solid #f5f0f0; width: 25%;\"><\/td>\n<td style=\"border: 2px solid #f5f0f0; width: 25%;\"><\/td>\n<td style=\"border: 2px solid #f5f0f0; width: 25%;\"><\/td>\n<\/tr>\n<tr style=\"vertical-align: top; background-color: #d4d4d4;\">\n<td style=\"border: 2px solid #f5f0f0; width: 25%;\">\u00a0Blomglas &#8221;Stolpar&#8221; p\u00e5 fot, fast h\u00e4r i en ljusbl\u00e5 f\u00e4rg, h\u00f6jd 20 cm, pris 500:-<\/td>\n<td style=\"border: 2px solid #f5f0f0; width: 25%;\">\u00a0.<\/td>\n<td style=\"border: 2px solid #f5f0f0; width: 25%;\"><\/td>\n<td style=\"border: 2px solid #f5f0f0; width: 25%;\"><\/td>\n<\/tr>\n<tr>\n<td style=\"border: 2px solid #f5f0f0; background-color: #444444; width: 25%; text-align: center;\" colspan=\"4\"><span style=\"color: #ffffff;\">S\u00e5lda produkter<br \/>\n<\/span><\/td>\n<\/tr>\n<tr>\n<td style=\"border: 2px solid #f5f0f0; width: 25%;\"><a href=\"http:\/\/kulturochkuriosa.se\/butik2\/wp-content\/uploads\/2015\/02\/stolpar-blomglas-p\u00e5-fot-gulbrun.jpg\" class=\"gallery_colorbox\"><img loading=\"lazy\" class=\"aligncenter size-medium wp-image-644\" src=\"http:\/\/kulturochkuriosa.se\/butik2\/wp-content\/uploads\/2015\/02\/stolpar-blomglas-p\u00e5-fot-gulbrun-225x300.jpg\"  alt=\"stolpar blomglas p\u00e5 fot gulbrun\" width=\"80%\" height=\"auto\" srcset=\"http:\/\/kulturochkuriosa.se\/butik2\/wp-content\/uploads\/2015\/02\/stolpar-blomglas-p\u00e5-fot-gulbrun-225x300.jpg 225w, http:\/\/kulturochkuriosa.se\/butik2\/wp-content\/uploads\/2015\/02\/stolpar-blomglas-p\u00e5-fot-gulbrun-768x1024.jpg 768w, http:\/\/kulturochkuriosa.se\/butik2\/wp-content\/uploads\/2015\/02\/stolpar-blomglas-p\u00e5-fot-gulbrun.jpg 850w\" sizes=\"(max-width: 225px) 100vw, 225px\" \/><\/a><\/td>\n<td style=\"border: 2px solid #f5f0f0; width: 25%;\"><a href=\"http:\/\/kulturochkuriosa.se\/butik2\/wp-content\/uploads\/2015\/02\/stolpar-stort-blomglas-gulbrunt.jpg\" class=\"gallery_colorbox\"><img loading=\"lazy\" class=\"aligncenter size-medium wp-image-773\" src=\"http:\/\/kulturochkuriosa.se\/butik2\/wp-content\/uploads\/2015\/02\/stolpar-stort-blomglas-gulbrunt-225x300.jpg\"  alt=\"stolpar stort blomglas gulbrunt\" width=\"80%\" height=\"auto\" srcset=\"http:\/\/kulturochkuriosa.se\/butik2\/wp-content\/uploads\/2015\/02\/stolpar-stort-blomglas-gulbrunt-225x300.jpg 225w, http:\/\/kulturochkuriosa.se\/butik2\/wp-content\/uploads\/2015\/02\/stolpar-stort-blomglas-gulbrunt-768x1024.jpg 768w, http:\/\/kulturochkuriosa.se\/butik2\/wp-content\/uploads\/2015\/02\/stolpar-stort-blomglas-gulbrunt.jpg 850w\" sizes=\"(max-width: 225px) 100vw, 225px\" \/><\/a><\/td>\n<td style=\"border: 2px solid #f5f0f0; width: 25%;\"><\/td>\n<td style=\"border: 2px solid #f5f0f0; width: 25%;\"><\/td>\n<\/tr>\n<tr style=\"vertical-align: top; background-color: #d4d4d4;\">\n<td style=\"border: 2px solid #f5f0f0; width: 25%;\">Stort och pampigt blomglas &#8221;Stolpar&#8221; p\u00e5 fot, tillverkad under Arbetarperioden. H\u00f6jd 20 cm,<del> pris 500:-.<\/del> <strong>S\u00e5ld.<\/strong><\/td>\n<td style=\"border: 2px solid #f5f0f0; width: 25%;\">\u00a0\u00c4nnu ett blomglas &#8221;Stolpar&#8221;, ovanligt stort, h\u00f6jd 20 cm. Dessutom \u00e4r etiketten kvar, <del>pris 500:-.<\/del> <strong>S\u00e5ld.<\/strong><\/td>\n<td style=\"border: 2px solid #f5f0f0; width: 25%;\"><\/td>\n<td style=\"border: 2px solid #f5f0f0; width: 25%;\"><\/td>\n<\/tr>\n<\/tbody>\n<\/table>\n<p>&nbsp;<\/p>\n","protected":false},"excerpt":{"rendered":"<p>H\u00e4r finns framf\u00f6r allt Gerda Str\u00f6mbergs alster men \u00e4ven en hel del trevliga produkter b\u00e5de fr\u00e5n Arbetarperioden och Eklunds tid. \u00a0Blomglas &#8221;Stolpar&#8221; p\u00e5 fot, fast h\u00e4r i en ljusbl\u00e5 f\u00e4rg, h\u00f6jd 20 cm, pris 500:- \u00a0. S\u00e5lda produkter Stort och pampigt blomglas &#8221;Stolpar&#8221; p\u00e5 fot, tillverkad under Arbetarperioden. H\u00f6jd 20 cm, pris 500:-. S\u00e5ld. \u00a0\u00c4nnu <a href='http:\/\/kulturochkuriosa.se\/butik2\/glas\/eda\/konstglas\/' class='excerpt-more'>[&#8230;]<\/a><\/p>\n","protected":false},"author":2,"featured_media":0,"parent":51,"menu_order":80,"comment_status":"closed","ping_status":"closed","template":"","meta":[],"_links":{"self":[{"href":"http:\/\/kulturochkuriosa.se\/butik2\/wp-json\/wp\/v2\/pages\/567"}],"collection":[{"href":"http:\/\/kulturochkuriosa.se\/butik2\/wp-json\/wp\/v2\/pages"}],"about":[{"href":"http:\/\/kulturochkuriosa.se\/butik2\/wp-json\/wp\/v2\/types\/page"}],"author":[{"embeddable":true,"href":"http:\/\/kulturochkuriosa.se\/butik2\/wp-json\/wp\/v2\/users\/2"}],"replies":[{"embeddable":true,"href":"http:\/\/kulturochkuriosa.se\/butik2\/wp-json\/wp\/v2\/comments?post=567"}],"version-history":[{"count":6,"href":"http:\/\/kulturochkuriosa.se\/butik2\/wp-json\/wp\/v2\/pages\/567\/revisions"}],"predecessor-version":[{"id":1073,"href":"http:\/\/kulturochkuriosa.se\/butik2\/wp-json\/wp\/v2\/pages\/567\/revisions\/1073"}],"up":[{"embeddable":true,"href":"http:\/\/kulturochkuriosa.se\/butik2\/wp-json\/wp\/v2\/pages\/51"}],"wp:attachment":[{"href":"http:\/\/kulturochkuriosa.se\/butik2\/wp-json\/wp\/v2\/media?parent=567"}],"curies":[{"name":"wp","href":"https:\/\/api.w.org\/{rel}","templated":true}]}}