{"id":562,"date":"2015-02-23T12:56:27","date_gmt":"2015-02-23T11:56:27","guid":{"rendered":"http:\/\/kulturochkuriosa.se\/butik2\/?page_id=562"},"modified":"2016-11-21T13:18:07","modified_gmt":"2016-11-21T12:18:07","slug":"konstglas","status":"publish","type":"page","link":"http:\/\/kulturochkuriosa.se\/butik2\/glas\/afors\/konstglas\/","title":{"rendered":"Konstglas"},"content":{"rendered":"<p>H\u00e4r finns framf\u00f6r allt Bertil Valliens och Ulrika Hydman Valliens produkter, dessa har ju marknadsf\u00f6rts som Boda\/\u00c5fors, Boda eller Kosta Boda men tillverkades oftast vid \u00c5fors.<\/p>\n<table style=\"height: auto; background-color: #b4b4b4; width: 100%;\">\n<tbody>\n<tr>\n<td style=\"border: 2px solid #f5f0f0; width: 25%;\"><a href=\"http:\/\/kulturochkuriosa.se\/butik2\/wp-content\/uploads\/2015\/02\/vas-cirrus.jpg\" class=\"gallery_colorbox\" rel=\"attachment wp-att-915\"><img loading=\"lazy\" class=\"aligncenter size-medium wp-image-915\" src=\"http:\/\/kulturochkuriosa.se\/butik2\/wp-content\/uploads\/2015\/02\/vas-cirrus-225x300.jpg\"  alt=\"vas cirrus\" width=\"80%\" height=\"auto\" srcset=\"http:\/\/kulturochkuriosa.se\/butik2\/wp-content\/uploads\/2015\/02\/vas-cirrus-225x300.jpg 225w, http:\/\/kulturochkuriosa.se\/butik2\/wp-content\/uploads\/2015\/02\/vas-cirrus-768x1024.jpg 768w, http:\/\/kulturochkuriosa.se\/butik2\/wp-content\/uploads\/2015\/02\/vas-cirrus.jpg 850w\" sizes=\"(max-width: 225px) 100vw, 225px\" \/><\/a><\/td>\n<td style=\"border: 2px solid #f5f0f0; width: 25%;\"><a href=\"http:\/\/kulturochkuriosa.se\/butik2\/wp-content\/uploads\/2015\/02\/vas-bubblig-hals.jpg\" class=\"gallery_colorbox\" rel=\"attachment wp-att-922\"><img loading=\"lazy\" class=\"aligncenter size-medium wp-image-922\" src=\"http:\/\/kulturochkuriosa.se\/butik2\/wp-content\/uploads\/2015\/02\/vas-bubblig-hals-225x300.jpg\"  alt=\"vas bubblig hals\" width=\"80%\" height=\"auto\" srcset=\"http:\/\/kulturochkuriosa.se\/butik2\/wp-content\/uploads\/2015\/02\/vas-bubblig-hals-225x300.jpg 225w, http:\/\/kulturochkuriosa.se\/butik2\/wp-content\/uploads\/2015\/02\/vas-bubblig-hals-768x1024.jpg 768w, http:\/\/kulturochkuriosa.se\/butik2\/wp-content\/uploads\/2015\/02\/vas-bubblig-hals.jpg 850w\" sizes=\"(max-width: 225px) 100vw, 225px\" \/><\/a><\/td>\n<td style=\"border: 2px solid #f5f0f0; width: 25%;\"><a href=\"http:\/\/kulturochkuriosa.se\/butik2\/wp-content\/uploads\/2015\/02\/bl\u00e4strad-lockburk.jpg\" class=\"gallery_colorbox\" rel=\"attachment wp-att-917\"><img loading=\"lazy\" class=\"aligncenter size-medium wp-image-917\" src=\"http:\/\/kulturochkuriosa.se\/butik2\/wp-content\/uploads\/2015\/02\/bl\u00e4strad-lockburk-225x300.jpg\"  alt=\"bl\u00e4strad lockburk\" width=\"80%\" height=\"auto\" srcset=\"http:\/\/kulturochkuriosa.se\/butik2\/wp-content\/uploads\/2015\/02\/bl\u00e4strad-lockburk-225x300.jpg 225w, http:\/\/kulturochkuriosa.se\/butik2\/wp-content\/uploads\/2015\/02\/bl\u00e4strad-lockburk-768x1024.jpg 768w, http:\/\/kulturochkuriosa.se\/butik2\/wp-content\/uploads\/2015\/02\/bl\u00e4strad-lockburk.jpg 850w\" sizes=\"(max-width: 225px) 100vw, 225px\" \/><\/a><\/td>\n<td style=\"border: 2px solid #f5f0f0; width: 25%;\"><a href=\"http:\/\/kulturochkuriosa.se\/butik2\/wp-content\/uploads\/2015\/02\/tre-bl\u00e5-sejdlar.jpg\" class=\"gallery_colorbox\" rel=\"attachment wp-att-918\"><img loading=\"lazy\" class=\"aligncenter size-medium wp-image-918\" src=\"http:\/\/kulturochkuriosa.se\/butik2\/wp-content\/uploads\/2015\/02\/tre-bl\u00e5-sejdlar-300x225.jpg\"  alt=\"tre bl\u00e5 sejdlar\" width=\"100%\" height=\"auto\" srcset=\"http:\/\/kulturochkuriosa.se\/butik2\/wp-content\/uploads\/2015\/02\/tre-bl\u00e5-sejdlar-300x225.jpg 300w, http:\/\/kulturochkuriosa.se\/butik2\/wp-content\/uploads\/2015\/02\/tre-bl\u00e5-sejdlar-768x576.jpg 768w, http:\/\/kulturochkuriosa.se\/butik2\/wp-content\/uploads\/2015\/02\/tre-bl\u00e5-sejdlar-1024x768.jpg 1024w, http:\/\/kulturochkuriosa.se\/butik2\/wp-content\/uploads\/2015\/02\/tre-bl\u00e5-sejdlar.jpg 1134w\" sizes=\"(max-width: 300px) 100vw, 300px\" \/><\/a><\/td>\n<\/tr>\n<tr style=\"vertical-align: top; background-color: #d4d4d4;\">\n<td style=\"border: 2px solid #f5f0f0; width: 25%;\">Vas \u201dCirrus\u201d i en h\u00e4rlig bl\u00e5 nyans med en r\u00f6d kant runt mynningen. Formgiven av Bertil Vallien. H\u00f6jd 15,5 cm, mynningens diameter 6,5 cm, pris 600:-.<\/td>\n<td style=\"border: 2px solid #f5f0f0; width: 25%;\">\u00a0Vas i klart glas, h\u00f6jd 16 cm dia 10 cm, pris 200:-.<\/td>\n<td style=\"border: 2px solid #f5f0f0; width: 25%;\">\u00a0En h\u00e4ftig bl\u00e4strad burk med lock, signerad Boda \u00c5fors, V 41:250 mm, B. Vallien och en glad gubbe. Allts\u00e5 Bertil Valliens modell V41, formgiven 1964-65. H\u00f6jd 265 mm inkl propp, pris 600:-.<\/td>\n<td style=\"border: 2px solid #f5f0f0; width: 25%;\">\u00a0Sejdlar fr\u00e5n den bl\u00e5a perioden i mitten p\u00e5 sextiotalet, finns tre stycken, pris 100:- per styck.<\/td>\n<\/tr>\n<tr>\n<td style=\"border: 2px solid #f5f0f0; width: 25%;\"><a href=\"http:\/\/kulturochkuriosa.se\/butik2\/wp-content\/uploads\/2015\/02\/bl\u00e4strad-sk\u00e5l.jpg\" class=\"gallery_colorbox\" rel=\"attachment wp-att-921\"><img loading=\"lazy\" class=\"aligncenter size-medium wp-image-921\" src=\"http:\/\/kulturochkuriosa.se\/butik2\/wp-content\/uploads\/2015\/02\/bl\u00e4strad-sk\u00e5l-300x225.jpg\"  alt=\"bl\u00e4strad sk\u00e5l\" width=\"100%\" height=\"auto\" srcset=\"http:\/\/kulturochkuriosa.se\/butik2\/wp-content\/uploads\/2015\/02\/bl\u00e4strad-sk\u00e5l-300x225.jpg 300w, http:\/\/kulturochkuriosa.se\/butik2\/wp-content\/uploads\/2015\/02\/bl\u00e4strad-sk\u00e5l-768x576.jpg 768w, http:\/\/kulturochkuriosa.se\/butik2\/wp-content\/uploads\/2015\/02\/bl\u00e4strad-sk\u00e5l-1024x768.jpg 1024w, http:\/\/kulturochkuriosa.se\/butik2\/wp-content\/uploads\/2015\/02\/bl\u00e4strad-sk\u00e5l.jpg 1134w\" sizes=\"(max-width: 300px) 100vw, 300px\" \/><\/a><\/td>\n<td style=\"border: 2px solid #f5f0f0; width: 25%;\"><\/td>\n<td style=\"border: 2px solid #f5f0f0; width: 25%;\"><\/td>\n<td style=\"border: 2px solid #f5f0f0; width: 25%;\"><\/td>\n<\/tr>\n<tr style=\"vertical-align: top; background-color: #d4d4d4;\">\n<td style=\"border: 2px solid #f5f0f0; width: 25%;\">Bl\u00e4strad sk\u00e5l signerad Boda \u00c5fors, V 170:135 mm, B. Vallien och en glad gubbe. H\u00f6jd 12,5 cm, dia 13 cm, pris 600:-.<\/td>\n<td style=\"border: 2px solid #f5f0f0; width: 25%;\"><\/td>\n<td style=\"border: 2px solid #f5f0f0; width: 25%;\"><\/td>\n<td style=\"border: 2px solid #f5f0f0; width: 25%;\"><\/td>\n<\/tr>\n<tr>\n<td style=\"border: 2px solid #f5f0f0; background-color: #444444; width: 25%; text-align: center;\" colspan=\"4\"><span style=\"color: #ffffff;\">S\u00e5lda produkter<br \/>\n<\/span><\/td>\n<\/tr>\n<tr>\n<td style=\"border: 2px solid #f5f0f0; width: 25%;\"><a href=\"http:\/\/kulturochkuriosa.se\/butik2\/wp-content\/uploads\/2015\/02\/liten-vas-cirrus.jpg\" class=\"gallery_colorbox\"><img loading=\"lazy\" class=\"aligncenter size-medium wp-image-565\" src=\"http:\/\/kulturochkuriosa.se\/butik2\/wp-content\/uploads\/2015\/02\/liten-vas-cirrus-225x300.jpg\"  alt=\"liten vas cirrus\" width=\"80%\" height=\"auto\" srcset=\"http:\/\/kulturochkuriosa.se\/butik2\/wp-content\/uploads\/2015\/02\/liten-vas-cirrus-225x300.jpg 225w, http:\/\/kulturochkuriosa.se\/butik2\/wp-content\/uploads\/2015\/02\/liten-vas-cirrus-768x1024.jpg 768w, http:\/\/kulturochkuriosa.se\/butik2\/wp-content\/uploads\/2015\/02\/liten-vas-cirrus.jpg 850w\" sizes=\"(max-width: 225px) 100vw, 225px\" \/><\/a><\/td>\n<td style=\"border: 2px solid #f5f0f0; width: 25%;\"><a href=\"http:\/\/kulturochkuriosa.se\/butik2\/wp-content\/uploads\/2015\/02\/sk\u00e5l-med-r\u00e4nder-58412.jpg\" class=\"gallery_colorbox\"><img loading=\"lazy\" class=\"aligncenter size-medium wp-image-780\" src=\"http:\/\/kulturochkuriosa.se\/butik2\/wp-content\/uploads\/2015\/02\/sk\u00e5l-med-r\u00e4nder-58412-300x225.jpg\"  alt=\"sk\u00e5l med r\u00e4nder 58412\" width=\"100%\" height=\"auto\" srcset=\"http:\/\/kulturochkuriosa.se\/butik2\/wp-content\/uploads\/2015\/02\/sk\u00e5l-med-r\u00e4nder-58412-300x225.jpg 300w, http:\/\/kulturochkuriosa.se\/butik2\/wp-content\/uploads\/2015\/02\/sk\u00e5l-med-r\u00e4nder-58412-1024x768.jpg 1024w, http:\/\/kulturochkuriosa.se\/butik2\/wp-content\/uploads\/2015\/02\/sk\u00e5l-med-r\u00e4nder-58412.jpg 1134w\" sizes=\"(max-width: 300px) 100vw, 300px\" \/><\/a><\/td>\n<td style=\"border: 2px solid #f5f0f0; width: 25%;\"><a href=\"http:\/\/kulturochkuriosa.se\/butik2\/wp-content\/uploads\/2015\/02\/vas-network.jpg\" class=\"gallery_colorbox\" rel=\"attachment wp-att-916\"><img loading=\"lazy\" class=\"aligncenter size-medium wp-image-916\" src=\"http:\/\/kulturochkuriosa.se\/butik2\/wp-content\/uploads\/2015\/02\/vas-network-225x300.jpg\"  alt=\"vas network\" width=\"80%\" height=\"auto\" srcset=\"http:\/\/kulturochkuriosa.se\/butik2\/wp-content\/uploads\/2015\/02\/vas-network-225x300.jpg 225w, http:\/\/kulturochkuriosa.se\/butik2\/wp-content\/uploads\/2015\/02\/vas-network-768x1024.jpg 768w, http:\/\/kulturochkuriosa.se\/butik2\/wp-content\/uploads\/2015\/02\/vas-network.jpg 850w\" sizes=\"(max-width: 225px) 100vw, 225px\" \/><\/a><\/td>\n<td style=\"border: 2px solid #f5f0f0; width: 25%;\"><\/td>\n<\/tr>\n<tr style=\"vertical-align: top; background-color: #d4d4d4;\">\n<td style=\"border: 2px solid #f5f0f0; width: 25%;\">Liten vas \u201dCirrus\u201d formgiven av Bertil Vallien. H\u00f6jd 8 cm, dia 13,5 cm <del>pris 400:-.<\/del> <strong>S\u00e5ld.<\/strong><\/td>\n<td style=\"border: 2px solid #f5f0f0; width: 25%;\">Sk\u00e5l &#8221;Spin&#8221; med dekor av en svart rand som slingrar sig runt kanten. Signerad Boda B Vallien 58412, allts\u00e5 formgiven 1984. H\u00f6jd 12 cm, dia 14,5 cm, <del>pris 400:-.<\/del> <strong>S\u00e5ld.<\/strong><\/td>\n<td style=\"border: 2px solid #f5f0f0; width: 25%;\">\u00a0Vas &#8221;Network&#8221; av Bertil Vallien, h\u00f6jd 13,5 cm, mynningen lite avl\u00e5ng, 10 x 9,5 cm, <del>pris 400:-.<\/del> <strong>S\u00e5ld.<\/strong><\/td>\n<td style=\"border: 2px solid #f5f0f0; width: 25%;\"><\/td>\n<\/tr>\n<\/tbody>\n<\/table>\n<p>&nbsp;<\/p>\n","protected":false},"excerpt":{"rendered":"<p>H\u00e4r finns framf\u00f6r allt Bertil Valliens och Ulrika Hydman Valliens produkter, dessa har ju marknadsf\u00f6rts som Boda\/\u00c5fors, Boda eller Kosta Boda men tillverkades oftast vid \u00c5fors. Vas \u201dCirrus\u201d i en h\u00e4rlig bl\u00e5 nyans med en r\u00f6d kant runt mynningen. Formgiven av Bertil Vallien. H\u00f6jd 15,5 cm, mynningens diameter 6,5 cm, pris 600:-. \u00a0Vas i klart <a href='http:\/\/kulturochkuriosa.se\/butik2\/glas\/afors\/konstglas\/' class='excerpt-more'>[&#8230;]<\/a><\/p>\n","protected":false},"author":2,"featured_media":0,"parent":484,"menu_order":50,"comment_status":"closed","ping_status":"closed","template":"","meta":[],"_links":{"self":[{"href":"http:\/\/kulturochkuriosa.se\/butik2\/wp-json\/wp\/v2\/pages\/562"}],"collection":[{"href":"http:\/\/kulturochkuriosa.se\/butik2\/wp-json\/wp\/v2\/pages"}],"about":[{"href":"http:\/\/kulturochkuriosa.se\/butik2\/wp-json\/wp\/v2\/types\/page"}],"author":[{"embeddable":true,"href":"http:\/\/kulturochkuriosa.se\/butik2\/wp-json\/wp\/v2\/users\/2"}],"replies":[{"embeddable":true,"href":"http:\/\/kulturochkuriosa.se\/butik2\/wp-json\/wp\/v2\/comments?post=562"}],"version-history":[{"count":9,"href":"http:\/\/kulturochkuriosa.se\/butik2\/wp-json\/wp\/v2\/pages\/562\/revisions"}],"predecessor-version":[{"id":1085,"href":"http:\/\/kulturochkuriosa.se\/butik2\/wp-json\/wp\/v2\/pages\/562\/revisions\/1085"}],"up":[{"embeddable":true,"href":"http:\/\/kulturochkuriosa.se\/butik2\/wp-json\/wp\/v2\/pages\/484"}],"wp:attachment":[{"href":"http:\/\/kulturochkuriosa.se\/butik2\/wp-json\/wp\/v2\/media?parent=562"}],"curies":[{"name":"wp","href":"https:\/\/api.w.org\/{rel}","templated":true}]}}