{"id":544,"date":"2015-02-23T11:23:26","date_gmt":"2015-02-23T10:23:26","guid":{"rendered":"http:\/\/kulturochkuriosa.se\/butik2\/?page_id=544"},"modified":"2016-11-21T13:02:45","modified_gmt":"2016-11-21T12:02:45","slug":"pressglas","status":"publish","type":"page","link":"http:\/\/kulturochkuriosa.se\/butik2\/glas\/reijmyre\/pressglas\/","title":{"rendered":"Pressglas"},"content":{"rendered":"<p>Reijmyre h\u00f6rde till de svenska glasbruk som var f\u00f6rst med att producera pressglas. Tyv\u00e4rr \u00e4r ju det mesta pressglaset sv\u00e5rt att definitivt h\u00e4rleda till ett visst glasbruk.<\/p>\n<table style=\"height: auto; background-color: #b4b4b4; width: 100%;\">\n<tbody>\n<tr>\n<td style=\"border: 2px solid #f5f0f0; width: 25%;\"><\/td>\n<td style=\"border: 2px solid #f5f0f0; width: 25%;\"><\/td>\n<td style=\"border: 2px solid #f5f0f0; width: 25%;\"><\/td>\n<td style=\"border: 2px solid #f5f0f0; width: 25%;\"><\/td>\n<\/tr>\n<tr style=\"vertical-align: top; background-color: #d4d4d4;\">\n<td style=\"border: 2px solid #f5f0f0; width: 25%;\"><\/td>\n<td style=\"border: 2px solid #f5f0f0; width: 25%;\"><\/td>\n<td style=\"border: 2px solid #f5f0f0; width: 25%;\"><\/td>\n<td style=\"border: 2px solid #f5f0f0; width: 25%;\"><\/td>\n<\/tr>\n<tr>\n<td style=\"border: 2px solid #f5f0f0; background-color: #444444; width: 25%; text-align: center;\" colspan=\"4\"><span style=\"color: #ffffff;\">S\u00e5lda produkter<br \/>\n<\/span><\/td>\n<\/tr>\n<tr>\n<td style=\"border: 2px solid #f5f0f0; width: 25%;\"><a href=\"http:\/\/kulturochkuriosa.se\/butik2\/wp-content\/uploads\/2015\/02\/turbin-fotsk.jpg\" class=\"gallery_colorbox\"><img loading=\"lazy\" class=\"aligncenter size-medium wp-image-545\" src=\"http:\/\/kulturochkuriosa.se\/butik2\/wp-content\/uploads\/2015\/02\/turbin-fotsk-300x225.jpg\"  alt=\"turbin fotsk\" width=\"100%\" height=\"auto\" srcset=\"http:\/\/kulturochkuriosa.se\/butik2\/wp-content\/uploads\/2015\/02\/turbin-fotsk-300x225.jpg 300w, http:\/\/kulturochkuriosa.se\/butik2\/wp-content\/uploads\/2015\/02\/turbin-fotsk-1024x768.jpg 1024w, http:\/\/kulturochkuriosa.se\/butik2\/wp-content\/uploads\/2015\/02\/turbin-fotsk.jpg 1134w\" sizes=\"(max-width: 300px) 100vw, 300px\" \/><\/a><\/td>\n<td style=\"border: 2px solid #f5f0f0; width: 25%;\"><a href=\"http:\/\/kulturochkuriosa.se\/butik2\/wp-content\/uploads\/2015\/02\/turbin-fotsk-sign.jpg\" class=\"gallery_colorbox\"><img loading=\"lazy\" class=\"aligncenter size-medium wp-image-546\" src=\"http:\/\/kulturochkuriosa.se\/butik2\/wp-content\/uploads\/2015\/02\/turbin-fotsk-sign-300x225.jpg\"  alt=\"turbin fotsk sign\" width=\"100%\" height=\"auto\" srcset=\"http:\/\/kulturochkuriosa.se\/butik2\/wp-content\/uploads\/2015\/02\/turbin-fotsk-sign-300x225.jpg 300w, http:\/\/kulturochkuriosa.se\/butik2\/wp-content\/uploads\/2015\/02\/turbin-fotsk-sign-1024x768.jpg 1024w, http:\/\/kulturochkuriosa.se\/butik2\/wp-content\/uploads\/2015\/02\/turbin-fotsk-sign.jpg 1134w\" sizes=\"(max-width: 300px) 100vw, 300px\" \/><\/a><\/td>\n<td style=\"border: 2px solid #f5f0f0; width: 25%;\"><\/td>\n<td style=\"border: 2px solid #f5f0f0; width: 25%;\"><\/td>\n<\/tr>\n<tr style=\"vertical-align: top; background-color: #d4d4d4;\">\n<td style=\"border: 2px solid #f5f0f0; width: 25%;\" colspan=\"2\">\u00a0Liten fotsk\u00e5l i pressm\u00f6nstret \u201dTurbin\u201d fr\u00e5n Reijmyre. F\u00f6r ovanlighetens skull signerad i godset. <del>Pris 300:-.<\/del> <strong>S\u00e5ld.<\/strong><\/td>\n<td style=\"border: 2px solid #f5f0f0; width: 25%;\"><\/td>\n<td style=\"border: 2px solid #f5f0f0; width: 25%;\"><\/td>\n<\/tr>\n<\/tbody>\n<\/table>\n<p>&nbsp;<\/p>\n","protected":false},"excerpt":{"rendered":"<p>Reijmyre h\u00f6rde till de svenska glasbruk som var f\u00f6rst med att producera pressglas. Tyv\u00e4rr \u00e4r ju det mesta pressglaset sv\u00e5rt att definitivt h\u00e4rleda till ett visst glasbruk. S\u00e5lda produkter \u00a0Liten fotsk\u00e5l i pressm\u00f6nstret \u201dTurbin\u201d fr\u00e5n Reijmyre. F\u00f6r ovanlighetens skull signerad i godset. Pris 300:-. S\u00e5ld. &nbsp;<\/p>\n","protected":false},"author":2,"featured_media":0,"parent":469,"menu_order":10,"comment_status":"closed","ping_status":"closed","template":"","meta":[],"_links":{"self":[{"href":"http:\/\/kulturochkuriosa.se\/butik2\/wp-json\/wp\/v2\/pages\/544"}],"collection":[{"href":"http:\/\/kulturochkuriosa.se\/butik2\/wp-json\/wp\/v2\/pages"}],"about":[{"href":"http:\/\/kulturochkuriosa.se\/butik2\/wp-json\/wp\/v2\/types\/page"}],"author":[{"embeddable":true,"href":"http:\/\/kulturochkuriosa.se\/butik2\/wp-json\/wp\/v2\/users\/2"}],"replies":[{"embeddable":true,"href":"http:\/\/kulturochkuriosa.se\/butik2\/wp-json\/wp\/v2\/comments?post=544"}],"version-history":[{"count":4,"href":"http:\/\/kulturochkuriosa.se\/butik2\/wp-json\/wp\/v2\/pages\/544\/revisions"}],"predecessor-version":[{"id":1080,"href":"http:\/\/kulturochkuriosa.se\/butik2\/wp-json\/wp\/v2\/pages\/544\/revisions\/1080"}],"up":[{"embeddable":true,"href":"http:\/\/kulturochkuriosa.se\/butik2\/wp-json\/wp\/v2\/pages\/469"}],"wp:attachment":[{"href":"http:\/\/kulturochkuriosa.se\/butik2\/wp-json\/wp\/v2\/media?parent=544"}],"curies":[{"name":"wp","href":"https:\/\/api.w.org\/{rel}","templated":true}]}}