{"id":533,"date":"2015-02-23T10:56:19","date_gmt":"2015-02-23T09:56:19","guid":{"rendered":"http:\/\/kulturochkuriosa.se\/butik2\/?page_id=533"},"modified":"2017-02-17T14:43:27","modified_gmt":"2017-02-17T13:43:27","slug":"servisglas","status":"publish","type":"page","link":"http:\/\/kulturochkuriosa.se\/butik2\/glas\/reijmyre\/servisglas\/","title":{"rendered":"Servisglas"},"content":{"rendered":"<p>H\u00e4r finns bland annat glas av Bj\u00f6rn Tr\u00e4dg\u00e5rd, Monica Bratt och Lennart Ros\u00e9n.<\/p>\n<table style=\"height: auto; background-color: #b4b4b4; width: 100%;\">\n<tbody>\n<tr>\n<td style=\"border: 2px solid #f5f0f0; width: 25%;\"><a href=\"http:\/\/kulturochkuriosa.se\/butik2\/wp-content\/uploads\/2015\/02\/snapsglas-delfin.jpg\" class=\"gallery_colorbox\"><img loading=\"lazy\" class=\"aligncenter size-medium wp-image-536\" src=\"http:\/\/kulturochkuriosa.se\/butik2\/wp-content\/uploads\/2015\/02\/snapsglas-delfin-300x225.jpg\"  alt=\"snapsglas delfin\" width=\"100%\" height=\"auto\" srcset=\"http:\/\/kulturochkuriosa.se\/butik2\/wp-content\/uploads\/2015\/02\/snapsglas-delfin-300x225.jpg 300w, http:\/\/kulturochkuriosa.se\/butik2\/wp-content\/uploads\/2015\/02\/snapsglas-delfin-1024x768.jpg 1024w, http:\/\/kulturochkuriosa.se\/butik2\/wp-content\/uploads\/2015\/02\/snapsglas-delfin.jpg 1134w\" sizes=\"(max-width: 300px) 100vw, 300px\" \/><\/a><\/td>\n<td style=\"border: 2px solid #f5f0f0; width: 25%;\">\u00a0<a href=\"http:\/\/kulturochkuriosa.se\/butik2\/wp-content\/uploads\/2015\/02\/karaffer-delfin-bl\u00e5-och-gr\u00f6n.jpg\" class=\"gallery_colorbox\"><img loading=\"lazy\" class=\"aligncenter size-medium wp-image-1037\" src=\"http:\/\/kulturochkuriosa.se\/butik2\/wp-content\/uploads\/2015\/02\/karaffer-delfin-bl\u00e5-och-gr\u00f6n-300x225.jpg\"  alt=\"karaffer delfin bl\u00e5 och gr\u00f6n\" width=\"100%\" height=\"auto\" srcset=\"http:\/\/kulturochkuriosa.se\/butik2\/wp-content\/uploads\/2015\/02\/karaffer-delfin-bl\u00e5-och-gr\u00f6n-300x225.jpg 300w, http:\/\/kulturochkuriosa.se\/butik2\/wp-content\/uploads\/2015\/02\/karaffer-delfin-bl\u00e5-och-gr\u00f6n-768x576.jpg 768w, http:\/\/kulturochkuriosa.se\/butik2\/wp-content\/uploads\/2015\/02\/karaffer-delfin-bl\u00e5-och-gr\u00f6n-1024x768.jpg 1024w, http:\/\/kulturochkuriosa.se\/butik2\/wp-content\/uploads\/2015\/02\/karaffer-delfin-bl\u00e5-och-gr\u00f6n.jpg 1134w\" sizes=\"(max-width: 300px) 100vw, 300px\" \/><\/a><\/td>\n<td style=\"border: 2px solid #f5f0f0; width: 25%;\"><a href=\"http:\/\/kulturochkuriosa.se\/butik2\/wp-content\/uploads\/2015\/02\/karaff-viking.jpg\" class=\"gallery_colorbox\" rel=\"attachment wp-att-898\"><img loading=\"lazy\" class=\"aligncenter size-medium wp-image-898\" src=\"http:\/\/kulturochkuriosa.se\/butik2\/wp-content\/uploads\/2015\/02\/karaff-viking-300x225.jpg\"  alt=\"karaff viking\" width=\"100%\" height=\"auto\" srcset=\"http:\/\/kulturochkuriosa.se\/butik2\/wp-content\/uploads\/2015\/02\/karaff-viking-300x225.jpg 300w, http:\/\/kulturochkuriosa.se\/butik2\/wp-content\/uploads\/2015\/02\/karaff-viking-768x576.jpg 768w, http:\/\/kulturochkuriosa.se\/butik2\/wp-content\/uploads\/2015\/02\/karaff-viking-1024x768.jpg 1024w, http:\/\/kulturochkuriosa.se\/butik2\/wp-content\/uploads\/2015\/02\/karaff-viking.jpg 1134w\" sizes=\"(max-width: 300px) 100vw, 300px\" \/><\/a><\/td>\n<td style=\"border: 2px solid #f5f0f0; width: 25%;\"><a href=\"http:\/\/kulturochkuriosa.se\/butik2\/wp-content\/uploads\/2015\/02\/karaff-viking-2.jpg\" class=\"gallery_colorbox\" rel=\"attachment wp-att-899\"><img loading=\"lazy\" class=\"aligncenter size-medium wp-image-899\" src=\"http:\/\/kulturochkuriosa.se\/butik2\/wp-content\/uploads\/2015\/02\/karaff-viking-2-225x300.jpg\"  alt=\"karaff viking-2\" width=\"80%\" height=\"auto\" srcset=\"http:\/\/kulturochkuriosa.se\/butik2\/wp-content\/uploads\/2015\/02\/karaff-viking-2-225x300.jpg 225w, http:\/\/kulturochkuriosa.se\/butik2\/wp-content\/uploads\/2015\/02\/karaff-viking-2-768x1024.jpg 768w, http:\/\/kulturochkuriosa.se\/butik2\/wp-content\/uploads\/2015\/02\/karaff-viking-2.jpg 850w\" sizes=\"(max-width: 225px) 100vw, 225px\" \/><\/a><\/td>\n<\/tr>\n<tr style=\"vertical-align: top; background-color: #d4d4d4;\">\n<td style=\"border: 2px solid #f5f0f0; width: 25%;\">Snapsglas \u201dDelfin\u201d, 60-tal, h\u00f6jd 8 cm, <del>pris 500:- f\u00f6r 6 st.<\/del> Tv\u00e5 kvar 100:- per styck.<del><br \/>\n<\/del><\/td>\n<td style=\"border: 2px solid #f5f0f0; width: 25%;\">\u00a0Karaffer &#8221;Delfin&#8221;, etsad dekor p\u00e5 vackert f\u00e4rgat glas. H\u00f6jd 21 cm, pris 400:- per styck. <strong>Den gr\u00f6na \u00e4r s\u00e5ld.<\/strong><\/td>\n<td style=\"border: 2px solid #f5f0f0; width: 25%;\" colspan=\"2\">\u00a0 Karaff &#8221;Viking&#8221;, tillverkad fr\u00e5n 60-tal och fram\u00e5t, etsad dekor, h\u00f6jd 15 cm, pris 300:-.<\/td>\n<\/tr>\n<tr>\n<td style=\"border: 2px solid #f5f0f0; width: 25%;\"><a href=\"http:\/\/kulturochkuriosa.se\/butik2\/wp-content\/uploads\/2015\/02\/Swedish-old-div.jpg\" class=\"gallery_colorbox\" rel=\"attachment wp-att-983\"><img loading=\"lazy\" class=\"aligncenter size-medium wp-image-983\" src=\"http:\/\/kulturochkuriosa.se\/butik2\/wp-content\/uploads\/2015\/02\/Swedish-old-div-300x225.jpg\"  alt=\"Swedish old div\" width=\"100%\" height=\"auto\" srcset=\"http:\/\/kulturochkuriosa.se\/butik2\/wp-content\/uploads\/2015\/02\/Swedish-old-div-300x225.jpg 300w, http:\/\/kulturochkuriosa.se\/butik2\/wp-content\/uploads\/2015\/02\/Swedish-old-div-768x576.jpg 768w, http:\/\/kulturochkuriosa.se\/butik2\/wp-content\/uploads\/2015\/02\/Swedish-old-div-1024x768.jpg 1024w, http:\/\/kulturochkuriosa.se\/butik2\/wp-content\/uploads\/2015\/02\/Swedish-old-div.jpg 1134w\" sizes=\"(max-width: 300px) 100vw, 300px\" \/><\/a><\/td>\n<td style=\"border: 2px solid #f5f0f0; width: 25%;\"><a href=\"http:\/\/kulturochkuriosa.se\/butik2\/wp-content\/uploads\/2015\/02\/Swedish-old-tre.jpg\" class=\"gallery_colorbox\" rel=\"attachment wp-att-978\"><img loading=\"lazy\" class=\"aligncenter size-medium wp-image-978\" src=\"http:\/\/kulturochkuriosa.se\/butik2\/wp-content\/uploads\/2015\/02\/Swedish-old-tre-300x225.jpg\"  alt=\"Swedish old tre\" width=\"100%\" height=\"auto\" srcset=\"http:\/\/kulturochkuriosa.se\/butik2\/wp-content\/uploads\/2015\/02\/Swedish-old-tre-300x225.jpg 300w, http:\/\/kulturochkuriosa.se\/butik2\/wp-content\/uploads\/2015\/02\/Swedish-old-tre-768x576.jpg 768w, http:\/\/kulturochkuriosa.se\/butik2\/wp-content\/uploads\/2015\/02\/Swedish-old-tre-1024x768.jpg 1024w, http:\/\/kulturochkuriosa.se\/butik2\/wp-content\/uploads\/2015\/02\/Swedish-old-tre.jpg 1134w\" sizes=\"(max-width: 300px) 100vw, 300px\" \/><\/a><\/td>\n<td style=\"border: 2px solid #f5f0f0; width: 25%;\"><a href=\"http:\/\/kulturochkuriosa.se\/butik2\/wp-content\/uploads\/2015\/02\/Swedish-old-kanna.jpg\" class=\"gallery_colorbox\" rel=\"attachment wp-att-979\"><img loading=\"lazy\" class=\"aligncenter size-medium wp-image-979\" src=\"http:\/\/kulturochkuriosa.se\/butik2\/wp-content\/uploads\/2015\/02\/Swedish-old-kanna-225x300.jpg\"  alt=\"Swedish old kanna\" width=\"80%\" height=\"auto\" srcset=\"http:\/\/kulturochkuriosa.se\/butik2\/wp-content\/uploads\/2015\/02\/Swedish-old-kanna-225x300.jpg 225w, http:\/\/kulturochkuriosa.se\/butik2\/wp-content\/uploads\/2015\/02\/Swedish-old-kanna-768x1024.jpg 768w, http:\/\/kulturochkuriosa.se\/butik2\/wp-content\/uploads\/2015\/02\/Swedish-old-kanna.jpg 850w\" sizes=\"(max-width: 225px) 100vw, 225px\" \/><\/a><\/td>\n<td style=\"border: 2px solid #f5f0f0; width: 25%;\"><a href=\"http:\/\/kulturochkuriosa.se\/butik2\/wp-content\/uploads\/2015\/02\/Swedish-old-sk\u00e5l.jpg\" class=\"gallery_colorbox\" rel=\"attachment wp-att-980\"><img loading=\"lazy\" class=\"aligncenter size-medium wp-image-980\" src=\"http:\/\/kulturochkuriosa.se\/butik2\/wp-content\/uploads\/2015\/02\/Swedish-old-sk\u00e5l-300x225.jpg\"  alt=\"Swedish old sk\u00e5l\" width=\"100%\" height=\"auto\" srcset=\"http:\/\/kulturochkuriosa.se\/butik2\/wp-content\/uploads\/2015\/02\/Swedish-old-sk\u00e5l-300x225.jpg 300w, http:\/\/kulturochkuriosa.se\/butik2\/wp-content\/uploads\/2015\/02\/Swedish-old-sk\u00e5l-768x576.jpg 768w, http:\/\/kulturochkuriosa.se\/butik2\/wp-content\/uploads\/2015\/02\/Swedish-old-sk\u00e5l-1024x768.jpg 1024w, http:\/\/kulturochkuriosa.se\/butik2\/wp-content\/uploads\/2015\/02\/Swedish-old-sk\u00e5l.jpg 1134w\" sizes=\"(max-width: 300px) 100vw, 300px\" \/><\/a><\/td>\n<\/tr>\n<tr style=\"vertical-align: top; background-color: #d4d4d4;\">\n<td style=\"border: 2px solid #f5f0f0; width: 25%;\">\u00a0Swedish Old, en klassisk servis inspirerad av 1700-talsglas. Munbl\u00e5st och slipad, fortfarande i produktion.<\/td>\n<td style=\"border: 2px solid #f5f0f0; width: 25%;\">Vinglas h\u00f6jd 14,5 cm, pris 200:-, snapsglas h\u00f6jd 5,5 cm, pris 80:-, selter\/whisky h\u00f6jd 6,5 cm, pris 100:-.<\/td>\n<td style=\"border: 2px solid #f5f0f0; width: 25%;\">Kanna h\u00f6jd 15 cm, pris 350:-.<\/td>\n<td style=\"border: 2px solid #f5f0f0; width: 25%;\">Sk\u00e5l h\u00f6jd 10 cm, dia 17,5 cm, pris 400:-.<\/td>\n<\/tr>\n<tr>\n<td style=\"border: 2px solid #f5f0f0; width: 25%;\"><a href=\"http:\/\/kulturochkuriosa.se\/butik2\/wp-content\/uploads\/2015\/02\/Hertig-Carls-karaff.jpg\" class=\"gallery_colorbox\"><img loading=\"lazy\" class=\"aligncenter size-medium wp-image-1106\" src=\"http:\/\/kulturochkuriosa.se\/butik2\/wp-content\/uploads\/2015\/02\/Hertig-Carls-karaff-225x300.jpg\"  alt=\"\" width=\"80%\" height=\"auto\" srcset=\"http:\/\/kulturochkuriosa.se\/butik2\/wp-content\/uploads\/2015\/02\/Hertig-Carls-karaff-225x300.jpg 225w, http:\/\/kulturochkuriosa.se\/butik2\/wp-content\/uploads\/2015\/02\/Hertig-Carls-karaff-768x1024.jpg 768w, http:\/\/kulturochkuriosa.se\/butik2\/wp-content\/uploads\/2015\/02\/Hertig-Carls-karaff.jpg 850w\" sizes=\"(max-width: 225px) 100vw, 225px\" \/><\/a><\/td>\n<td style=\"border: 2px solid #f5f0f0; width: 25%;\"><a href=\"http:\/\/kulturochkuriosa.se\/butik2\/wp-content\/uploads\/2015\/02\/roy-sex-snaps.jpg\" class=\"gallery_colorbox\"><img loading=\"lazy\" class=\"aligncenter size-medium wp-image-1107\" src=\"http:\/\/kulturochkuriosa.se\/butik2\/wp-content\/uploads\/2015\/02\/roy-sex-snaps-300x225.jpg\"  alt=\"\" width=\"100%\" height=\"auto\" srcset=\"http:\/\/kulturochkuriosa.se\/butik2\/wp-content\/uploads\/2015\/02\/roy-sex-snaps-300x225.jpg 300w, http:\/\/kulturochkuriosa.se\/butik2\/wp-content\/uploads\/2015\/02\/roy-sex-snaps-768x576.jpg 768w, http:\/\/kulturochkuriosa.se\/butik2\/wp-content\/uploads\/2015\/02\/roy-sex-snaps-1024x768.jpg 1024w, http:\/\/kulturochkuriosa.se\/butik2\/wp-content\/uploads\/2015\/02\/roy-sex-snaps.jpg 1134w\" sizes=\"(max-width: 300px) 100vw, 300px\" \/><\/a><\/td>\n<td style=\"border: 2px solid #f5f0f0; width: 25%;\"><\/td>\n<td style=\"border: 2px solid #f5f0f0; width: 25%;\"><\/td>\n<\/tr>\n<tr style=\"vertical-align: top; background-color: #d4d4d4;\">\n<td style=\"border: 2px solid #f5f0f0; width: 25%;\">Hertig Carls karaff, \u00a0inspirerad av hertig Karls glas fr\u00e5n 1500-talets slut. H\u00f6jd 20 cm inkl propp, pris 450:-.<\/td>\n<td style=\"border: 2px solid #f5f0f0; width: 25%;\">Starkvin eller stort snapsglas &#8221;Roy&#8221;, munbl\u00e5st med luft i benet. H\u00f6jd 13,5 cm, pris 100:- per styck.<\/td>\n<td style=\"border: 2px solid #f5f0f0; width: 25%;\"><\/td>\n<td style=\"border: 2px solid #f5f0f0; width: 25%;\"><\/td>\n<\/tr>\n<tr>\n<td style=\"border: 2px solid #f5f0f0; background-color: #444444; width: 25%; text-align: center;\" colspan=\"4\"><span style=\"color: #ffffff;\">S\u00e5lda produkter<br \/>\n<\/span><\/td>\n<\/tr>\n<tr>\n<td style=\"border: 2px solid #f5f0f0; width: 25%;\"><a href=\"http:\/\/kulturochkuriosa.se\/butik2\/wp-content\/uploads\/2015\/02\/tv\u00e5-h\u00f6ga-glas.jpg\" class=\"gallery_colorbox\"><img loading=\"lazy\" class=\"aligncenter size-medium wp-image-537\" src=\"http:\/\/kulturochkuriosa.se\/butik2\/wp-content\/uploads\/2015\/02\/tv\u00e5-h\u00f6ga-glas-225x300.jpg\"  alt=\"tv\u00e5 h\u00f6ga glas\" width=\"80%\" height=\"auto\" srcset=\"http:\/\/kulturochkuriosa.se\/butik2\/wp-content\/uploads\/2015\/02\/tv\u00e5-h\u00f6ga-glas-225x300.jpg 225w, http:\/\/kulturochkuriosa.se\/butik2\/wp-content\/uploads\/2015\/02\/tv\u00e5-h\u00f6ga-glas-768x1024.jpg 768w, http:\/\/kulturochkuriosa.se\/butik2\/wp-content\/uploads\/2015\/02\/tv\u00e5-h\u00f6ga-glas.jpg 850w\" sizes=\"(max-width: 225px) 100vw, 225px\" \/><\/a><\/td>\n<td style=\"border: 2px solid #f5f0f0; width: 25%;\"><a href=\"http:\/\/kulturochkuriosa.se\/butik2\/wp-content\/uploads\/2015\/02\/snapsglas-Spirit-of-Sweden.jpg\" class=\"gallery_colorbox\"><img loading=\"lazy\" class=\"aligncenter size-medium wp-image-756\" src=\"http:\/\/kulturochkuriosa.se\/butik2\/wp-content\/uploads\/2015\/02\/snapsglas-Spirit-of-Sweden-225x300.jpg\"  alt=\"snapsglas Spirit of Sweden\" width=\"80%\" height=\"auto\" srcset=\"http:\/\/kulturochkuriosa.se\/butik2\/wp-content\/uploads\/2015\/02\/snapsglas-Spirit-of-Sweden-225x300.jpg 225w, http:\/\/kulturochkuriosa.se\/butik2\/wp-content\/uploads\/2015\/02\/snapsglas-Spirit-of-Sweden-768x1024.jpg 768w, http:\/\/kulturochkuriosa.se\/butik2\/wp-content\/uploads\/2015\/02\/snapsglas-Spirit-of-Sweden.jpg 850w\" sizes=\"(max-width: 225px) 100vw, 225px\" \/><\/a><\/td>\n<td style=\"border: 2px solid #f5f0f0; width: 25%;\"><\/td>\n<td style=\"border: 2px solid #f5f0f0; width: 25%;\"><\/td>\n<\/tr>\n<tr style=\"vertical-align: top; background-color: #d4d4d4;\">\n<td style=\"border: 2px solid #f5f0f0; width: 25%;\">Tv\u00e5 h\u00f6ga och h\u00e4ftiga glas. Hyttarbetade med luft i benet. H\u00f6jd 25 cm, <del>pris 500:- f\u00f6r paret.<\/del> <strong>S\u00e5lda.<\/strong><\/td>\n<td style=\"border: 2px solid #f5f0f0; width: 25%;\">Snapsglas &#8221;Spirit of Sweden&#8221; formgivet av Margareta Hennix. <del>Pris 150:-.<\/del> <strong>S\u00e5lda.<\/strong><\/td>\n<td style=\"border: 2px solid #f5f0f0; width: 25%;\"><\/td>\n<td style=\"border: 2px solid #f5f0f0; width: 25%;\"><\/td>\n<\/tr>\n<\/tbody>\n<\/table>\n<p>&nbsp;<\/p>\n","protected":false},"excerpt":{"rendered":"<p>H\u00e4r finns bland annat glas av Bj\u00f6rn Tr\u00e4dg\u00e5rd, Monica Bratt och Lennart Ros\u00e9n. \u00a0 Snapsglas \u201dDelfin\u201d, 60-tal, h\u00f6jd 8 cm, pris 500:- f\u00f6r 6 st. Tv\u00e5 kvar 100:- per styck. \u00a0Karaffer &#8221;Delfin&#8221;, etsad dekor p\u00e5 vackert f\u00e4rgat glas. H\u00f6jd 21 cm, pris 400:- per styck. Den gr\u00f6na \u00e4r s\u00e5ld. \u00a0 Karaff &#8221;Viking&#8221;, tillverkad fr\u00e5n 60-tal <a href='http:\/\/kulturochkuriosa.se\/butik2\/glas\/reijmyre\/servisglas\/' class='excerpt-more'>[&#8230;]<\/a><\/p>\n","protected":false},"author":2,"featured_media":0,"parent":469,"menu_order":30,"comment_status":"closed","ping_status":"closed","template":"","meta":[],"_links":{"self":[{"href":"http:\/\/kulturochkuriosa.se\/butik2\/wp-json\/wp\/v2\/pages\/533"}],"collection":[{"href":"http:\/\/kulturochkuriosa.se\/butik2\/wp-json\/wp\/v2\/pages"}],"about":[{"href":"http:\/\/kulturochkuriosa.se\/butik2\/wp-json\/wp\/v2\/types\/page"}],"author":[{"embeddable":true,"href":"http:\/\/kulturochkuriosa.se\/butik2\/wp-json\/wp\/v2\/users\/2"}],"replies":[{"embeddable":true,"href":"http:\/\/kulturochkuriosa.se\/butik2\/wp-json\/wp\/v2\/comments?post=533"}],"version-history":[{"count":13,"href":"http:\/\/kulturochkuriosa.se\/butik2\/wp-json\/wp\/v2\/pages\/533\/revisions"}],"predecessor-version":[{"id":1108,"href":"http:\/\/kulturochkuriosa.se\/butik2\/wp-json\/wp\/v2\/pages\/533\/revisions\/1108"}],"up":[{"embeddable":true,"href":"http:\/\/kulturochkuriosa.se\/butik2\/wp-json\/wp\/v2\/pages\/469"}],"wp:attachment":[{"href":"http:\/\/kulturochkuriosa.se\/butik2\/wp-json\/wp\/v2\/media?parent=533"}],"curies":[{"name":"wp","href":"https:\/\/api.w.org\/{rel}","templated":true}]}}