{"id":518,"date":"2015-02-23T10:40:51","date_gmt":"2015-02-23T09:40:51","guid":{"rendered":"http:\/\/kulturochkuriosa.se\/butik2\/?page_id=518"},"modified":"2018-01-27T14:16:47","modified_gmt":"2018-01-27T13:16:47","slug":"servisglas","status":"publish","type":"page","link":"http:\/\/kulturochkuriosa.se\/butik2\/glas\/orrefors\/servisglas\/","title":{"rendered":"Servisglas"},"content":{"rendered":"<p>H\u00e4r finns hur m\u00e5nga formgivare som helst, fr\u00e5n Gate och Hald via m\u00e5nga andra till bl.a Erika Lagerbielke.<\/p>\n<table style=\"height: auto; background-color: #b4b4b4; width: 100%;\">\n<tbody>\n<tr>\n<td style=\"border: 2px solid #f5f0f0; width: 25%;\"><a href=\"http:\/\/kulturochkuriosa.se\/butik2\/wp-content\/uploads\/2015\/02\/karaff-palmqvist-2858-2.jpg\" class=\"gallery_colorbox\"><img loading=\"lazy\" class=\"aligncenter size-medium wp-image-1090\" src=\"http:\/\/kulturochkuriosa.se\/butik2\/wp-content\/uploads\/2015\/02\/karaff-palmqvist-2858-2-225x300.jpg\"  alt=\"\" width=\"80%\" height=\"auto\" srcset=\"http:\/\/kulturochkuriosa.se\/butik2\/wp-content\/uploads\/2015\/02\/karaff-palmqvist-2858-2-225x300.jpg 225w, http:\/\/kulturochkuriosa.se\/butik2\/wp-content\/uploads\/2015\/02\/karaff-palmqvist-2858-2-768x1024.jpg 768w, http:\/\/kulturochkuriosa.se\/butik2\/wp-content\/uploads\/2015\/02\/karaff-palmqvist-2858-2.jpg 850w\" sizes=\"(max-width: 225px) 100vw, 225px\" \/><\/a><\/td>\n<td style=\"border: 2px solid #f5f0f0; width: 25%;\"><a href=\"http:\/\/kulturochkuriosa.se\/butik2\/wp-content\/uploads\/2015\/02\/HA-3026-karaff.jpg\" class=\"gallery_colorbox\"><img loading=\"lazy\" class=\"aligncenter size-medium wp-image-1091\" src=\"http:\/\/kulturochkuriosa.se\/butik2\/wp-content\/uploads\/2015\/02\/HA-3026-karaff-225x300.jpg\"  alt=\"\" width=\"80%\" height=\"auto\" srcset=\"http:\/\/kulturochkuriosa.se\/butik2\/wp-content\/uploads\/2015\/02\/HA-3026-karaff-225x300.jpg 225w, http:\/\/kulturochkuriosa.se\/butik2\/wp-content\/uploads\/2015\/02\/HA-3026-karaff-768x1024.jpg 768w, http:\/\/kulturochkuriosa.se\/butik2\/wp-content\/uploads\/2015\/02\/HA-3026-karaff.jpg 850w\" sizes=\"(max-width: 225px) 100vw, 225px\" \/><\/a><\/td>\n<td style=\"border: 2px solid #f5f0f0; width: 25%;\"><a href=\"http:\/\/kulturochkuriosa.se\/butik2\/wp-content\/uploads\/2015\/02\/karaff-P4209-831.jpg\" class=\"gallery_colorbox\"><img loading=\"lazy\" class=\"aligncenter size-medium wp-image-1092\" src=\"http:\/\/kulturochkuriosa.se\/butik2\/wp-content\/uploads\/2015\/02\/karaff-P4209-831-225x300.jpg\"  alt=\"\" width=\"80%\" height=\"auto\" srcset=\"http:\/\/kulturochkuriosa.se\/butik2\/wp-content\/uploads\/2015\/02\/karaff-P4209-831-225x300.jpg 225w, http:\/\/kulturochkuriosa.se\/butik2\/wp-content\/uploads\/2015\/02\/karaff-P4209-831-768x1024.jpg 768w, http:\/\/kulturochkuriosa.se\/butik2\/wp-content\/uploads\/2015\/02\/karaff-P4209-831.jpg 850w\" sizes=\"(max-width: 225px) 100vw, 225px\" \/><\/a><\/td>\n<td style=\"border: 2px solid #f5f0f0; width: 25%;\"><a href=\"http:\/\/kulturochkuriosa.se\/butik2\/wp-content\/uploads\/2015\/02\/karaff-4200-731.jpg\" class=\"gallery_colorbox\" rel=\"attachment wp-att-966\"><img loading=\"lazy\" class=\"aligncenter size-medium wp-image-966\" src=\"http:\/\/kulturochkuriosa.se\/butik2\/wp-content\/uploads\/2015\/02\/karaff-4200-731-225x300.jpg\"  alt=\"karaff 4200-731\" width=\"80%\" height=\"auto\" srcset=\"http:\/\/kulturochkuriosa.se\/butik2\/wp-content\/uploads\/2015\/02\/karaff-4200-731-225x300.jpg 225w, http:\/\/kulturochkuriosa.se\/butik2\/wp-content\/uploads\/2015\/02\/karaff-4200-731-768x1024.jpg 768w, http:\/\/kulturochkuriosa.se\/butik2\/wp-content\/uploads\/2015\/02\/karaff-4200-731.jpg 850w\" sizes=\"(max-width: 225px) 100vw, 225px\" \/><\/a><\/td>\n<\/tr>\n<tr style=\"vertical-align: top; background-color: #d4d4d4;\">\n<td style=\"border: 2px solid #f5f0f0; width: 25%;\">Karaff P 2858 formgiven av Sven Palmqvist 1944. H\u00f6jd 23,5 cm inkl propp, pris 700:-.<\/td>\n<td style=\"border: 2px solid #f5f0f0; width: 25%;\">Karaff HA 3026, formgiven av Edvard Hald 1945. V\u00e4ldigt lik P 2858 fr\u00e5nsett fiskdekoren. Pris 800:-. Finns tillh\u00f6rande grogglas med samma fiskdekor, pris 150:-.<\/td>\n<td style=\"border: 2px solid #f5f0f0; width: 25%;\">Ovanlig karaff P 4209-831, formgiven av Sven Palmqvist i b\u00f6rjan av 60-talet. H\u00f6jd 23 cm, pris 600:-.<\/td>\n<td style=\"border: 2px solid #f5f0f0; width: 25%;\">Stor karaff med modellnr 4200\/731, formgiven av Nils Landberg. Ingen signering men en ovanlig etikett, rektangul\u00e4r orange &#8221;Orrefors&#8221;. H\u00f6jd 28 cm, dia19,5 cm, pris 500:-.<\/td>\n<\/tr>\n<tr>\n<td style=\"border: 2px solid #f5f0f0; width: 25%;\"><a href=\"http:\/\/kulturochkuriosa.se\/butik2\/wp-content\/uploads\/2015\/02\/Berit-r\u00f6dvin.jpg\" class=\"gallery_colorbox\"><img loading=\"lazy\" class=\"aligncenter size-medium wp-image-1093\" src=\"http:\/\/kulturochkuriosa.se\/butik2\/wp-content\/uploads\/2015\/02\/Berit-r\u00f6dvin-225x300.jpg\"  alt=\"\" width=\"80%\" height=\"auto\" srcset=\"http:\/\/kulturochkuriosa.se\/butik2\/wp-content\/uploads\/2015\/02\/Berit-r\u00f6dvin-225x300.jpg 225w, http:\/\/kulturochkuriosa.se\/butik2\/wp-content\/uploads\/2015\/02\/Berit-r\u00f6dvin-768x1024.jpg 768w, http:\/\/kulturochkuriosa.se\/butik2\/wp-content\/uploads\/2015\/02\/Berit-r\u00f6dvin.jpg 850w\" sizes=\"(max-width: 225px) 100vw, 225px\" \/><\/a><\/td>\n<td style=\"border: 2px solid #f5f0f0; width: 25%;\">\u00a0<a href=\"http:\/\/kulturochkuriosa.se\/butik2\/wp-content\/uploads\/2018\/01\/vinglas-svan.jpg\" class=\"gallery_colorbox\"><img loading=\"lazy\" class=\"aligncenter size-medium wp-image-1121\" src=\"http:\/\/kulturochkuriosa.se\/butik2\/wp-content\/uploads\/2018\/01\/vinglas-svan-225x300.jpg\"  alt=\"\" width=\"225\" height=\"300\" srcset=\"http:\/\/kulturochkuriosa.se\/butik2\/wp-content\/uploads\/2018\/01\/vinglas-svan-225x300.jpg 225w, http:\/\/kulturochkuriosa.se\/butik2\/wp-content\/uploads\/2018\/01\/vinglas-svan-768x1024.jpg 768w, http:\/\/kulturochkuriosa.se\/butik2\/wp-content\/uploads\/2018\/01\/vinglas-svan.jpg 850w\" sizes=\"(max-width: 225px) 100vw, 225px\" \/><\/a><\/td>\n<td style=\"border: 2px solid #f5f0f0; width: 25%;\"><a href=\"http:\/\/kulturochkuriosa.se\/butik2\/wp-content\/uploads\/2015\/02\/salut-guldgula.jpg\" class=\"gallery_colorbox\"><img loading=\"lazy\" class=\"aligncenter size-medium wp-image-1032\" src=\"http:\/\/kulturochkuriosa.se\/butik2\/wp-content\/uploads\/2015\/02\/salut-guldgula-300x225.jpg\"  alt=\"salut guldgula\" width=\"100%\" height=\"auto\" srcset=\"http:\/\/kulturochkuriosa.se\/butik2\/wp-content\/uploads\/2015\/02\/salut-guldgula-300x225.jpg 300w, http:\/\/kulturochkuriosa.se\/butik2\/wp-content\/uploads\/2015\/02\/salut-guldgula-768x576.jpg 768w, http:\/\/kulturochkuriosa.se\/butik2\/wp-content\/uploads\/2015\/02\/salut-guldgula-1024x768.jpg 1024w, http:\/\/kulturochkuriosa.se\/butik2\/wp-content\/uploads\/2015\/02\/salut-guldgula.jpg 1134w\" sizes=\"(max-width: 300px) 100vw, 300px\" \/><\/a><\/td>\n<td style=\"border: 2px solid #f5f0f0; width: 25%;\"><a href=\"http:\/\/kulturochkuriosa.se\/butik2\/wp-content\/uploads\/2015\/02\/lisa-r\u00f6dvin.jpg\" class=\"gallery_colorbox\"><img loading=\"lazy\" class=\"aligncenter size-medium wp-image-1042\" src=\"http:\/\/kulturochkuriosa.se\/butik2\/wp-content\/uploads\/2015\/02\/lisa-r\u00f6dvin-300x225.jpg\"  alt=\"lisa r\u00f6dvin\" width=\"100%\" height=\"auto\" srcset=\"http:\/\/kulturochkuriosa.se\/butik2\/wp-content\/uploads\/2015\/02\/lisa-r\u00f6dvin-300x225.jpg 300w, http:\/\/kulturochkuriosa.se\/butik2\/wp-content\/uploads\/2015\/02\/lisa-r\u00f6dvin-768x576.jpg 768w, http:\/\/kulturochkuriosa.se\/butik2\/wp-content\/uploads\/2015\/02\/lisa-r\u00f6dvin-1024x768.jpg 1024w, http:\/\/kulturochkuriosa.se\/butik2\/wp-content\/uploads\/2015\/02\/lisa-r\u00f6dvin.jpg 1134w\" sizes=\"(max-width: 300px) 100vw, 300px\" \/><\/a><\/td>\n<\/tr>\n<tr style=\"vertical-align: top; background-color: #d4d4d4;\">\n<td style=\"border: 2px solid #f5f0f0; width: 25%;\">\u00a0B\u00e5de ovanligt och l\u00e4ckert r\u00f6dvinsglas &#8221;Berit&#8221;, formgivet av Jan Johansson. H\u00f6jd 17 cm, dia 7 cm, pris 200:-.<\/td>\n<td style=\"border: 2px solid #f5f0f0; width: 25%;\">Mycket ovanliga glas, formgivna av Eva Englund. Samma form som &#8221;Maja&#8221; men med svandekor. Signerade EE. AL. Finns 5 st, pris 150:- per styck.<\/td>\n<td style=\"border: 2px solid #f5f0f0; width: 25%;\">Champagne eller vitvinsglas &#8221;Salut&#8221; av Simon Gate i en v\u00e4ldigt vacker ljust guldgul nyans. Pris 200:-. <strong>Tillf slut<\/strong>. Finns \u00e4ven of\u00e4rgade, pris 180:-.<\/td>\n<td style=\"border: 2px solid #f5f0f0; width: 25%;\">\u00a0R\u00f6dvinsglas &#8221;Lisa&#8221; formgivna av Olle Alberius. H\u00f6jd 20 cm, dia 7 cm, pris 150:-.<\/td>\n<\/tr>\n<tr>\n<td style=\"border: 2px solid #f5f0f0; width: 25%;\"><a href=\"http:\/\/kulturochkuriosa.se\/butik2\/wp-content\/uploads\/2018\/01\/karaff-Silvia-da-3805-16.jpg\" class=\"gallery_colorbox\"><img loading=\"lazy\" class=\"aligncenter size-medium wp-image-1122\" src=\"http:\/\/kulturochkuriosa.se\/butik2\/wp-content\/uploads\/2018\/01\/karaff-Silvia-da-3805-16-225x300.jpg\"  alt=\"\" width=\"80%\" height=\"auto\" srcset=\"http:\/\/kulturochkuriosa.se\/butik2\/wp-content\/uploads\/2018\/01\/karaff-Silvia-da-3805-16-225x300.jpg 225w, http:\/\/kulturochkuriosa.se\/butik2\/wp-content\/uploads\/2018\/01\/karaff-Silvia-da-3805-16-768x1024.jpg 768w, http:\/\/kulturochkuriosa.se\/butik2\/wp-content\/uploads\/2018\/01\/karaff-Silvia-da-3805-16.jpg 850w\" sizes=\"(max-width: 225px) 100vw, 225px\" \/><\/a><\/td>\n<td style=\"border: 2px solid #f5f0f0; width: 25%;\"><a href=\"http:\/\/kulturochkuriosa.se\/butik2\/wp-content\/uploads\/2018\/01\/gate-vinglas.jpg\" class=\"gallery_colorbox\"><img loading=\"lazy\" class=\"aligncenter size-medium wp-image-1123\" src=\"http:\/\/kulturochkuriosa.se\/butik2\/wp-content\/uploads\/2018\/01\/gate-vinglas-225x300.jpg\"  alt=\"\" width=\"80%\" height=\"auto\" srcset=\"http:\/\/kulturochkuriosa.se\/butik2\/wp-content\/uploads\/2018\/01\/gate-vinglas-225x300.jpg 225w, http:\/\/kulturochkuriosa.se\/butik2\/wp-content\/uploads\/2018\/01\/gate-vinglas-768x1024.jpg 768w, http:\/\/kulturochkuriosa.se\/butik2\/wp-content\/uploads\/2018\/01\/gate-vinglas.jpg 850w\" sizes=\"(max-width: 225px) 100vw, 225px\" \/><\/a><\/td>\n<td style=\"border: 2px solid #f5f0f0; width: 25%;\"><\/td>\n<td style=\"border: 2px solid #f5f0f0; width: 25%;\"><\/td>\n<\/tr>\n<tr style=\"vertical-align: top; background-color: #d4d4d4;\">\n<td style=\"border: 2px solid #f5f0f0; width: 25%;\">Karaff &#8221;Silvia&#8221; formgiven av Ingeborg Lundin, signerad D 3805-821.\u00a0 H\u00f6jd 21 cm, pris 1000:-.<\/td>\n<td style=\"border: 2px solid #f5f0f0; width: 25%;\">\u00a0Fantastiskt vacker \u00f6l\/vinglas GA 82 eller &#8221;Gate&#8221; givetvis formgivet av Simon Gate. H\u00f6jd 18,5 cm, dia 9 cm, pris 600:-.<\/td>\n<td style=\"border: 2px solid #f5f0f0; width: 25%;\"><\/td>\n<td style=\"border: 2px solid #f5f0f0; width: 25%;\"><\/td>\n<\/tr>\n<tr>\n<td style=\"border: 2px solid #f5f0f0; width: 25%;\"><a href=\"http:\/\/kulturochkuriosa.se\/butik2\/wp-content\/uploads\/2015\/02\/vasa-samling_1.jpg\" class=\"gallery_colorbox\"><img loading=\"lazy\" class=\"aligncenter size-medium wp-image-521\" src=\"http:\/\/kulturochkuriosa.se\/butik2\/wp-content\/uploads\/2015\/02\/vasa-samling_1-300x212.jpg\"  alt=\"vasa samling_1\" width=\"100%\" height=\"auto\" srcset=\"http:\/\/kulturochkuriosa.se\/butik2\/wp-content\/uploads\/2015\/02\/vasa-samling_1-300x212.jpg 300w, http:\/\/kulturochkuriosa.se\/butik2\/wp-content\/uploads\/2015\/02\/vasa-samling_1.jpg 842w\" sizes=\"(max-width: 300px) 100vw, 300px\" \/><\/a><\/td>\n<td style=\"border: 2px solid #f5f0f0; width: 25%;\">\u00a0<a href=\"http:\/\/kulturochkuriosa.se\/butik2\/wp-content\/uploads\/2015\/02\/vasa-snaps.jpg\" class=\"gallery_colorbox\"><img loading=\"lazy\" class=\"aligncenter size-medium wp-image-522\" src=\"http:\/\/kulturochkuriosa.se\/butik2\/wp-content\/uploads\/2015\/02\/vasa-snaps-212x300.jpg\"  alt=\"vasa snaps\" width=\"80%\" height=\"auto\" srcset=\"http:\/\/kulturochkuriosa.se\/butik2\/wp-content\/uploads\/2015\/02\/vasa-snaps-212x300.jpg 212w, http:\/\/kulturochkuriosa.se\/butik2\/wp-content\/uploads\/2015\/02\/vasa-snaps.jpg 595w\" sizes=\"(max-width: 212px) 100vw, 212px\" \/><\/a><\/td>\n<td style=\"border: 2px solid #f5f0f0; width: 25%;\">\u00a0<a href=\"http:\/\/kulturochkuriosa.se\/butik2\/wp-content\/uploads\/2015\/02\/vasa-madeira.jpg\" class=\"gallery_colorbox\"><img loading=\"lazy\" class=\"aligncenter size-medium wp-image-524\" src=\"http:\/\/kulturochkuriosa.se\/butik2\/wp-content\/uploads\/2015\/02\/vasa-madeira-212x300.jpg\"  alt=\"vasa madeira\" width=\"80%\" height=\"auto\" srcset=\"http:\/\/kulturochkuriosa.se\/butik2\/wp-content\/uploads\/2015\/02\/vasa-madeira-212x300.jpg 212w, http:\/\/kulturochkuriosa.se\/butik2\/wp-content\/uploads\/2015\/02\/vasa-madeira.jpg 595w\" sizes=\"(max-width: 212px) 100vw, 212px\" \/><\/a><\/td>\n<td style=\"border: 2px solid #f5f0f0; width: 25%;\">\u00a0<a href=\"http:\/\/kulturochkuriosa.se\/butik2\/wp-content\/uploads\/2015\/02\/vasa-selter.jpg\" class=\"gallery_colorbox\"><img loading=\"lazy\" class=\"aligncenter size-medium wp-image-525\" src=\"http:\/\/kulturochkuriosa.se\/butik2\/wp-content\/uploads\/2015\/02\/vasa-selter-212x300.jpg\"  alt=\"vasa selter\" width=\"80%\" height=\"auto\" srcset=\"http:\/\/kulturochkuriosa.se\/butik2\/wp-content\/uploads\/2015\/02\/vasa-selter-212x300.jpg 212w, http:\/\/kulturochkuriosa.se\/butik2\/wp-content\/uploads\/2015\/02\/vasa-selter.jpg 595w\" sizes=\"(max-width: 212px) 100vw, 212px\" \/><\/a><\/td>\n<\/tr>\n<tr style=\"vertical-align: top; background-color: #d4d4d4;\">\n<td style=\"border: 2px solid #f5f0f0; width: 25%;\">Vasa, eller GS1239, stilren servis formgiven av Simon Gate.<\/td>\n<td style=\"border: 2px solid #f5f0f0; width: 25%;\">\u00a0Snaps, h\u00f6jd 8 cm, pris 80:-<\/td>\n<td style=\"border: 2px solid #f5f0f0; width: 25%;\">\u00a0Madierask\u00e5l, h\u00f6jd 6,5 cm, pris 80:-<\/td>\n<td style=\"border: 2px solid #f5f0f0; width: 25%;\">\u00a0Selterglas, h\u00f6jd 8cm, pris 80:- <strong>Tillf slut.<\/strong><\/td>\n<\/tr>\n<tr>\n<td style=\"border: 2px solid #f5f0f0; width: 25%;\"><a href=\"http:\/\/kulturochkuriosa.se\/butik2\/wp-content\/uploads\/2015\/02\/vasa-grogg.jpg\" class=\"gallery_colorbox\"><img loading=\"lazy\" class=\"aligncenter size-medium wp-image-527\" src=\"http:\/\/kulturochkuriosa.se\/butik2\/wp-content\/uploads\/2015\/02\/vasa-grogg-212x300.jpg\"  alt=\"vasa grogg\" width=\"80%\" height=\"auto\" srcset=\"http:\/\/kulturochkuriosa.se\/butik2\/wp-content\/uploads\/2015\/02\/vasa-grogg-212x300.jpg 212w, http:\/\/kulturochkuriosa.se\/butik2\/wp-content\/uploads\/2015\/02\/vasa-grogg.jpg 595w\" sizes=\"(max-width: 212px) 100vw, 212px\" \/><\/a><\/td>\n<td style=\"border: 2px solid #f5f0f0; width: 25%;\"><a href=\"http:\/\/kulturochkuriosa.se\/butik2\/wp-content\/uploads\/2015\/02\/vasa-starkvin.jpg\" class=\"gallery_colorbox\"><img loading=\"lazy\" class=\"aligncenter size-medium wp-image-528\" src=\"http:\/\/kulturochkuriosa.se\/butik2\/wp-content\/uploads\/2015\/02\/vasa-starkvin-212x300.jpg\"  alt=\"vasa starkvin\" width=\"80%\" height=\"auto\" srcset=\"http:\/\/kulturochkuriosa.se\/butik2\/wp-content\/uploads\/2015\/02\/vasa-starkvin-212x300.jpg 212w, http:\/\/kulturochkuriosa.se\/butik2\/wp-content\/uploads\/2015\/02\/vasa-starkvin.jpg 595w\" sizes=\"(max-width: 212px) 100vw, 212px\" \/><\/a><\/td>\n<td style=\"border: 2px solid #f5f0f0; width: 25%;\"><a href=\"http:\/\/kulturochkuriosa.se\/butik2\/wp-content\/uploads\/2015\/02\/vasa-vin.jpg\" class=\"gallery_colorbox\"><img loading=\"lazy\" class=\"aligncenter size-medium wp-image-529\" src=\"http:\/\/kulturochkuriosa.se\/butik2\/wp-content\/uploads\/2015\/02\/vasa-vin-212x300.jpg\"  alt=\"vasa vin\" width=\"80%\" height=\"auto\" srcset=\"http:\/\/kulturochkuriosa.se\/butik2\/wp-content\/uploads\/2015\/02\/vasa-vin-212x300.jpg 212w, http:\/\/kulturochkuriosa.se\/butik2\/wp-content\/uploads\/2015\/02\/vasa-vin.jpg 595w\" sizes=\"(max-width: 212px) 100vw, 212px\" \/><\/a><\/td>\n<td style=\"border: 2px solid #f5f0f0; width: 25%;\">\u00a0<a href=\"http:\/\/kulturochkuriosa.se\/butik2\/wp-content\/uploads\/2015\/02\/vasa-samling_2.jpg\" class=\"gallery_colorbox\"><img loading=\"lazy\" class=\"aligncenter size-medium wp-image-531\" src=\"http:\/\/kulturochkuriosa.se\/butik2\/wp-content\/uploads\/2015\/02\/vasa-samling_2-212x300.jpg\"  alt=\"vasa samling_2\" width=\"80%\" height=\"auto\" srcset=\"http:\/\/kulturochkuriosa.se\/butik2\/wp-content\/uploads\/2015\/02\/vasa-samling_2-212x300.jpg 212w, http:\/\/kulturochkuriosa.se\/butik2\/wp-content\/uploads\/2015\/02\/vasa-samling_2.jpg 595w\" sizes=\"(max-width: 212px) 100vw, 212px\" \/><\/a><\/td>\n<\/tr>\n<tr style=\"vertical-align: top; background-color: #d4d4d4;\">\n<td style=\"border: 2px solid #f5f0f0; width: 25%;\">Grogglas, h\u00f6jd 14 cm, pris 80:- <strong>Tillf slut.<\/strong><\/td>\n<td style=\"border: 2px solid #f5f0f0; width: 25%;\">Vin, h\u00f6jd 10,5 cm, <del>pris 100:-.<\/del>\u00a0<strong>Tillf slut.<\/strong><\/td>\n<td style=\"border: 2px solid #f5f0f0; width: 25%;\">Vin, h\u00f6jd 12,5 cm, pris 125:- <strong>Tillf slut.<\/strong><\/td>\n<td style=\"border: 2px solid #f5f0f0; width: 25%;\"><\/td>\n<\/tr>\n<tr>\n<td style=\"border: 2px solid #f5f0f0; background-color: #444444; width: 25%; text-align: center;\" colspan=\"4\"><span style=\"color: #ffffff;\">S\u00e5lda produkter<br \/>\n<\/span><\/td>\n<\/tr>\n<tr>\n<td style=\"border: 2px solid #f5f0f0; width: 25%;\"><a href=\"http:\/\/kulturochkuriosa.se\/butik2\/wp-content\/uploads\/2015\/02\/karin-vinglas.jpg\" class=\"gallery_colorbox\"><img loading=\"lazy\" class=\"aligncenter size-medium wp-image-632\" src=\"http:\/\/kulturochkuriosa.se\/butik2\/wp-content\/uploads\/2015\/02\/karin-vinglas-225x300.jpg\"  alt=\"karin vinglas\" width=\"80%\" height=\"auto\" srcset=\"http:\/\/kulturochkuriosa.se\/butik2\/wp-content\/uploads\/2015\/02\/karin-vinglas-225x300.jpg 225w, http:\/\/kulturochkuriosa.se\/butik2\/wp-content\/uploads\/2015\/02\/karin-vinglas-768x1024.jpg 768w, http:\/\/kulturochkuriosa.se\/butik2\/wp-content\/uploads\/2015\/02\/karin-vinglas.jpg 850w\" sizes=\"(max-width: 225px) 100vw, 225px\" \/><\/a><\/td>\n<td style=\"border: 2px solid #f5f0f0; width: 25%;\"><a href=\"http:\/\/kulturochkuriosa.se\/butik2\/wp-content\/uploads\/2015\/02\/shaker-du-3310-1.jpg\" class=\"gallery_colorbox\"><img loading=\"lazy\" class=\"aligncenter size-medium wp-image-633\" src=\"http:\/\/kulturochkuriosa.se\/butik2\/wp-content\/uploads\/2015\/02\/shaker-du-3310-1-225x300.jpg\"  alt=\"shaker du 3310-1\" width=\"80%\" height=\"auto\" srcset=\"http:\/\/kulturochkuriosa.se\/butik2\/wp-content\/uploads\/2015\/02\/shaker-du-3310-1-225x300.jpg 225w, http:\/\/kulturochkuriosa.se\/butik2\/wp-content\/uploads\/2015\/02\/shaker-du-3310-1-768x1024.jpg 768w, http:\/\/kulturochkuriosa.se\/butik2\/wp-content\/uploads\/2015\/02\/shaker-du-3310-1.jpg 850w\" sizes=\"(max-width: 225px) 100vw, 225px\" \/><\/a><\/td>\n<td style=\"border: 2px solid #f5f0f0; width: 25%;\"><a href=\"http:\/\/kulturochkuriosa.se\/butik2\/wp-content\/uploads\/2015\/02\/kanna-Nobel.jpg\" class=\"gallery_colorbox\"><img loading=\"lazy\" class=\"aligncenter size-medium wp-image-1035\" src=\"http:\/\/kulturochkuriosa.se\/butik2\/wp-content\/uploads\/2015\/02\/kanna-Nobel-225x300.jpg\"  alt=\"kanna Nobel\" width=\"80%\" height=\"auto\" srcset=\"http:\/\/kulturochkuriosa.se\/butik2\/wp-content\/uploads\/2015\/02\/kanna-Nobel-225x300.jpg 225w, http:\/\/kulturochkuriosa.se\/butik2\/wp-content\/uploads\/2015\/02\/kanna-Nobel-768x1024.jpg 768w, http:\/\/kulturochkuriosa.se\/butik2\/wp-content\/uploads\/2015\/02\/kanna-Nobel.jpg 850w\" sizes=\"(max-width: 225px) 100vw, 225px\" \/><\/a><\/td>\n<td style=\"border: 2px solid #f5f0f0; width: 25%;\"><a href=\"http:\/\/kulturochkuriosa.se\/butik2\/wp-content\/uploads\/2015\/02\/figaro-tumbler.jpg\" class=\"gallery_colorbox\"><img loading=\"lazy\" class=\"aligncenter size-medium wp-image-747\" src=\"http:\/\/kulturochkuriosa.se\/butik2\/wp-content\/uploads\/2015\/02\/figaro-tumbler-300x225.jpg\"  alt=\"figaro tumbler\" width=\"100%\" height=\"auto\" srcset=\"http:\/\/kulturochkuriosa.se\/butik2\/wp-content\/uploads\/2015\/02\/figaro-tumbler-300x225.jpg 300w, http:\/\/kulturochkuriosa.se\/butik2\/wp-content\/uploads\/2015\/02\/figaro-tumbler-1024x768.jpg 1024w, http:\/\/kulturochkuriosa.se\/butik2\/wp-content\/uploads\/2015\/02\/figaro-tumbler.jpg 1134w\" sizes=\"(max-width: 300px) 100vw, 300px\" \/><\/a><\/td>\n<\/tr>\n<tr style=\"vertical-align: top; background-color: #d4d4d4;\">\n<td style=\"border: 2px solid #f5f0f0; width: 25%;\">Vinglas Karin, formgivet av Olle Alberius p\u00e5 80-talet. H\u00f6jd 12 cm, dia 7,5 cm <del>pris 500:- f\u00f6r sex styck.<\/del> <strong>S\u00e5lda.<\/strong><\/td>\n<td style=\"border: 2px solid #f5f0f0; width: 25%;\">\u00a0Shaker, DU 3310\/1, Ingeborg Lundin tidigt 50-tal. Frostad yta, h\u00f6jd 28 cm inkl. propp, <del>pris 600:-.<\/del> <strong>S\u00e5ld.<\/strong><\/td>\n<td style=\"border: 2px solid #f5f0f0; width: 25%;\">\u00a0Kannan fr\u00e5n Nobelservisen, formgiven av Gunnar Cyr\u00e9n. J\u00e4ttesnygg, stor och pampig, 30 cm h\u00f6g, rymmer 100 cl. <del>Pris 800:-.<\/del><strong> S\u00e5ld.<\/strong><del><br \/>\n<\/del><\/td>\n<td style=\"border: 2px solid #f5f0f0; width: 25%;\">\u00a0Whiskyglas eller tumbler, troligen &#8221;Figaro&#8221; formgiven av Olle Alberius. H\u00f6jd 8 cm, dia 7,5 cm <del>pris 125:-.<\/del> <strong>S\u00e5lda.<\/strong><\/td>\n<\/tr>\n<\/tbody>\n<\/table>\n<p>&nbsp;<\/p>\n<div><\/div>\n<div><\/div>\n<div><\/div>\n","protected":false},"excerpt":{"rendered":"<p>H\u00e4r finns hur m\u00e5nga formgivare som helst, fr\u00e5n Gate och Hald via m\u00e5nga andra till bl.a Erika Lagerbielke. Karaff P 2858 formgiven av Sven Palmqvist 1944. H\u00f6jd 23,5 cm inkl propp, pris 700:-. Karaff HA 3026, formgiven av Edvard Hald 1945. V\u00e4ldigt lik P 2858 fr\u00e5nsett fiskdekoren. Pris 800:-. Finns tillh\u00f6rande grogglas med samma fiskdekor, <a href='http:\/\/kulturochkuriosa.se\/butik2\/glas\/orrefors\/servisglas\/' class='excerpt-more'>[&#8230;]<\/a><\/p>\n","protected":false},"author":2,"featured_media":0,"parent":461,"menu_order":20,"comment_status":"closed","ping_status":"closed","template":"","meta":[],"_links":{"self":[{"href":"http:\/\/kulturochkuriosa.se\/butik2\/wp-json\/wp\/v2\/pages\/518"}],"collection":[{"href":"http:\/\/kulturochkuriosa.se\/butik2\/wp-json\/wp\/v2\/pages"}],"about":[{"href":"http:\/\/kulturochkuriosa.se\/butik2\/wp-json\/wp\/v2\/types\/page"}],"author":[{"embeddable":true,"href":"http:\/\/kulturochkuriosa.se\/butik2\/wp-json\/wp\/v2\/users\/2"}],"replies":[{"embeddable":true,"href":"http:\/\/kulturochkuriosa.se\/butik2\/wp-json\/wp\/v2\/comments?post=518"}],"version-history":[{"count":20,"href":"http:\/\/kulturochkuriosa.se\/butik2\/wp-json\/wp\/v2\/pages\/518\/revisions"}],"predecessor-version":[{"id":1125,"href":"http:\/\/kulturochkuriosa.se\/butik2\/wp-json\/wp\/v2\/pages\/518\/revisions\/1125"}],"up":[{"embeddable":true,"href":"http:\/\/kulturochkuriosa.se\/butik2\/wp-json\/wp\/v2\/pages\/461"}],"wp:attachment":[{"href":"http:\/\/kulturochkuriosa.se\/butik2\/wp-json\/wp\/v2\/media?parent=518"}],"curies":[{"name":"wp","href":"https:\/\/api.w.org\/{rel}","templated":true}]}}