{"id":512,"date":"2015-02-23T10:33:56","date_gmt":"2015-02-23T09:33:56","guid":{"rendered":"http:\/\/kulturochkuriosa.se\/butik2\/?page_id=512"},"modified":"2016-11-21T12:59:54","modified_gmt":"2016-11-21T11:59:54","slug":"konstglas","status":"publish","type":"page","link":"http:\/\/kulturochkuriosa.se\/butik2\/glas\/orrefors\/konstglas\/","title":{"rendered":"Konstglas"},"content":{"rendered":"<p>H\u00e4r finns hur m\u00e5nga formgivare som helst, fr\u00e5n Gate och Hald via m\u00e5nga andra till bl.a Erika Lagerbielke.<\/p>\n<table style=\"height: auto; background-color: #b4b4b4; width: 100%;\">\n<tbody>\n<tr>\n<td style=\"border: 2px solid #f5f0f0; width: 25%;\"><a href=\"http:\/\/kulturochkuriosa.se\/butik2\/wp-content\/uploads\/2015\/02\/tusen-fns-liten.jpg\" class=\"gallery_colorbox\"><img loading=\"lazy\" class=\"aligncenter size-medium wp-image-516\" src=\"http:\/\/kulturochkuriosa.se\/butik2\/wp-content\/uploads\/2015\/02\/tusen-fns-liten-300x225.jpg\"  alt=\"tusen fns liten\" width=\"100%\" height=\"auto\" srcset=\"http:\/\/kulturochkuriosa.se\/butik2\/wp-content\/uploads\/2015\/02\/tusen-fns-liten-300x225.jpg 300w, http:\/\/kulturochkuriosa.se\/butik2\/wp-content\/uploads\/2015\/02\/tusen-fns-liten-1024x768.jpg 1024w, http:\/\/kulturochkuriosa.se\/butik2\/wp-content\/uploads\/2015\/02\/tusen-fns-liten.jpg 1134w\" sizes=\"(max-width: 300px) 100vw, 300px\" \/><\/a><\/td>\n<td style=\"border: 2px solid #f5f0f0; width: 25%;\"><a href=\"http:\/\/kulturochkuriosa.se\/butik2\/wp-content\/uploads\/2015\/02\/stella-polaris-vas-2251-2.jpg\" class=\"gallery_colorbox\"><img loading=\"lazy\" class=\"aligncenter size-medium wp-image-752\" src=\"http:\/\/kulturochkuriosa.se\/butik2\/wp-content\/uploads\/2015\/02\/stella-polaris-vas-2251-2-225x300.jpg\"  alt=\"stella polaris vas 2251-2\" width=\"80%\" height=\"auto\" srcset=\"http:\/\/kulturochkuriosa.se\/butik2\/wp-content\/uploads\/2015\/02\/stella-polaris-vas-2251-2-225x300.jpg 225w, http:\/\/kulturochkuriosa.se\/butik2\/wp-content\/uploads\/2015\/02\/stella-polaris-vas-2251-2-768x1024.jpg 768w, http:\/\/kulturochkuriosa.se\/butik2\/wp-content\/uploads\/2015\/02\/stella-polaris-vas-2251-2.jpg 850w\" sizes=\"(max-width: 225px) 100vw, 225px\" \/><\/a><\/td>\n<td style=\"border: 2px solid #f5f0f0; width: 25%;\"><a href=\"http:\/\/kulturochkuriosa.se\/butik2\/wp-content\/uploads\/2015\/02\/Palmqvist-vas-PU3090-5.jpg\" class=\"gallery_colorbox\"><img loading=\"lazy\" class=\"aligncenter size-medium wp-image-640\" src=\"http:\/\/kulturochkuriosa.se\/butik2\/wp-content\/uploads\/2015\/02\/Palmqvist-vas-PU3090-5-225x300.jpg\"  alt=\"Palmqvist vas PU3090-5\" width=\"80%\" height=\"auto\" srcset=\"http:\/\/kulturochkuriosa.se\/butik2\/wp-content\/uploads\/2015\/02\/Palmqvist-vas-PU3090-5-225x300.jpg 225w, http:\/\/kulturochkuriosa.se\/butik2\/wp-content\/uploads\/2015\/02\/Palmqvist-vas-PU3090-5-768x1024.jpg 768w, http:\/\/kulturochkuriosa.se\/butik2\/wp-content\/uploads\/2015\/02\/Palmqvist-vas-PU3090-5.jpg 850w\" sizes=\"(max-width: 225px) 100vw, 225px\" \/><\/a><\/td>\n<td style=\"border: 2px solid #f5f0f0; width: 25%;\"><a href=\"http:\/\/kulturochkuriosa.se\/butik2\/wp-content\/uploads\/2015\/02\/sk\u00e5l-San-Michele.jpg\" class=\"gallery_colorbox\"><img loading=\"lazy\" class=\"aligncenter size-medium wp-image-749\" src=\"http:\/\/kulturochkuriosa.se\/butik2\/wp-content\/uploads\/2015\/02\/sk\u00e5l-San-Michele-300x225.jpg\"  alt=\"sk\u00e5l San Michele\" width=\"100%\" height=\"auto\" srcset=\"http:\/\/kulturochkuriosa.se\/butik2\/wp-content\/uploads\/2015\/02\/sk\u00e5l-San-Michele-300x225.jpg 300w, http:\/\/kulturochkuriosa.se\/butik2\/wp-content\/uploads\/2015\/02\/sk\u00e5l-San-Michele-1024x768.jpg 1024w, http:\/\/kulturochkuriosa.se\/butik2\/wp-content\/uploads\/2015\/02\/sk\u00e5l-San-Michele.jpg 1134w\" sizes=\"(max-width: 300px) 100vw, 300px\" \/><\/a><\/td>\n<\/tr>\n<tr style=\"vertical-align: top; background-color: #d4d4d4;\">\n<td style=\"border: 2px solid #f5f0f0; width: 25%;\">Tusen f\u00f6nster, formgiven av Simon Gate 1934 men i produktion \u00e4nda in p\u00e5 2000-talet. H\u00f6jd 8,5 cm. dia 12 cm, pris 350:-.<\/td>\n<td style=\"border: 2px solid #f5f0f0; width: 25%;\">Vas &#8221;Stella Polaris&#8221; formgiven av Vicke Lindstrand. Signerad Orrefors LU 2251\/2, h\u00f6jd 17,5 cm, pris 300:-.<\/td>\n<td style=\"border: 2px solid #f5f0f0; width: 25%;\">\u00a0Vas i opalinglas, formgiven av Sven Palmqvist, signerad Orrefors PU 3090\/5. H\u00f6jd 24,5 cm, pris 350:-.<\/td>\n<td style=\"border: 2px solid #f5f0f0; width: 25%;\">\u00a0\u00a0Sk\u00e5l &#8221;San Michele&#8221; formgiven av Gunnar Cyren, signerad Orrefors GC 4573-12. H\u00f6jd 9 cm, dia 15 cm, pris 400:-.<\/td>\n<\/tr>\n<tr>\n<td style=\"border: 2px solid #f5f0f0; width: 25%;\"><a href=\"http:\/\/kulturochkuriosa.se\/butik2\/wp-content\/uploads\/2015\/02\/vas-2444-3.jpg\" class=\"gallery_colorbox\" rel=\"attachment wp-att-927\"><img loading=\"lazy\" class=\"aligncenter size-medium wp-image-927\" src=\"http:\/\/kulturochkuriosa.se\/butik2\/wp-content\/uploads\/2015\/02\/vas-2444-3-225x300.jpg\"  alt=\"vas 2444-3\" width=\"80%\" height=\"auto\" srcset=\"http:\/\/kulturochkuriosa.se\/butik2\/wp-content\/uploads\/2015\/02\/vas-2444-3-225x300.jpg 225w, http:\/\/kulturochkuriosa.se\/butik2\/wp-content\/uploads\/2015\/02\/vas-2444-3-768x1024.jpg 768w, http:\/\/kulturochkuriosa.se\/butik2\/wp-content\/uploads\/2015\/02\/vas-2444-3.jpg 850w\" sizes=\"(max-width: 225px) 100vw, 225px\" \/><\/a><\/td>\n<td style=\"border: 2px solid #f5f0f0; width: 25%;\"><a href=\"http:\/\/kulturochkuriosa.se\/butik2\/wp-content\/uploads\/2015\/02\/vas-2444-4.jpg\" class=\"gallery_colorbox\" rel=\"attachment wp-att-928\"><img loading=\"lazy\" class=\"aligncenter size-medium wp-image-928\" src=\"http:\/\/kulturochkuriosa.se\/butik2\/wp-content\/uploads\/2015\/02\/vas-2444-4-225x300.jpg\"  alt=\"vas 2444-4\" width=\"80%\" height=\"auto\" srcset=\"http:\/\/kulturochkuriosa.se\/butik2\/wp-content\/uploads\/2015\/02\/vas-2444-4-225x300.jpg 225w, http:\/\/kulturochkuriosa.se\/butik2\/wp-content\/uploads\/2015\/02\/vas-2444-4-768x1024.jpg 768w, http:\/\/kulturochkuriosa.se\/butik2\/wp-content\/uploads\/2015\/02\/vas-2444-4.jpg 850w\" sizes=\"(max-width: 225px) 100vw, 225px\" \/><\/a><\/td>\n<td style=\"border: 2px solid #f5f0f0; width: 25%;\"><a href=\"http:\/\/kulturochkuriosa.se\/butik2\/wp-content\/uploads\/2015\/02\/corona-fat-4384-541.jpg\" class=\"gallery_colorbox\"><img loading=\"lazy\" class=\"aligncenter size-medium wp-image-753\" src=\"http:\/\/kulturochkuriosa.se\/butik2\/wp-content\/uploads\/2015\/02\/corona-fat-4384-541-300x225.jpg\"  alt=\"corona fat 4384-541\" width=\"100%\" height=\"auto\" srcset=\"http:\/\/kulturochkuriosa.se\/butik2\/wp-content\/uploads\/2015\/02\/corona-fat-4384-541-300x225.jpg 300w, http:\/\/kulturochkuriosa.se\/butik2\/wp-content\/uploads\/2015\/02\/corona-fat-4384-541-1024x768.jpg 1024w, http:\/\/kulturochkuriosa.se\/butik2\/wp-content\/uploads\/2015\/02\/corona-fat-4384-541.jpg 1134w\" sizes=\"(max-width: 300px) 100vw, 300px\" \/><\/a><\/td>\n<td style=\"border: 2px solid #f5f0f0; width: 25%;\"><a href=\"http:\/\/kulturochkuriosa.se\/butik2\/wp-content\/uploads\/2015\/02\/vas-N-3696.jpg\" class=\"gallery_colorbox\" rel=\"attachment wp-att-952\"><img loading=\"lazy\" class=\"aligncenter size-medium wp-image-952\" src=\"http:\/\/kulturochkuriosa.se\/butik2\/wp-content\/uploads\/2015\/02\/vas-N-3696-225x300.jpg\"  alt=\"vas N 3696\" width=\"225\" height=\"300\" srcset=\"http:\/\/kulturochkuriosa.se\/butik2\/wp-content\/uploads\/2015\/02\/vas-N-3696-225x300.jpg 225w, http:\/\/kulturochkuriosa.se\/butik2\/wp-content\/uploads\/2015\/02\/vas-N-3696-768x1024.jpg 768w, http:\/\/kulturochkuriosa.se\/butik2\/wp-content\/uploads\/2015\/02\/vas-N-3696.jpg 850w\" sizes=\"(max-width: 225px) 100vw, 225px\" \/><\/a><\/td>\n<\/tr>\n<tr style=\"vertical-align: top; background-color: #d4d4d4;\">\n<td style=\"border: 2px solid #f5f0f0; width: 25%;\">Vas 2444\/3, formgiven av Edvin \u00d6hrstr\u00f6m 1941. Signerad Orrefors, inget serienr. H\u00f6jd 10 cm, pris 300:-.<\/td>\n<td style=\"border: 2px solid #f5f0f0; width: 25%;\">Vas 2444\/4, formgiven av Edvin \u00d6hrstr\u00f6m 1941. Signerad Orrefors, 2444\/4. H\u00f6jd 19 cm, pris 400:-.<\/td>\n<td style=\"border: 2px solid #f5f0f0; width: 25%;\">\u00a0\u00a0Fat &#8221;Corona&#8221; formgivet av Lars Hellsten.<\/td>\n<td style=\"border: 2px solid #f5f0f0; width: 25%;\">\u00a0\u00a0Vas formgiven av Nils Landberg, signerad Orrefors N 3696-131. H\u00f6jd 23 cm, pris 400:-.<\/td>\n<\/tr>\n<tr>\n<td style=\"border: 2px solid #f5f0f0; width: 25%;\"><a href=\"http:\/\/kulturochkuriosa.se\/butik2\/wp-content\/uploads\/2015\/02\/linnea-fotskal.jpg\" class=\"gallery_colorbox\"><img loading=\"lazy\" class=\"aligncenter size-medium wp-image-639\" src=\"http:\/\/kulturochkuriosa.se\/butik2\/wp-content\/uploads\/2015\/02\/linnea-fotskal-225x300.jpg\"  alt=\"linnea fotskal\" width=\"80%\" height=\"auto\" srcset=\"http:\/\/kulturochkuriosa.se\/butik2\/wp-content\/uploads\/2015\/02\/linnea-fotskal-225x300.jpg 225w, http:\/\/kulturochkuriosa.se\/butik2\/wp-content\/uploads\/2015\/02\/linnea-fotskal-768x1024.jpg 768w, http:\/\/kulturochkuriosa.se\/butik2\/wp-content\/uploads\/2015\/02\/linnea-fotskal.jpg 850w\" sizes=\"(max-width: 225px) 100vw, 225px\" \/><\/a><\/td>\n<td style=\"border: 2px solid #f5f0f0; width: 25%;\"><a href=\"http:\/\/kulturochkuriosa.se\/butik2\/wp-content\/uploads\/2015\/02\/vas-viol-EE.jpg\" class=\"gallery_colorbox\"><img loading=\"lazy\" class=\"aligncenter size-medium wp-image-754\" src=\"http:\/\/kulturochkuriosa.se\/butik2\/wp-content\/uploads\/2015\/02\/vas-viol-EE-225x300.jpg\"  alt=\"vas viol EE\" width=\"80%\" height=\"auto\" srcset=\"http:\/\/kulturochkuriosa.se\/butik2\/wp-content\/uploads\/2015\/02\/vas-viol-EE-225x300.jpg 225w, http:\/\/kulturochkuriosa.se\/butik2\/wp-content\/uploads\/2015\/02\/vas-viol-EE-768x1024.jpg 768w, http:\/\/kulturochkuriosa.se\/butik2\/wp-content\/uploads\/2015\/02\/vas-viol-EE.jpg 850w\" sizes=\"(max-width: 225px) 100vw, 225px\" \/><\/a><\/td>\n<td style=\"border: 2px solid #f5f0f0; width: 25%;\"><a href=\"http:\/\/kulturochkuriosa.se\/butik2\/wp-content\/uploads\/2015\/02\/Louise-stor-sk\u00e5l1.jpg\" class=\"gallery_colorbox\"><img loading=\"lazy\" class=\"aligncenter size-medium wp-image-635\" src=\"http:\/\/kulturochkuriosa.se\/butik2\/wp-content\/uploads\/2015\/02\/Louise-stor-sk\u00e5l1-300x225.jpg\"  alt=\"Louise stor sk\u00e5l\" width=\"100%\" height=\"auto\" srcset=\"http:\/\/kulturochkuriosa.se\/butik2\/wp-content\/uploads\/2015\/02\/Louise-stor-sk\u00e5l1-300x225.jpg 300w, http:\/\/kulturochkuriosa.se\/butik2\/wp-content\/uploads\/2015\/02\/Louise-stor-sk\u00e5l1-1024x768.jpg 1024w, http:\/\/kulturochkuriosa.se\/butik2\/wp-content\/uploads\/2015\/02\/Louise-stor-sk\u00e5l1.jpg 1134w\" sizes=\"(max-width: 300px) 100vw, 300px\" \/><\/a><\/td>\n<td style=\"border: 2px solid #f5f0f0; width: 25%;\"><a href=\"http:\/\/kulturochkuriosa.se\/butik2\/wp-content\/uploads\/2015\/02\/flow-vas.jpg\" class=\"gallery_colorbox\"><img loading=\"lazy\" class=\"aligncenter size-medium wp-image-636\" src=\"http:\/\/kulturochkuriosa.se\/butik2\/wp-content\/uploads\/2015\/02\/flow-vas-225x300.jpg\"  alt=\"flow vas\" width=\"80%\" height=\"auto\" srcset=\"http:\/\/kulturochkuriosa.se\/butik2\/wp-content\/uploads\/2015\/02\/flow-vas-225x300.jpg 225w, http:\/\/kulturochkuriosa.se\/butik2\/wp-content\/uploads\/2015\/02\/flow-vas-768x1024.jpg 768w, http:\/\/kulturochkuriosa.se\/butik2\/wp-content\/uploads\/2015\/02\/flow-vas.jpg 850w\" sizes=\"(max-width: 225px) 100vw, 225px\" \/><\/a><\/td>\n<\/tr>\n<tr style=\"vertical-align: top; background-color: #d4d4d4;\">\n<td style=\"border: 2px solid #f5f0f0; width: 25%;\">Liten fotsk\u00e5l \u201dLinnea\u201d formgiven av Eva Englund. H\u00f6jd 12,5 cm, dia 13 cm, pris 300:-.<\/td>\n<td style=\"border: 2px solid #f5f0f0; width: 25%;\">\u00a0Vas &#8221;Viol&#8221; av Eva Englund. H\u00f6jd 18 cm, dia 9,5 cm, pris 450:-.<\/td>\n<td style=\"border: 2px solid #f5f0f0; width: 25%;\">\u00a0Stor, h\u00e4rlig sk\u00e5l \u201dLouise\u201d, formgiven av Erika Lagerbielke. H\u00f6jd 16 cm, dia 23 cm, pris 1200:-.<\/td>\n<td style=\"border: 2px solid #f5f0f0; width: 25%;\">\u00a0Vas \u201dFlow\u201d, Erika Lagerbielke. H\u00f6jd 24 cm, pris 500:-.<\/td>\n<\/tr>\n<tr>\n<td style=\"border: 2px solid #f5f0f0; width: 25%;\"><\/td>\n<td style=\"border: 2px solid #f5f0f0; width: 25%;\"><\/td>\n<td style=\"border: 2px solid #f5f0f0; width: 25%;\"><\/td>\n<td style=\"border: 2px solid #f5f0f0; width: 25%;\"><\/td>\n<\/tr>\n<tr style=\"vertical-align: top; background-color: #d4d4d4;\">\n<td style=\"border: 2px solid #f5f0f0; width: 25%;\"><\/td>\n<td style=\"border: 2px solid #f5f0f0; width: 25%;\"><\/td>\n<td style=\"border: 2px solid #f5f0f0; width: 25%;\"><\/td>\n<td style=\"border: 2px solid #f5f0f0; width: 25%;\"><\/td>\n<\/tr>\n<tr>\n<td style=\"border: 2px solid #f5f0f0; width: 25%;\"><\/td>\n<td style=\"border: 2px solid #f5f0f0; width: 25%;\"><\/td>\n<td style=\"border: 2px solid #f5f0f0; width: 25%;\"><\/td>\n<td style=\"border: 2px solid #f5f0f0; width: 25%;\"><\/td>\n<\/tr>\n<tr style=\"vertical-align: top; background-color: #d4d4d4;\">\n<td style=\"border: 2px solid #f5f0f0; width: 25%;\"><\/td>\n<td style=\"border: 2px solid #f5f0f0; width: 25%;\"><\/td>\n<td style=\"border: 2px solid #f5f0f0; width: 25%;\"><\/td>\n<td style=\"border: 2px solid #f5f0f0; width: 25%;\"><\/td>\n<\/tr>\n<tr>\n<td style=\"border: 2px solid #f5f0f0; background-color: #444444; width: 25%; text-align: center;\" colspan=\"4\"><span style=\"color: #ffffff;\">S\u00e5lda produkter<br \/>\n<\/span><\/td>\n<\/tr>\n<tr>\n<td style=\"border: 2px solid #f5f0f0; width: 25%;\"><a href=\"http:\/\/kulturochkuriosa.se\/butik2\/wp-content\/uploads\/2015\/02\/sk\u00e5l-butterfly.jpg\" class=\"gallery_colorbox\"><img loading=\"lazy\" class=\"aligncenter size-medium wp-image-637\" src=\"http:\/\/kulturochkuriosa.se\/butik2\/wp-content\/uploads\/2015\/02\/sk\u00e5l-butterfly-300x225.jpg\"  alt=\"sk\u00e5l butterfly\" width=\"100%\" height=\"auto\" srcset=\"http:\/\/kulturochkuriosa.se\/butik2\/wp-content\/uploads\/2015\/02\/sk\u00e5l-butterfly-300x225.jpg 300w, http:\/\/kulturochkuriosa.se\/butik2\/wp-content\/uploads\/2015\/02\/sk\u00e5l-butterfly-1024x768.jpg 1024w, http:\/\/kulturochkuriosa.se\/butik2\/wp-content\/uploads\/2015\/02\/sk\u00e5l-butterfly.jpg 1134w\" sizes=\"(max-width: 300px) 100vw, 300px\" \/><\/a><\/td>\n<td style=\"border: 2px solid #f5f0f0; width: 25%;\"><a href=\"http:\/\/kulturochkuriosa.se\/butik2\/wp-content\/uploads\/2015\/02\/vas-tan-si-NU-3300-2.jpg\" class=\"gallery_colorbox\" rel=\"attachment wp-att-944\"><img loading=\"lazy\" class=\"aligncenter size-medium wp-image-944\" src=\"http:\/\/kulturochkuriosa.se\/butik2\/wp-content\/uploads\/2015\/02\/vas-tan-si-NU-3300-2-225x300.jpg\"  alt=\"vas tan-si NU 3300-2\" width=\"80%\" height=\"auto\" srcset=\"http:\/\/kulturochkuriosa.se\/butik2\/wp-content\/uploads\/2015\/02\/vas-tan-si-NU-3300-2-225x300.jpg 225w, http:\/\/kulturochkuriosa.se\/butik2\/wp-content\/uploads\/2015\/02\/vas-tan-si-NU-3300-2-768x1024.jpg 768w, http:\/\/kulturochkuriosa.se\/butik2\/wp-content\/uploads\/2015\/02\/vas-tan-si-NU-3300-2.jpg 850w\" sizes=\"(max-width: 225px) 100vw, 225px\" \/><\/a><\/td>\n<td style=\"border: 2px solid #f5f0f0; width: 25%;\"><a href=\"http:\/\/kulturochkuriosa.se\/butik2\/wp-content\/uploads\/2015\/02\/liten-vas-tan-si.jpg\" class=\"gallery_colorbox\" rel=\"attachment wp-att-945\"><img loading=\"lazy\" class=\"aligncenter size-medium wp-image-945\" src=\"http:\/\/kulturochkuriosa.se\/butik2\/wp-content\/uploads\/2015\/02\/liten-vas-tan-si-225x300.jpg\"  alt=\"liten vas tan-si\" width=\"80%\" height=\"auto\" srcset=\"http:\/\/kulturochkuriosa.se\/butik2\/wp-content\/uploads\/2015\/02\/liten-vas-tan-si-225x300.jpg 225w, http:\/\/kulturochkuriosa.se\/butik2\/wp-content\/uploads\/2015\/02\/liten-vas-tan-si-768x1024.jpg 768w, http:\/\/kulturochkuriosa.se\/butik2\/wp-content\/uploads\/2015\/02\/liten-vas-tan-si.jpg 850w\" sizes=\"(max-width: 225px) 100vw, 225px\" \/><\/a><\/td>\n<td style=\"border: 2px solid #f5f0f0; width: 25%;\"><\/td>\n<\/tr>\n<tr style=\"vertical-align: top; background-color: #d4d4d4;\">\n<td style=\"border: 2px solid #f5f0f0; width: 25%;\">Sk\u00e5l Butterfly, Lars Hellsten. Andrasortering, gr\u00f6n etikett, ingen signering. H\u00f6jd 15 cm, dia 22 cm som mest, <del>pris 500:-.<\/del> <strong>S\u00e5ld.<\/strong><\/td>\n<td style=\"border: 2px solid #f5f0f0; width: 25%;\">\u00a0Vas i serien &#8221;Tan-Si&#8221; formgiven av Nils Landberg i b\u00f6rjan av 50-talet. Den \u00e4r signerad Orrefors NU 3300\/2. H\u00f6jd 11 cm, dia 8 cm, <del>pris 500:-.<\/del><strong> S\u00e5ld.<\/strong><del><br \/>\n<\/del><\/td>\n<td style=\"border: 2px solid #f5f0f0; width: 25%;\">\u00a0En mindre vas i samma serie, Signerad Orrefors, inget serienr, etikett med den &#8221;magra&#8221; orren i gult\/guld. H\u00f6jd 8 cm dia 6 cm,<del> pris 400:-.<\/del> <strong>S\u00e5ld.<\/strong><\/td>\n<td style=\"border: 2px solid #f5f0f0; width: 25%;\"><\/td>\n<\/tr>\n<\/tbody>\n<\/table>\n<p>&nbsp;<\/p>\n","protected":false},"excerpt":{"rendered":"<p>H\u00e4r finns hur m\u00e5nga formgivare som helst, fr\u00e5n Gate och Hald via m\u00e5nga andra till bl.a Erika Lagerbielke. Tusen f\u00f6nster, formgiven av Simon Gate 1934 men i produktion \u00e4nda in p\u00e5 2000-talet. H\u00f6jd 8,5 cm. dia 12 cm, pris 350:-. Vas &#8221;Stella Polaris&#8221; formgiven av Vicke Lindstrand. Signerad Orrefors LU 2251\/2, h\u00f6jd 17,5 cm, pris <a href='http:\/\/kulturochkuriosa.se\/butik2\/glas\/orrefors\/konstglas\/' class='excerpt-more'>[&#8230;]<\/a><\/p>\n","protected":false},"author":2,"featured_media":0,"parent":461,"menu_order":40,"comment_status":"closed","ping_status":"closed","template":"","meta":[],"_links":{"self":[{"href":"http:\/\/kulturochkuriosa.se\/butik2\/wp-json\/wp\/v2\/pages\/512"}],"collection":[{"href":"http:\/\/kulturochkuriosa.se\/butik2\/wp-json\/wp\/v2\/pages"}],"about":[{"href":"http:\/\/kulturochkuriosa.se\/butik2\/wp-json\/wp\/v2\/types\/page"}],"author":[{"embeddable":true,"href":"http:\/\/kulturochkuriosa.se\/butik2\/wp-json\/wp\/v2\/users\/2"}],"replies":[{"embeddable":true,"href":"http:\/\/kulturochkuriosa.se\/butik2\/wp-json\/wp\/v2\/comments?post=512"}],"version-history":[{"count":18,"href":"http:\/\/kulturochkuriosa.se\/butik2\/wp-json\/wp\/v2\/pages\/512\/revisions"}],"predecessor-version":[{"id":1078,"href":"http:\/\/kulturochkuriosa.se\/butik2\/wp-json\/wp\/v2\/pages\/512\/revisions\/1078"}],"up":[{"embeddable":true,"href":"http:\/\/kulturochkuriosa.se\/butik2\/wp-json\/wp\/v2\/pages\/461"}],"wp:attachment":[{"href":"http:\/\/kulturochkuriosa.se\/butik2\/wp-json\/wp\/v2\/media?parent=512"}],"curies":[{"name":"wp","href":"https:\/\/api.w.org\/{rel}","templated":true}]}}