{"id":5,"date":"2014-10-30T15:56:12","date_gmt":"2014-10-30T14:56:12","guid":{"rendered":"http:\/\/kulturochkuriosa.se\/test\/?page_id=5"},"modified":"2016-01-19T11:19:42","modified_gmt":"2016-01-19T10:19:42","slug":"glas","status":"publish","type":"page","link":"http:\/\/kulturochkuriosa.se\/butik2\/glas\/","title":{"rendered":"Glas"},"content":{"rendered":"<p>Glas av skiftande \u00e5lder \u00e4r butikens huvudinriktning, h\u00e4r finns en stor blandning av servisglas fr\u00e5n diverse svenska glasbruk, vaser, karaffer och sk\u00e5lar.<\/p>\n<p>\u00c4ven mycket m\u00e5lat glas fr\u00e5n f\u00f6rra sekelskiftet, skimrande lysterglas fr\u00e5n tidigt 1900-tal och m\u00e4ngder av mer eller mindre anonymt bruksglas.<\/p>\n<p>Jag har delat in \u201dGlas\u201d utifr\u00e5n de olika glasbruken i den m\u00e5n glasen \u00e4r identifierade, d\u00e4runder lite olika undergrupper. Under rubriken servisglas finns f\u00f6rutom dricksglas i olika former \u00e4ven karaffer, flaskor o.d. Konstglas inneh\u00e5ller vaser, sk\u00e5lar, fat och rena prydnadsf\u00f6rem\u00e5l. <\/p>\n<p>Via flikarna ovan f\u00e5r man leta sig fram. <\/p>\n","protected":false},"excerpt":{"rendered":"<p>Glas av skiftande \u00e5lder \u00e4r butikens huvudinriktning, h\u00e4r finns en stor blandning av servisglas fr\u00e5n diverse svenska glasbruk, vaser, karaffer och sk\u00e5lar. \u00c4ven mycket m\u00e5lat glas fr\u00e5n f\u00f6rra sekelskiftet, skimrande lysterglas fr\u00e5n tidigt 1900-tal och m\u00e4ngder av mer eller mindre anonymt bruksglas. Jag har delat in \u201dGlas\u201d utifr\u00e5n de olika glasbruken i den m\u00e5n glasen <a href='http:\/\/kulturochkuriosa.se\/butik2\/glas\/' class='excerpt-more'>[&#8230;]<\/a><\/p>\n","protected":false},"author":2,"featured_media":0,"parent":0,"menu_order":10,"comment_status":"closed","ping_status":"closed","template":"","meta":[],"_links":{"self":[{"href":"http:\/\/kulturochkuriosa.se\/butik2\/wp-json\/wp\/v2\/pages\/5"}],"collection":[{"href":"http:\/\/kulturochkuriosa.se\/butik2\/wp-json\/wp\/v2\/pages"}],"about":[{"href":"http:\/\/kulturochkuriosa.se\/butik2\/wp-json\/wp\/v2\/types\/page"}],"author":[{"embeddable":true,"href":"http:\/\/kulturochkuriosa.se\/butik2\/wp-json\/wp\/v2\/users\/2"}],"replies":[{"embeddable":true,"href":"http:\/\/kulturochkuriosa.se\/butik2\/wp-json\/wp\/v2\/comments?post=5"}],"version-history":[{"count":13,"href":"http:\/\/kulturochkuriosa.se\/butik2\/wp-json\/wp\/v2\/pages\/5\/revisions"}],"predecessor-version":[{"id":825,"href":"http:\/\/kulturochkuriosa.se\/butik2\/wp-json\/wp\/v2\/pages\/5\/revisions\/825"}],"wp:attachment":[{"href":"http:\/\/kulturochkuriosa.se\/butik2\/wp-json\/wp\/v2\/media?parent=5"}],"curies":[{"name":"wp","href":"https:\/\/api.w.org\/{rel}","templated":true}]}}