{"id":484,"date":"2015-02-09T12:24:40","date_gmt":"2015-02-09T11:24:40","guid":{"rendered":"http:\/\/kulturochkuriosa.se\/butik2\/?page_id=484"},"modified":"2015-02-09T12:31:54","modified_gmt":"2015-02-09T11:31:54","slug":"afors","status":"publish","type":"page","link":"http:\/\/kulturochkuriosa.se\/butik2\/glas\/afors\/","title":{"rendered":"\u00c5fors"},"content":{"rendered":"<p>\u00c5fors grundades 1876 och kom s\u00e5 s\u00e5 sm\u00e5ningom att \u00e4gas av Eric Johansson som antog namnet \u00c5fors efter bruket. Han k\u00f6pte \u00e4ven in Boda och Kosta glasbruk och AB \u00c5forsgruppen bildades formellt 1969. 1972 inf\u00f6rlivades Johansfors och 1975 s\u00e5ldes det hela till Uppsala-Ekeby. 1977 d\u00f6ptes glasbruksdelen inom UE om till Kosta Boda AB och 1990 k\u00f6ptes det av Orrefors d\u00e5 Orrefors Kosta Boda AB bildades. Under m\u00e5nga \u00e5r k\u00e4mpade glasformgivarparet Bertil Vallien och Ulrica Hydman-Vallien f\u00f6r brukets \u00f6verlevnad men 2012 lades det ner.<br \/>\nF\u00f6rutom Bertil Vallien och Ulrica Hydman-Vallien h\u00f6r Edvin Ollers och Ernest Gordon till de mer k\u00e4nda formgivarna.<\/p>\n<table style=\"height: auto; background-color: #b4b4b4; width: 100%;\" border=\"4\">\n<tbody>\n<tr>\n<td><\/td>\n<\/tr>\n<tr>\n<td align=\"center\" width=\"10%\"><\/td>\n<td align=\"center\" width=\"40%\"><a href=\"Servisglas\"><img loading=\"lazy\" class=\"aligncenter size-medium wp-image-486\" src=\"http:\/\/kulturochkuriosa.se\/butik2\/wp-content\/uploads\/2015\/02\/bl\u00e5gr\u00f6n-karaff-med-glaspropp-225x300.jpg\" alt=\"bl\u00e5gr\u00f6n karaff med glaspropp\" width=\"70%\" height=\"auto\" srcset=\"http:\/\/kulturochkuriosa.se\/butik2\/wp-content\/uploads\/2015\/02\/bl\u00e5gr\u00f6n-karaff-med-glaspropp-225x300.jpg 225w, http:\/\/kulturochkuriosa.se\/butik2\/wp-content\/uploads\/2015\/02\/bl\u00e5gr\u00f6n-karaff-med-glaspropp-768x1024.jpg 768w, http:\/\/kulturochkuriosa.se\/butik2\/wp-content\/uploads\/2015\/02\/bl\u00e5gr\u00f6n-karaff-med-glaspropp.jpg 850w\" sizes=\"(max-width: 225px) 100vw, 225px\" \/><\/a> Servisglas<\/td>\n<td align=\"center\" width=\"40%\"><a href=\"Konstglas\"><img loading=\"lazy\" class=\"aligncenter size-medium wp-image-489\" src=\"http:\/\/kulturochkuriosa.se\/butik2\/wp-content\/uploads\/2015\/02\/tre-volcano-300x225.jpg\" alt=\"tre volcano\" width=\"100%\" height=\"auto\" srcset=\"http:\/\/kulturochkuriosa.se\/butik2\/wp-content\/uploads\/2015\/02\/tre-volcano-300x225.jpg 300w, http:\/\/kulturochkuriosa.se\/butik2\/wp-content\/uploads\/2015\/02\/tre-volcano-1024x768.jpg 1024w, http:\/\/kulturochkuriosa.se\/butik2\/wp-content\/uploads\/2015\/02\/tre-volcano.jpg 1134w\" sizes=\"(max-width: 300px) 100vw, 300px\" \/><\/a> Konstglas<\/td>\n<td align=\"center\" width=\"10%\"><\/td>\n<\/tr>\n<\/tbody>\n<\/table>\n<p>&nbsp;<\/p>\n","protected":false},"excerpt":{"rendered":"<p>\u00c5fors grundades 1876 och kom s\u00e5 s\u00e5 sm\u00e5ningom att \u00e4gas av Eric Johansson som antog namnet \u00c5fors efter bruket. Han k\u00f6pte \u00e4ven in Boda och Kosta glasbruk och AB \u00c5forsgruppen bildades formellt 1969. 1972 inf\u00f6rlivades Johansfors och 1975 s\u00e5ldes det hela till Uppsala-Ekeby. 1977 d\u00f6ptes glasbruksdelen inom UE om till Kosta Boda AB och 1990 <a href='http:\/\/kulturochkuriosa.se\/butik2\/glas\/afors\/' class='excerpt-more'>[&#8230;]<\/a><\/p>\n","protected":false},"author":2,"featured_media":0,"parent":5,"menu_order":900,"comment_status":"closed","ping_status":"closed","template":"","meta":[],"_links":{"self":[{"href":"http:\/\/kulturochkuriosa.se\/butik2\/wp-json\/wp\/v2\/pages\/484"}],"collection":[{"href":"http:\/\/kulturochkuriosa.se\/butik2\/wp-json\/wp\/v2\/pages"}],"about":[{"href":"http:\/\/kulturochkuriosa.se\/butik2\/wp-json\/wp\/v2\/types\/page"}],"author":[{"embeddable":true,"href":"http:\/\/kulturochkuriosa.se\/butik2\/wp-json\/wp\/v2\/users\/2"}],"replies":[{"embeddable":true,"href":"http:\/\/kulturochkuriosa.se\/butik2\/wp-json\/wp\/v2\/comments?post=484"}],"version-history":[{"count":4,"href":"http:\/\/kulturochkuriosa.se\/butik2\/wp-json\/wp\/v2\/pages\/484\/revisions"}],"predecessor-version":[{"id":490,"href":"http:\/\/kulturochkuriosa.se\/butik2\/wp-json\/wp\/v2\/pages\/484\/revisions\/490"}],"up":[{"embeddable":true,"href":"http:\/\/kulturochkuriosa.se\/butik2\/wp-json\/wp\/v2\/pages\/5"}],"wp:attachment":[{"href":"http:\/\/kulturochkuriosa.se\/butik2\/wp-json\/wp\/v2\/media?parent=484"}],"curies":[{"name":"wp","href":"https:\/\/api.w.org\/{rel}","templated":true}]}}