{"id":469,"date":"2015-02-09T11:22:55","date_gmt":"2015-02-09T10:22:55","guid":{"rendered":"http:\/\/kulturochkuriosa.se\/butik2\/?page_id=469"},"modified":"2015-02-23T12:27:14","modified_gmt":"2015-02-23T11:27:14","slug":"reijmyre","status":"publish","type":"page","link":"http:\/\/kulturochkuriosa.se\/butik2\/glas\/reijmyre\/","title":{"rendered":"Reijmyre"},"content":{"rendered":"<p>Reijmyre startades redan 1810 och h\u00f6r d\u00e4rmed till de \u00e4ldsta bruken som \u00e4nnu \u00e4r i drift. 1861 blev Reijmyre aktiebolag, 1903 ingick det i Aktiebolaget De Svenska Kristallglasbruken och 1926 lades bruket ner. 1932 startades bruket igen, hade flera \u00e4garbyten innan det 1950 \u00f6vertogs av Lennart Ros\u00e9n. 1975 s\u00e5ldes det igen och sedan f\u00f6ljde \u00e5ter ett antal \u00e4garbyte, bruket \u00e4r dock fortfarande i drift, om \u00e4n i betydligt mindre skala \u00e4n under storhetstiden.<br \/>\nBland formgivarna m\u00e4rks bl.a. Edvin Ollers, Sten Branzell, Bj\u00f6rn Tr\u00e4dg\u00e5rd, Monica Bratt och Paul Kedelv.<\/p>\n<table style=\"height: auto; background-color: #b4b4b4; width: 100%;\" border=\"4\">\n<tbody>\n<tr>\n<td><\/td>\n<\/tr>\n<tr>\n<td align=\"center\" width=\"25%\"><a href=\"Pressglas\"><img loading=\"lazy\" class=\"size-medium wp-image-546\" src=\"http:\/\/kulturochkuriosa.se\/butik2\/wp-content\/uploads\/2015\/02\/turbin-fotsk-sign-300x225.jpg\" alt=\"Pressglas\" width=\"100%\" height=\"auto\" srcset=\"http:\/\/kulturochkuriosa.se\/butik2\/wp-content\/uploads\/2015\/02\/turbin-fotsk-sign-300x225.jpg 300w, http:\/\/kulturochkuriosa.se\/butik2\/wp-content\/uploads\/2015\/02\/turbin-fotsk-sign-1024x768.jpg 1024w, http:\/\/kulturochkuriosa.se\/butik2\/wp-content\/uploads\/2015\/02\/turbin-fotsk-sign.jpg 1134w\" sizes=\"(max-width: 300px) 100vw, 300px\" \/><\/a> Pressglas<\/td>\n<td align=\"center\" width=\"25%\"><a href=\"Servisglas\"><img loading=\"lazy\" class=\"aligncenter size-medium wp-image-473\" src=\"http:\/\/kulturochkuriosa.se\/butik2\/wp-content\/uploads\/2015\/02\/rio-300x225.jpg\" alt=\"rio\" width=\"100%\" height=\"auto\" srcset=\"http:\/\/kulturochkuriosa.se\/butik2\/wp-content\/uploads\/2015\/02\/rio-300x225.jpg 300w, http:\/\/kulturochkuriosa.se\/butik2\/wp-content\/uploads\/2015\/02\/rio-1024x768.jpg 1024w, http:\/\/kulturochkuriosa.se\/butik2\/wp-content\/uploads\/2015\/02\/rio.jpg 1134w\" sizes=\"(max-width: 300px) 100vw, 300px\" \/><\/a> Servisglas<\/td>\n<td align=\"center\" width=\"25%\"><a href=\"Konstglas\"><img loading=\"lazy\" class=\"aligncenter size-medium wp-image-475\" src=\"http:\/\/kulturochkuriosa.se\/butik2\/wp-content\/uploads\/2015\/02\/bl\u00e5-kanna-B-452-225x300.jpg\" alt=\"bl\u00e5 kanna B 452\"  width=\"70%\" height=\"auto\" srcset=\"http:\/\/kulturochkuriosa.se\/butik2\/wp-content\/uploads\/2015\/02\/bl\u00e5-kanna-B-452-225x300.jpg 225w, http:\/\/kulturochkuriosa.se\/butik2\/wp-content\/uploads\/2015\/02\/bl\u00e5-kanna-B-452-768x1024.jpg 768w, http:\/\/kulturochkuriosa.se\/butik2\/wp-content\/uploads\/2015\/02\/bl\u00e5-kanna-B-452.jpg 850w\" sizes=\"(max-width: 225px) 100vw, 225px\" \/><\/a> Konstglas<\/td>\n<\/tr>\n<\/tbody>\n<\/table>\n<p>&nbsp;<\/p>\n","protected":false},"excerpt":{"rendered":"<p>Reijmyre startades redan 1810 och h\u00f6r d\u00e4rmed till de \u00e4ldsta bruken som \u00e4nnu \u00e4r i drift. 1861 blev Reijmyre aktiebolag, 1903 ingick det i Aktiebolaget De Svenska Kristallglasbruken och 1926 lades bruket ner. 1932 startades bruket igen, hade flera \u00e4garbyten innan det 1950 \u00f6vertogs av Lennart Ros\u00e9n. 1975 s\u00e5ldes det igen och sedan f\u00f6ljde \u00e5ter <a href='http:\/\/kulturochkuriosa.se\/butik2\/glas\/reijmyre\/' class='excerpt-more'>[&#8230;]<\/a><\/p>\n","protected":false},"author":2,"featured_media":0,"parent":5,"menu_order":550,"comment_status":"closed","ping_status":"closed","template":"","meta":[],"_links":{"self":[{"href":"http:\/\/kulturochkuriosa.se\/butik2\/wp-json\/wp\/v2\/pages\/469"}],"collection":[{"href":"http:\/\/kulturochkuriosa.se\/butik2\/wp-json\/wp\/v2\/pages"}],"about":[{"href":"http:\/\/kulturochkuriosa.se\/butik2\/wp-json\/wp\/v2\/types\/page"}],"author":[{"embeddable":true,"href":"http:\/\/kulturochkuriosa.se\/butik2\/wp-json\/wp\/v2\/users\/2"}],"replies":[{"embeddable":true,"href":"http:\/\/kulturochkuriosa.se\/butik2\/wp-json\/wp\/v2\/comments?post=469"}],"version-history":[{"count":8,"href":"http:\/\/kulturochkuriosa.se\/butik2\/wp-json\/wp\/v2\/pages\/469\/revisions"}],"predecessor-version":[{"id":551,"href":"http:\/\/kulturochkuriosa.se\/butik2\/wp-json\/wp\/v2\/pages\/469\/revisions\/551"}],"up":[{"embeddable":true,"href":"http:\/\/kulturochkuriosa.se\/butik2\/wp-json\/wp\/v2\/pages\/5"}],"wp:attachment":[{"href":"http:\/\/kulturochkuriosa.se\/butik2\/wp-json\/wp\/v2\/media?parent=469"}],"curies":[{"name":"wp","href":"https:\/\/api.w.org\/{rel}","templated":true}]}}