{"id":461,"date":"2015-02-09T10:34:13","date_gmt":"2015-02-09T09:34:13","guid":{"rendered":"http:\/\/kulturochkuriosa.se\/butik2\/?page_id=461"},"modified":"2015-02-09T10:44:02","modified_gmt":"2015-02-09T09:44:02","slug":"orrefors","status":"publish","type":"page","link":"http:\/\/kulturochkuriosa.se\/butik2\/glas\/orrefors\/","title":{"rendered":"Orrefors"},"content":{"rendered":"<p>Orrefors glasbruk grundades 1898, sedan tidigare fanns det ett j\u00e4rnbruk p\u00e5 samma plats. 1913 k\u00f6ptes bruket av Johan Ekman och snart b\u00f6rjade man med tillverkning av kristall, slipade m\u00f6nster och konstglas. Man v\u00e4rvade duktiga hantverkare som glasbl\u00e5sarm\u00e4starna Knut och Gustaf Bergqvist, sliparen\/grav\u00f6ren Gustav Abels och glasm\u00e5laren Heinrich Wollman.<br \/>\nSnart anst\u00e4lldes ocks\u00e5 konstn\u00e4rer som formgivare, f\u00f6rst Simon Gate, s\u00e5 Edvard Hald och sedan f\u00f6ljde en l\u00e5ng rad beg\u00e5vade formgivare.<br \/>\nFamiljen Ekman \u00e4gde bruket fram till 1946, sedan familjen Beyer innan Incentive AB kom in i bilden 1971. 1990 k\u00f6pte man Kosta Boda AB och bildade Orrefors Kosta Boda AB. Efter diverse \u00e4garbyten k\u00f6ptes det 2005 av New Wave Group. 2013 st\u00e4ngdes Orrefors glasbruk.<\/p>\n<table style=\"height: auto; background-color: #b4b4b4; width: 100%;\" border=\"4\">\n<tbody>\n<tr>\n<td><\/td>\n<\/tr>\n<tr>\n<td align=\"center\" width=\"10%\"><\/td>\n<td align=\"center\" width=\"40%\"><a href=\"Servisglas\"><img loading=\"lazy\" class=\"aligncenter size-medium wp-image-465\" src=\"http:\/\/kulturochkuriosa.se\/butik2\/wp-content\/uploads\/2015\/02\/salut-gr\u00e5gr\u00f6n-grupp-300x225.jpg\" alt=\"salut gr\u00e5gr\u00f6n grupp\" width=\"100%\" height=\"auto\" srcset=\"http:\/\/kulturochkuriosa.se\/butik2\/wp-content\/uploads\/2015\/02\/salut-gr\u00e5gr\u00f6n-grupp-300x225.jpg 300w, http:\/\/kulturochkuriosa.se\/butik2\/wp-content\/uploads\/2015\/02\/salut-gr\u00e5gr\u00f6n-grupp-1024x768.jpg 1024w, http:\/\/kulturochkuriosa.se\/butik2\/wp-content\/uploads\/2015\/02\/salut-gr\u00e5gr\u00f6n-grupp.jpg 1134w\" sizes=\"(max-width: 300px) 100vw, 300px\" \/><\/a> Servisglas<\/td>\n<td align=\"center\" width=\"40%\"><a href=\"Konstglas\"><img loading=\"lazy\" class=\"aligncenter size-medium wp-image-467\" src=\"http:\/\/kulturochkuriosa.se\/butik2\/wp-content\/uploads\/2015\/02\/Louise-stor-sk\u00e5l-300x225.jpg\" alt=\"Louise stor sk\u00e5l\" width=\"100%\" height=\"auto\" srcset=\"http:\/\/kulturochkuriosa.se\/butik2\/wp-content\/uploads\/2015\/02\/Louise-stor-sk\u00e5l-300x225.jpg 300w, http:\/\/kulturochkuriosa.se\/butik2\/wp-content\/uploads\/2015\/02\/Louise-stor-sk\u00e5l-1024x768.jpg 1024w, http:\/\/kulturochkuriosa.se\/butik2\/wp-content\/uploads\/2015\/02\/Louise-stor-sk\u00e5l.jpg 1134w\" sizes=\"(max-width: 300px) 100vw, 300px\" \/><\/a> Konstglas<\/td>\n<td align=\"center\" width=\"10%\"><\/td>\n<\/tr>\n<\/tbody>\n<\/table>\n<p>&nbsp;<\/p>\n","protected":false},"excerpt":{"rendered":"<p>Orrefors glasbruk grundades 1898, sedan tidigare fanns det ett j\u00e4rnbruk p\u00e5 samma plats. 1913 k\u00f6ptes bruket av Johan Ekman och snart b\u00f6rjade man med tillverkning av kristall, slipade m\u00f6nster och konstglas. Man v\u00e4rvade duktiga hantverkare som glasbl\u00e5sarm\u00e4starna Knut och Gustaf Bergqvist, sliparen\/grav\u00f6ren Gustav Abels och glasm\u00e5laren Heinrich Wollman. Snart anst\u00e4lldes ocks\u00e5 konstn\u00e4rer som formgivare, f\u00f6rst <a href='http:\/\/kulturochkuriosa.se\/butik2\/glas\/orrefors\/' class='excerpt-more'>[&#8230;]<\/a><\/p>\n","protected":false},"author":2,"featured_media":0,"parent":5,"menu_order":500,"comment_status":"closed","ping_status":"closed","template":"","meta":[],"_links":{"self":[{"href":"http:\/\/kulturochkuriosa.se\/butik2\/wp-json\/wp\/v2\/pages\/461"}],"collection":[{"href":"http:\/\/kulturochkuriosa.se\/butik2\/wp-json\/wp\/v2\/pages"}],"about":[{"href":"http:\/\/kulturochkuriosa.se\/butik2\/wp-json\/wp\/v2\/types\/page"}],"author":[{"embeddable":true,"href":"http:\/\/kulturochkuriosa.se\/butik2\/wp-json\/wp\/v2\/users\/2"}],"replies":[{"embeddable":true,"href":"http:\/\/kulturochkuriosa.se\/butik2\/wp-json\/wp\/v2\/comments?post=461"}],"version-history":[{"count":5,"href":"http:\/\/kulturochkuriosa.se\/butik2\/wp-json\/wp\/v2\/pages\/461\/revisions"}],"predecessor-version":[{"id":468,"href":"http:\/\/kulturochkuriosa.se\/butik2\/wp-json\/wp\/v2\/pages\/461\/revisions\/468"}],"up":[{"embeddable":true,"href":"http:\/\/kulturochkuriosa.se\/butik2\/wp-json\/wp\/v2\/pages\/5"}],"wp:attachment":[{"href":"http:\/\/kulturochkuriosa.se\/butik2\/wp-json\/wp\/v2\/media?parent=461"}],"curies":[{"name":"wp","href":"https:\/\/api.w.org\/{rel}","templated":true}]}}