{"id":371,"date":"2015-02-03T15:45:48","date_gmt":"2015-02-03T14:45:48","guid":{"rendered":"http:\/\/kulturochkuriosa.se\/butik2\/?page_id=371"},"modified":"2015-03-11T14:54:03","modified_gmt":"2015-03-11T13:54:03","slug":"elme","status":"publish","type":"page","link":"http:\/\/kulturochkuriosa.se\/butik2\/glas\/elme\/","title":{"rendered":"Elme"},"content":{"rendered":"<p>Elme glasbruk bildades som Elmeverkens Aktiebolag 1917, som s\u00e5 m\u00e5nga andra bruk genomgick det \u00e5tskilliga konkurser och nystarter innan det slutgiltigt st\u00e4ngdes 1970. Brukets h\u00f6jdpunkt var under slutet p\u00e5 20-talet d\u00e5 Edvin Ollers formgav s\u00e5v\u00e4l pressglas som bl\u00e5st, graverat och slipat kristallglas. Bland senare formgivare kan n\u00e4mnas Carl-Olov Borgarp och John K\u00e4ll.<\/p>\n<table style=\"height: auto; background-color: #b4b4b4; width: 100%;\" border=\"4\">\n<tbody>\n<tr>\n<td><\/td>\n<\/tr>\n<tr>\n<td align=\"center\" width=\"25%\"><a href=\"Pressglas\"><img loading=\"lazy\" class=\"aligncenter size-medium wp-image-600\" src=\"http:\/\/kulturochkuriosa.se\/butik2\/wp-content\/uploads\/2015\/02\/ollers-fat-med-hank-300x225.jpg\" alt=\"ollers fat med hank\" width=\"100%\" height=\"auto\" srcset=\"http:\/\/kulturochkuriosa.se\/butik2\/wp-content\/uploads\/2015\/02\/ollers-fat-med-hank-300x225.jpg 300w, http:\/\/kulturochkuriosa.se\/butik2\/wp-content\/uploads\/2015\/02\/ollers-fat-med-hank-1024x768.jpg 1024w, http:\/\/kulturochkuriosa.se\/butik2\/wp-content\/uploads\/2015\/02\/ollers-fat-med-hank.jpg 1134w\" sizes=\"(max-width: 300px) 100vw, 300px\" \/><\/a>Presssglas<\/td>\n<td align=\"center\" width=\"25%\"><a href=\"Servisglas\"><img loading=\"lazy\" class=\"aligncenter size-medium wp-image-602\" src=\"http:\/\/kulturochkuriosa.se\/butik2\/wp-content\/uploads\/2015\/02\/l-s-blomdekor-300x212.jpg\" alt=\"l+s blomdekor\" width=\"100%\" height=\"auto\" srcset=\"http:\/\/kulturochkuriosa.se\/butik2\/wp-content\/uploads\/2015\/02\/l-s-blomdekor-300x212.jpg 300w, http:\/\/kulturochkuriosa.se\/butik2\/wp-content\/uploads\/2015\/02\/l-s-blomdekor.jpg 842w\" sizes=\"(max-width: 300px) 100vw, 300px\" \/><\/a>Servisglas<\/td>\n<td align=\"center\" width=\"25%\"><a href=\"Konstglas\"><img loading=\"lazy\" class=\"aligncenter size-medium wp-image-649\" src=\"http:\/\/kulturochkuriosa.se\/butik2\/wp-content\/uploads\/2015\/02\/blomglas-lalique-gulbrunt-300x225.jpg\" alt=\"blomglas lalique gulbrunt\" width=\"100%\" height=\"auto\" srcset=\"http:\/\/kulturochkuriosa.se\/butik2\/wp-content\/uploads\/2015\/02\/blomglas-lalique-gulbrunt-300x225.jpg 300w, http:\/\/kulturochkuriosa.se\/butik2\/wp-content\/uploads\/2015\/02\/blomglas-lalique-gulbrunt-1024x768.jpg 1024w, http:\/\/kulturochkuriosa.se\/butik2\/wp-content\/uploads\/2015\/02\/blomglas-lalique-gulbrunt.jpg 1134w\" sizes=\"(max-width: 300px) 100vw, 300px\" \/><\/a>Konstglas<\/td>\n<\/tr>\n<\/tbody>\n<\/table>\n<p>&nbsp;<\/p>\n","protected":false},"excerpt":{"rendered":"<p>Elme glasbruk bildades som Elmeverkens Aktiebolag 1917, som s\u00e5 m\u00e5nga andra bruk genomgick det \u00e5tskilliga konkurser och nystarter innan det slutgiltigt st\u00e4ngdes 1970. Brukets h\u00f6jdpunkt var under slutet p\u00e5 20-talet d\u00e5 Edvin Ollers formgav s\u00e5v\u00e4l pressglas som bl\u00e5st, graverat och slipat kristallglas. Bland senare formgivare kan n\u00e4mnas Carl-Olov Borgarp och John K\u00e4ll. Presssglas Servisglas Konstglas <a href='http:\/\/kulturochkuriosa.se\/butik2\/glas\/elme\/' class='excerpt-more'>[&#8230;]<\/a><\/p>\n","protected":false},"author":2,"featured_media":0,"parent":5,"menu_order":250,"comment_status":"closed","ping_status":"closed","template":"","meta":[],"_links":{"self":[{"href":"http:\/\/kulturochkuriosa.se\/butik2\/wp-json\/wp\/v2\/pages\/371"}],"collection":[{"href":"http:\/\/kulturochkuriosa.se\/butik2\/wp-json\/wp\/v2\/pages"}],"about":[{"href":"http:\/\/kulturochkuriosa.se\/butik2\/wp-json\/wp\/v2\/types\/page"}],"author":[{"embeddable":true,"href":"http:\/\/kulturochkuriosa.se\/butik2\/wp-json\/wp\/v2\/users\/2"}],"replies":[{"embeddable":true,"href":"http:\/\/kulturochkuriosa.se\/butik2\/wp-json\/wp\/v2\/comments?post=371"}],"version-history":[{"count":9,"href":"http:\/\/kulturochkuriosa.se\/butik2\/wp-json\/wp\/v2\/pages\/371\/revisions"}],"predecessor-version":[{"id":650,"href":"http:\/\/kulturochkuriosa.se\/butik2\/wp-json\/wp\/v2\/pages\/371\/revisions\/650"}],"up":[{"embeddable":true,"href":"http:\/\/kulturochkuriosa.se\/butik2\/wp-json\/wp\/v2\/pages\/5"}],"wp:attachment":[{"href":"http:\/\/kulturochkuriosa.se\/butik2\/wp-json\/wp\/v2\/media?parent=371"}],"curies":[{"name":"wp","href":"https:\/\/api.w.org\/{rel}","templated":true}]}}