{"id":318,"date":"2015-02-02T10:55:30","date_gmt":"2015-02-02T09:55:30","guid":{"rendered":"http:\/\/kulturochkuriosa.se\/butik2\/?page_id=318"},"modified":"2016-01-19T11:03:17","modified_gmt":"2016-01-19T10:03:17","slug":"johansfors","status":"publish","type":"page","link":"http:\/\/kulturochkuriosa.se\/butik2\/glas\/johansfors\/","title":{"rendered":"Johansfors"},"content":{"rendered":"<p>Johansfors glasbruk grundades 1891, kom att ing\u00e5 i Orrefors Kosta Boda, lades ner 1991 men \u00e5terstartades och hade sedan flera olika \u00e4gare, bl.a. de anst\u00e4llda och norska Magnor A\/S. 2011 togs det \u00f6ver av ConDeVent AB som nu driver bruket som Johansfors Future Spirit, JFS, med den intressanta kombinationen handgjort glas och rom, vilket borde passa bra ihop.<br \/>\nUnder m\u00e5nga \u00e5r producerade man mycket m\u00e5lat glas, under 50- och 60-talet gjorde m\u00e5nga popul\u00e4ra serviser formgivna av Bengt Orup, men \u00e4ven disponenten Sixten Wennerstrand formgav en hel del.<\/p>\n<table style=\"height: auto; background-color: #b4b4b4; width: 100%;\" border=\"4\">\n<tbody>\n<tr>\n<td><\/td>\n<\/tr>\n<tr>\n<td align=\"center\" width=\"10%\"><\/td>\n<td align=\"center\" width=\"40%\"><a href=\"Servisglas\"><img loading=\"lazy\" class=\"aligncenter size-medium wp-image-324\" src=\"http:\/\/kulturochkuriosa.se\/butik2\/wp-content\/uploads\/2015\/02\/chevalier-fem-fotglas-300x225.jpg\" alt=\"chevalier fem fotglas\" width=\"100%\" height=\"auto\" srcset=\"http:\/\/kulturochkuriosa.se\/butik2\/wp-content\/uploads\/2015\/02\/chevalier-fem-fotglas-300x225.jpg 300w, http:\/\/kulturochkuriosa.se\/butik2\/wp-content\/uploads\/2015\/02\/chevalier-fem-fotglas-1024x768.jpg 1024w, http:\/\/kulturochkuriosa.se\/butik2\/wp-content\/uploads\/2015\/02\/chevalier-fem-fotglas.jpg 1134w\" sizes=\"(max-width: 300px) 100vw, 300px\" \/><\/a> Servisglas<\/td>\n<td align=\"center\" width=\"40%\"><a href=\"Konstglas\"><img loading=\"lazy\" class=\"aligncenter size-medium wp-image-322\" src=\"http:\/\/kulturochkuriosa.se\/butik2\/wp-content\/uploads\/2015\/02\/orup-liten-brun-och-vit-vas-225x300.jpg\" alt=\"orup liten brun och vit vas\" width=\"70%\" height=\"auto\" srcset=\"http:\/\/kulturochkuriosa.se\/butik2\/wp-content\/uploads\/2015\/02\/orup-liten-brun-och-vit-vas-225x300.jpg 225w, http:\/\/kulturochkuriosa.se\/butik2\/wp-content\/uploads\/2015\/02\/orup-liten-brun-och-vit-vas-768x1024.jpg 768w, http:\/\/kulturochkuriosa.se\/butik2\/wp-content\/uploads\/2015\/02\/orup-liten-brun-och-vit-vas.jpg 850w\" sizes=\"(max-width: 225px) 100vw, 225px\" \/><\/a> Konstglas<\/td>\n<td align=\"center\" width=\"10%\"><\/td>\n<\/tr>\n<\/tbody>\n<\/table>\n<p>&nbsp;<\/p>\n","protected":false},"excerpt":{"rendered":"<p>Johansfors glasbruk grundades 1891, kom att ing\u00e5 i Orrefors Kosta Boda, lades ner 1991 men \u00e5terstartades och hade sedan flera olika \u00e4gare, bl.a. de anst\u00e4llda och norska Magnor A\/S. 2011 togs det \u00f6ver av ConDeVent AB som nu driver bruket som Johansfors Future Spirit, JFS, med den intressanta kombinationen handgjort glas och rom, vilket borde <a href='http:\/\/kulturochkuriosa.se\/butik2\/glas\/johansfors\/' class='excerpt-more'>[&#8230;]<\/a><\/p>\n","protected":false},"author":2,"featured_media":0,"parent":5,"menu_order":350,"comment_status":"closed","ping_status":"closed","template":"","meta":[],"_links":{"self":[{"href":"http:\/\/kulturochkuriosa.se\/butik2\/wp-json\/wp\/v2\/pages\/318"}],"collection":[{"href":"http:\/\/kulturochkuriosa.se\/butik2\/wp-json\/wp\/v2\/pages"}],"about":[{"href":"http:\/\/kulturochkuriosa.se\/butik2\/wp-json\/wp\/v2\/types\/page"}],"author":[{"embeddable":true,"href":"http:\/\/kulturochkuriosa.se\/butik2\/wp-json\/wp\/v2\/users\/2"}],"replies":[{"embeddable":true,"href":"http:\/\/kulturochkuriosa.se\/butik2\/wp-json\/wp\/v2\/comments?post=318"}],"version-history":[{"count":6,"href":"http:\/\/kulturochkuriosa.se\/butik2\/wp-json\/wp\/v2\/pages\/318\/revisions"}],"predecessor-version":[{"id":822,"href":"http:\/\/kulturochkuriosa.se\/butik2\/wp-json\/wp\/v2\/pages\/318\/revisions\/822"}],"up":[{"embeddable":true,"href":"http:\/\/kulturochkuriosa.se\/butik2\/wp-json\/wp\/v2\/pages\/5"}],"wp:attachment":[{"href":"http:\/\/kulturochkuriosa.se\/butik2\/wp-json\/wp\/v2\/media?parent=318"}],"curies":[{"name":"wp","href":"https:\/\/api.w.org\/{rel}","templated":true}]}}