{"id":181,"date":"2015-01-24T13:49:36","date_gmt":"2015-01-24T12:49:36","guid":{"rendered":"http:\/\/kulturochkuriosa.se\/butik2\/?page_id=181"},"modified":"2016-11-21T12:10:35","modified_gmt":"2016-11-21T11:10:35","slug":"pressglas","status":"publish","type":"page","link":"http:\/\/kulturochkuriosa.se\/butik2\/glas\/eda\/pressglas\/","title":{"rendered":"Pressglas"},"content":{"rendered":"<p>Eda h\u00f6rde till de glasbruk som var tidigast ute med tillverkning av pressglas, och detta var en stor del av deras produktion s\u00e5 l\u00e4nge bruket var i drift.<\/p>\n<table style=\"height: auto; background-color: #b4b4b4; width: 100%;\">\n<tbody>\n<tr>\n<td style=\"border: 2px solid #f5f0f0; width: 25%;\"><a href=\"http:\/\/kulturochkuriosa.se\/butik2\/wp-content\/uploads\/2014\/11\/dessertsk\u00e5lar-2.jpg\" class=\"gallery_colorbox\"><img loading=\"lazy\" class=\"aligncenter size-medium wp-image-170\" src=\"http:\/\/kulturochkuriosa.se\/butik2\/wp-content\/uploads\/2014\/11\/dessertsk\u00e5lar-2-300x225.jpg\"  alt=\"Pressglas\" width=\"100%\" height=\"auto\" srcset=\"http:\/\/kulturochkuriosa.se\/butik2\/wp-content\/uploads\/2014\/11\/dessertsk\u00e5lar-2-300x225.jpg 300w, http:\/\/kulturochkuriosa.se\/butik2\/wp-content\/uploads\/2014\/11\/dessertsk\u00e5lar-2-1024x768.jpg 1024w, http:\/\/kulturochkuriosa.se\/butik2\/wp-content\/uploads\/2014\/11\/dessertsk\u00e5lar-2.jpg 1134w\" sizes=\"(max-width: 300px) 100vw, 300px\" \/><\/a><\/td>\n<td style=\"border: 2px solid #f5f0f0; width: 25%;\"><a href=\"http:\/\/kulturochkuriosa.se\/butik2\/wp-content\/uploads\/2015\/01\/klasssiska-glas.jpg\" class=\"gallery_colorbox\"><img loading=\"lazy\" class=\"aligncenter size-medium wp-image-182\" src=\"http:\/\/kulturochkuriosa.se\/butik2\/wp-content\/uploads\/2015\/01\/klasssiska-glas-300x225.jpg\"  alt=\"klasssiska glas\" width=\"100%\" height=\"auto\" srcset=\"http:\/\/kulturochkuriosa.se\/butik2\/wp-content\/uploads\/2015\/01\/klasssiska-glas-300x225.jpg 300w, http:\/\/kulturochkuriosa.se\/butik2\/wp-content\/uploads\/2015\/01\/klasssiska-glas-1024x768.jpg 1024w, http:\/\/kulturochkuriosa.se\/butik2\/wp-content\/uploads\/2015\/01\/klasssiska-glas.jpg 1134w\" sizes=\"(max-width: 300px) 100vw, 300px\" \/><\/a><\/td>\n<td style=\"border: 2px solid #f5f0f0; width: 25%;\"><a href=\"http:\/\/kulturochkuriosa.se\/butik2\/wp-content\/uploads\/2015\/01\/vas-tusenskona.jpg\" class=\"gallery_colorbox\"><img loading=\"lazy\" class=\"aligncenter size-medium wp-image-716\" src=\"http:\/\/kulturochkuriosa.se\/butik2\/wp-content\/uploads\/2015\/01\/vas-tusenskona-225x300.jpg\"  alt=\"vas tusenskona\" width=\"80%\" height=\"auto\" srcset=\"http:\/\/kulturochkuriosa.se\/butik2\/wp-content\/uploads\/2015\/01\/vas-tusenskona-225x300.jpg 225w, http:\/\/kulturochkuriosa.se\/butik2\/wp-content\/uploads\/2015\/01\/vas-tusenskona-768x1024.jpg 768w, http:\/\/kulturochkuriosa.se\/butik2\/wp-content\/uploads\/2015\/01\/vas-tusenskona.jpg 850w\" sizes=\"(max-width: 225px) 100vw, 225px\" \/><\/a><\/td>\n<td style=\"border: 2px solid #f5f0f0; width: 25%;\"><a href=\"http:\/\/kulturochkuriosa.se\/butik2\/wp-content\/uploads\/2015\/01\/kakfat-ren\u00e9-anl\u00f6pning.jpg\" class=\"gallery_colorbox\"><img loading=\"lazy\" class=\"aligncenter size-medium wp-image-1015\" src=\"http:\/\/kulturochkuriosa.se\/butik2\/wp-content\/uploads\/2015\/01\/kakfat-ren\u00e9-anl\u00f6pning-300x225.jpg\"  alt=\"kakfat ren\u00e9 anl\u00f6pning\" width=\"100%\" height=\"auto\" srcset=\"http:\/\/kulturochkuriosa.se\/butik2\/wp-content\/uploads\/2015\/01\/kakfat-ren\u00e9-anl\u00f6pning-300x225.jpg 300w, http:\/\/kulturochkuriosa.se\/butik2\/wp-content\/uploads\/2015\/01\/kakfat-ren\u00e9-anl\u00f6pning-768x576.jpg 768w, http:\/\/kulturochkuriosa.se\/butik2\/wp-content\/uploads\/2015\/01\/kakfat-ren\u00e9-anl\u00f6pning-1024x768.jpg 1024w, http:\/\/kulturochkuriosa.se\/butik2\/wp-content\/uploads\/2015\/01\/kakfat-ren\u00e9-anl\u00f6pning.jpg 1134w\" sizes=\"(max-width: 300px) 100vw, 300px\" \/><\/a><\/td>\n<\/tr>\n<tr style=\"vertical-align: top; background-color: #d4d4d4;\">\n<td style=\"border: 2px solid #f5f0f0; width: 25%;\">Dessertsk\u00e5lar finns oftast, of\u00e4rgade, ljusbl\u00e5 och ljusgr\u00f6na 50:-, \u00f6vriga 75:-.<\/td>\n<td style=\"border: 2px solid #f5f0f0; width: 25%;\">\u00c4ven de klassiska glasen brukar finnas, of\u00e4rgade 50:-, \u00f6vriga 75:-.<\/td>\n<td style=\"border: 2px solid #f5f0f0; width: 25%;\">\u00a0Vas \u201dTusensk\u00f6na\u201d, ganska ovanlig modell. H\u00f6jd 16 cm, dia 6,5 cm, pris 300:-.<\/td>\n<td style=\"border: 2px solid #f5f0f0; width: 25%;\">Litet kakfat &#8221;Ren\u00e9&#8221; i turkos anl\u00f6pningsglas, tillverkat runt 1900. H\u00f6jd 11 cm, dia 18 cm, pris 450:-.<\/td>\n<\/tr>\n<tr>\n<td style=\"border: 2px solid #f5f0f0; width: 25%;\"><\/td>\n<td style=\"border: 2px solid #f5f0f0; width: 25%;\"><\/td>\n<td style=\"border: 2px solid #f5f0f0; width: 25%;\"><\/td>\n<td style=\"border: 2px solid #f5f0f0; width: 25%;\"><\/td>\n<\/tr>\n<tr style=\"vertical-align: top; background-color: #d4d4d4;\">\n<td style=\"border: 2px solid #f5f0f0; width: 25%;\"><\/td>\n<td style=\"border: 2px solid #f5f0f0; width: 25%;\"><\/td>\n<td style=\"border: 2px solid #f5f0f0; width: 25%;\"><\/td>\n<td style=\"border: 2px solid #f5f0f0; width: 25%;\"><\/td>\n<\/tr>\n<tr>\n<td style=\"border: 2px solid #f5f0f0; background-color: #444444; width: 25%; text-align: center;\" colspan=\"4\"><span style=\"color: #ffffff;\">S\u00e5lda produkter<br \/>\n<\/span><\/td>\n<\/tr>\n<tr>\n<td style=\"border: 2px solid #f5f0f0; width: 25%;\"><a href=\"http:\/\/kulturochkuriosa.se\/butik2\/wp-content\/uploads\/2015\/01\/hallberg-fotsk\u00e5l.jpg\" class=\"gallery_colorbox\"><img loading=\"lazy\" class=\"aligncenter size-medium wp-image-714\" src=\"http:\/\/kulturochkuriosa.se\/butik2\/wp-content\/uploads\/2015\/01\/hallberg-fotsk\u00e5l-225x300.jpg\"  alt=\"hallberg fotsk\u00e5l\" width=\"80%\" height=\"auto\" srcset=\"http:\/\/kulturochkuriosa.se\/butik2\/wp-content\/uploads\/2015\/01\/hallberg-fotsk\u00e5l-225x300.jpg 225w, http:\/\/kulturochkuriosa.se\/butik2\/wp-content\/uploads\/2015\/01\/hallberg-fotsk\u00e5l-768x1024.jpg 768w, http:\/\/kulturochkuriosa.se\/butik2\/wp-content\/uploads\/2015\/01\/hallberg-fotsk\u00e5l.jpg 850w\" sizes=\"(max-width: 225px) 100vw, 225px\" \/><\/a><\/td>\n<td style=\"border: 2px solid #f5f0f0; width: 25%;\"><a href=\"http:\/\/kulturochkuriosa.se\/butik2\/wp-content\/uploads\/2015\/01\/vas-gunnar.jpg\" class=\"gallery_colorbox\"><img loading=\"lazy\" class=\"aligncenter size-medium wp-image-183\" src=\"http:\/\/kulturochkuriosa.se\/butik2\/wp-content\/uploads\/2015\/01\/vas-gunnar-225x300.jpg\"  alt=\"vas gunnar\" width=\"80%\" height=\"auto\" srcset=\"http:\/\/kulturochkuriosa.se\/butik2\/wp-content\/uploads\/2015\/01\/vas-gunnar-225x300.jpg 225w, http:\/\/kulturochkuriosa.se\/butik2\/wp-content\/uploads\/2015\/01\/vas-gunnar-768x1024.jpg 768w, http:\/\/kulturochkuriosa.se\/butik2\/wp-content\/uploads\/2015\/01\/vas-gunnar.jpg 850w\" sizes=\"(max-width: 225px) 100vw, 225px\" \/><\/a><\/td>\n<td style=\"border: 2px solid #f5f0f0; width: 25%;\"><a href=\"http:\/\/kulturochkuriosa.se\/butik2\/wp-content\/uploads\/2015\/01\/vas-gunnar-sign.jpg\" class=\"gallery_colorbox\"><img loading=\"lazy\" class=\"aligncenter size-medium wp-image-184\" src=\"http:\/\/kulturochkuriosa.se\/butik2\/wp-content\/uploads\/2015\/01\/vas-gunnar-sign-300x225.jpg\"  alt=\"vas gunnar sign\" width=\"100%\" height=\"auto\" srcset=\"http:\/\/kulturochkuriosa.se\/butik2\/wp-content\/uploads\/2015\/01\/vas-gunnar-sign-300x225.jpg 300w, http:\/\/kulturochkuriosa.se\/butik2\/wp-content\/uploads\/2015\/01\/vas-gunnar-sign-1024x768.jpg 1024w, http:\/\/kulturochkuriosa.se\/butik2\/wp-content\/uploads\/2015\/01\/vas-gunnar-sign.jpg 1134w\" sizes=\"(max-width: 300px) 100vw, 300px\" \/><\/a><\/td>\n<td style=\"border: 2px solid #f5f0f0; width: 25%;\"><a href=\"http:\/\/kulturochkuriosa.se\/butik2\/wp-content\/uploads\/2015\/01\/Eda-kompottsk\u00e5l.jpg\" class=\"gallery_colorbox\"><img loading=\"lazy\" class=\"aligncenter size-medium wp-image-1014\" src=\"http:\/\/kulturochkuriosa.se\/butik2\/wp-content\/uploads\/2015\/01\/Eda-kompottsk\u00e5l-300x225.jpg\"  alt=\"Eda kompottsk\u00e5l\" width=\"100%\" height=\"auto\" srcset=\"http:\/\/kulturochkuriosa.se\/butik2\/wp-content\/uploads\/2015\/01\/Eda-kompottsk\u00e5l-300x225.jpg 300w, http:\/\/kulturochkuriosa.se\/butik2\/wp-content\/uploads\/2015\/01\/Eda-kompottsk\u00e5l-768x576.jpg 768w, http:\/\/kulturochkuriosa.se\/butik2\/wp-content\/uploads\/2015\/01\/Eda-kompottsk\u00e5l-1024x768.jpg 1024w, http:\/\/kulturochkuriosa.se\/butik2\/wp-content\/uploads\/2015\/01\/Eda-kompottsk\u00e5l.jpg 1134w\" sizes=\"(max-width: 300px) 100vw, 300px\" \/><\/a><\/td>\n<\/tr>\n<tr style=\"vertical-align: top; background-color: #d4d4d4;\">\n<td style=\"border: 2px solid #f5f0f0; width: 25%;\">J\u00e4ttefin kompottsk\u00e5l, modell &#8221;Hallberg&#8221; i en ovanlig &#8221;mellanstorlek&#8221;, dia 21 cm, h\u00f6jd 20 cm<del> pris 400:-.<\/del>\u00a0 <strong>S\u00e5ld.<\/strong><\/td>\n<td style=\"border: 2px solid #f5f0f0; width: 25%;\" colspan=\"2\">\u00a0\u00a0Ovanlig vas, &#8221;Gunnar&#8221;, med Eda i massan. H\u00f6jd 14 cm, <del>pris 600:-.<\/del> <strong>S\u00e5ld.<\/strong><\/td>\n<td style=\"border: 2px solid #f5f0f0; width: 25%;\">\u00a0Kompottsk\u00e5l med m\u00f6nster &#8221;Eda&#8221;, sent 1800-tal. H\u00f6jd 21 cm, dia 24 cm, <del>pris 400:-<\/del>. <strong>S\u00e5ld.<\/strong><\/td>\n<\/tr>\n<\/tbody>\n<\/table>\n<p>&nbsp;<\/p>\n","protected":false},"excerpt":{"rendered":"<p>Eda h\u00f6rde till de glasbruk som var tidigast ute med tillverkning av pressglas, och detta var en stor del av deras produktion s\u00e5 l\u00e4nge bruket var i drift. Dessertsk\u00e5lar finns oftast, of\u00e4rgade, ljusbl\u00e5 och ljusgr\u00f6na 50:-, \u00f6vriga 75:-. \u00c4ven de klassiska glasen brukar finnas, of\u00e4rgade 50:-, \u00f6vriga 75:-. \u00a0Vas \u201dTusensk\u00f6na\u201d, ganska ovanlig modell. H\u00f6jd 16 <a href='http:\/\/kulturochkuriosa.se\/butik2\/glas\/eda\/pressglas\/' class='excerpt-more'>[&#8230;]<\/a><\/p>\n","protected":false},"author":2,"featured_media":0,"parent":51,"menu_order":5,"comment_status":"closed","ping_status":"closed","template":"","meta":[],"_links":{"self":[{"href":"http:\/\/kulturochkuriosa.se\/butik2\/wp-json\/wp\/v2\/pages\/181"}],"collection":[{"href":"http:\/\/kulturochkuriosa.se\/butik2\/wp-json\/wp\/v2\/pages"}],"about":[{"href":"http:\/\/kulturochkuriosa.se\/butik2\/wp-json\/wp\/v2\/types\/page"}],"author":[{"embeddable":true,"href":"http:\/\/kulturochkuriosa.se\/butik2\/wp-json\/wp\/v2\/users\/2"}],"replies":[{"embeddable":true,"href":"http:\/\/kulturochkuriosa.se\/butik2\/wp-json\/wp\/v2\/comments?post=181"}],"version-history":[{"count":52,"href":"http:\/\/kulturochkuriosa.se\/butik2\/wp-json\/wp\/v2\/pages\/181\/revisions"}],"predecessor-version":[{"id":1072,"href":"http:\/\/kulturochkuriosa.se\/butik2\/wp-json\/wp\/v2\/pages\/181\/revisions\/1072"}],"up":[{"embeddable":true,"href":"http:\/\/kulturochkuriosa.se\/butik2\/wp-json\/wp\/v2\/pages\/51"}],"wp:attachment":[{"href":"http:\/\/kulturochkuriosa.se\/butik2\/wp-json\/wp\/v2\/media?parent=181"}],"curies":[{"name":"wp","href":"https:\/\/api.w.org\/{rel}","templated":true}]}}