{"id":14,"date":"2014-10-30T17:05:10","date_gmt":"2014-10-30T16:05:10","guid":{"rendered":"http:\/\/kulturochkuriosa.se\/test\/?page_id=14"},"modified":"2016-03-03T16:42:30","modified_gmt":"2016-03-03T15:42:30","slug":"servisglas","status":"publish","type":"page","link":"http:\/\/kulturochkuriosa.se\/butik2\/glas\/eda\/servisglas\/","title":{"rendered":"Servisglas"},"content":{"rendered":"<p>Servisglas producerades under m\u00e5nga \u00e5r, de mest ber\u00f6mda under Str\u00f6mbergsepoken. En hel del \u00e4r &#8221;hyttdesign&#8221; allts\u00e5 ok\u00e4nd formgivare, bland de k\u00e4nda finns, f\u00f6rutom Gerda Str\u00f6mberg, Tage Zickerman p\u00e5 20-talet och Bo Fjaestad p\u00e5 40-50-talet.<\/p>\n<p>&nbsp;<\/p>\n<table style=\"height: auto; background-color: #b4b4b4; width: 100%;\" border=\"4\">\n<tbody>\n<tr>\n<td style=\"border: 2px solid #f5f0f0; width: 25%;\" colspan=\"2\"><a href=\"http:\/\/kulturochkuriosa.se\/butik2\/wp-content\/uploads\/2014\/10\/fylgia-10-st1.jpg\" class=\"gallery_colorbox\"><img loading=\"lazy\" class=\"aligncenter size-full wp-image-789\" src=\"http:\/\/kulturochkuriosa.se\/butik2\/wp-content\/uploads\/2014\/10\/fylgia-10-st1.jpg\"  alt=\"fylgia 10 st\" width=\"100%\" height=\"auto\" srcset=\"http:\/\/kulturochkuriosa.se\/butik2\/wp-content\/uploads\/2014\/10\/fylgia-10-st1.jpg 851w, http:\/\/kulturochkuriosa.se\/butik2\/wp-content\/uploads\/2014\/10\/fylgia-10-st1-300x124.jpg 300w\" sizes=\"(max-width: 851px) 100vw, 851px\" \/><\/a><\/td>\n<td style=\"border: 2px solid #f5f0f0; width: 25%;\"><a href=\"http:\/\/kulturochkuriosa.se\/butik2\/wp-content\/uploads\/2014\/10\/fylgia-vin-165.jpg\" class=\"gallery_colorbox\"><img loading=\"lazy\" class=\"aligncenter size-medium wp-image-793\" src=\"http:\/\/kulturochkuriosa.se\/butik2\/wp-content\/uploads\/2014\/10\/fylgia-vin-165-225x300.jpg\"  alt=\"fylgia vin 16,5\" width=\"80%\" height=\"auto\" srcset=\"http:\/\/kulturochkuriosa.se\/butik2\/wp-content\/uploads\/2014\/10\/fylgia-vin-165-225x300.jpg 225w, http:\/\/kulturochkuriosa.se\/butik2\/wp-content\/uploads\/2014\/10\/fylgia-vin-165-768x1024.jpg 768w, http:\/\/kulturochkuriosa.se\/butik2\/wp-content\/uploads\/2014\/10\/fylgia-vin-165.jpg 850w\" sizes=\"(max-width: 225px) 100vw, 225px\" \/><\/a><\/td>\n<td style=\"border: 2px solid #f5f0f0; width: 25%;\"><a href=\"http:\/\/kulturochkuriosa.se\/butik2\/wp-content\/uploads\/2014\/10\/fylgia-vin-17.jpg\" class=\"gallery_colorbox\"><img loading=\"lazy\" class=\"aligncenter size-medium wp-image-794\" src=\"http:\/\/kulturochkuriosa.se\/butik2\/wp-content\/uploads\/2014\/10\/fylgia-vin-17-225x300.jpg\"  alt=\"fylgia vin 17\" width=\"80%\" height=\"auto\" srcset=\"http:\/\/kulturochkuriosa.se\/butik2\/wp-content\/uploads\/2014\/10\/fylgia-vin-17-225x300.jpg 225w, http:\/\/kulturochkuriosa.se\/butik2\/wp-content\/uploads\/2014\/10\/fylgia-vin-17-768x1024.jpg 768w, http:\/\/kulturochkuriosa.se\/butik2\/wp-content\/uploads\/2014\/10\/fylgia-vin-17.jpg 850w\" sizes=\"(max-width: 225px) 100vw, 225px\" \/><\/a><\/td>\n<\/tr>\n<tr style=\"vertical-align: top; background-color: #d4d4d4;\">\n<td style=\"border: 2px solid #f5f0f0; width: 25%;\" colspan=\"2\">\u00a0Fylgia, en av Edas mest k\u00e4nda serviser, kom i slutet av 20-talet, eventuellt av Gerda Str\u00f6mberg eller s\u00e5 hade den skapats tidigare, m\u00f6jligen av Tage Zickerman.<\/td>\n<td style=\"border: 2px solid #f5f0f0; width: 25%;\">Vin\/\u00f6l, h\u00f6jd 16,5 cm dia 9,5 cm, pris 500:-.<\/td>\n<td style=\"border: 2px solid #f5f0f0; width: 25%;\">Vin, h\u00f6jd 17 cm, dia 8 cm, pris 450:-.<\/td>\n<\/tr>\n<tr>\n<td style=\"border: 2px solid #f5f0f0; width: 25%;\"><a href=\"http:\/\/kulturochkuriosa.se\/butik2\/wp-content\/uploads\/2014\/10\/fylgia-vin-145.jpg\" class=\"gallery_colorbox\"><img loading=\"lazy\" class=\"aligncenter size-medium wp-image-796\" src=\"http:\/\/kulturochkuriosa.se\/butik2\/wp-content\/uploads\/2014\/10\/fylgia-vin-145-225x300.jpg\"  alt=\"fylgia vin 14,5\" width=\"80%\" height=\"auto\" srcset=\"http:\/\/kulturochkuriosa.se\/butik2\/wp-content\/uploads\/2014\/10\/fylgia-vin-145-225x300.jpg 225w, http:\/\/kulturochkuriosa.se\/butik2\/wp-content\/uploads\/2014\/10\/fylgia-vin-145-768x1024.jpg 768w, http:\/\/kulturochkuriosa.se\/butik2\/wp-content\/uploads\/2014\/10\/fylgia-vin-145.jpg 850w\" sizes=\"(max-width: 225px) 100vw, 225px\" \/><\/a><\/td>\n<td style=\"border: 2px solid #f5f0f0; width: 25%;\"><a href=\"http:\/\/kulturochkuriosa.se\/butik2\/wp-content\/uploads\/2014\/10\/fylgia-champ-125.jpg\" class=\"gallery_colorbox\"><img loading=\"lazy\" class=\"aligncenter size-medium wp-image-797\" src=\"http:\/\/kulturochkuriosa.se\/butik2\/wp-content\/uploads\/2014\/10\/fylgia-champ-125-225x300.jpg\"  alt=\"fylgia champ 12,5\" width=\"80%\" height=\"auto\" srcset=\"http:\/\/kulturochkuriosa.se\/butik2\/wp-content\/uploads\/2014\/10\/fylgia-champ-125-225x300.jpg 225w, http:\/\/kulturochkuriosa.se\/butik2\/wp-content\/uploads\/2014\/10\/fylgia-champ-125-768x1024.jpg 768w, http:\/\/kulturochkuriosa.se\/butik2\/wp-content\/uploads\/2014\/10\/fylgia-champ-125.jpg 850w\" sizes=\"(max-width: 225px) 100vw, 225px\" \/><\/a><\/td>\n<td style=\"border: 2px solid #f5f0f0; width: 25%;\"><a href=\"http:\/\/kulturochkuriosa.se\/butik2\/wp-content\/uploads\/2014\/10\/fylgia-stvin-10.jpg\" class=\"gallery_colorbox\"><img loading=\"lazy\" class=\"aligncenter size-medium wp-image-798\" src=\"http:\/\/kulturochkuriosa.se\/butik2\/wp-content\/uploads\/2014\/10\/fylgia-stvin-10-225x300.jpg\"  alt=\"fylgia stvin 10\" width=\"80%\" height=\"auto\" srcset=\"http:\/\/kulturochkuriosa.se\/butik2\/wp-content\/uploads\/2014\/10\/fylgia-stvin-10-225x300.jpg 225w, http:\/\/kulturochkuriosa.se\/butik2\/wp-content\/uploads\/2014\/10\/fylgia-stvin-10-768x1024.jpg 768w, http:\/\/kulturochkuriosa.se\/butik2\/wp-content\/uploads\/2014\/10\/fylgia-stvin-10.jpg 850w\" sizes=\"(max-width: 225px) 100vw, 225px\" \/><\/a><\/td>\n<td style=\"border: 2px solid #f5f0f0; width: 25%;\"><a href=\"http:\/\/kulturochkuriosa.se\/butik2\/wp-content\/uploads\/2014\/10\/fylgia-lik\u00f6r-95.jpg\" class=\"gallery_colorbox\"><img loading=\"lazy\" class=\"aligncenter size-medium wp-image-799\" src=\"http:\/\/kulturochkuriosa.se\/butik2\/wp-content\/uploads\/2014\/10\/fylgia-lik\u00f6r-95-225x300.jpg\"  alt=\"fylgia lik\u00f6r 9,5\" width=\"80%\" height=\"auto\" srcset=\"http:\/\/kulturochkuriosa.se\/butik2\/wp-content\/uploads\/2014\/10\/fylgia-lik\u00f6r-95-225x300.jpg 225w, http:\/\/kulturochkuriosa.se\/butik2\/wp-content\/uploads\/2014\/10\/fylgia-lik\u00f6r-95-768x1024.jpg 768w, http:\/\/kulturochkuriosa.se\/butik2\/wp-content\/uploads\/2014\/10\/fylgia-lik\u00f6r-95.jpg 850w\" sizes=\"(max-width: 225px) 100vw, 225px\" \/><\/a><\/td>\n<\/tr>\n<tr style=\"vertical-align: top; background-color: #d4d4d4;\">\n<td style=\"border: 2px solid #f5f0f0; width: 25%;\">Vin, h\u00f6jd 14,5 cm, dia 7,5 cm, pris 350:-.<\/td>\n<td style=\"border: 2px solid #f5f0f0; width: 25%;\">Champagnesk\u00e5l, h\u00f6jd 12,5 cm, dia 9 cm, pris 400:-.<\/td>\n<td style=\"border: 2px solid #f5f0f0; width: 25%;\">Starkvin, h\u00f6jd 10 cm, dia 7,5 cm, pris 250:-.<\/td>\n<td style=\"border: 2px solid #f5f0f0; width: 25%;\">Lik\u00f6r, h\u00f6jd 9,5 cm, dia 6,5 cm, pris 150:-.<\/td>\n<\/tr>\n<tr>\n<td style=\"border: 2px solid #f5f0f0; width: 25%;\"><a href=\"http:\/\/kulturochkuriosa.se\/butik2\/wp-content\/uploads\/2014\/10\/fylgia-snaps-baluster-115.jpg\" class=\"gallery_colorbox\"><img loading=\"lazy\" class=\"aligncenter size-medium wp-image-801\" src=\"http:\/\/kulturochkuriosa.se\/butik2\/wp-content\/uploads\/2014\/10\/fylgia-snaps-baluster-115-225x300.jpg\"  alt=\"fylgia snaps baluster 11,5\" width=\"80%\" height=\"auto\" srcset=\"http:\/\/kulturochkuriosa.se\/butik2\/wp-content\/uploads\/2014\/10\/fylgia-snaps-baluster-115-225x300.jpg 225w, http:\/\/kulturochkuriosa.se\/butik2\/wp-content\/uploads\/2014\/10\/fylgia-snaps-baluster-115-768x1024.jpg 768w, http:\/\/kulturochkuriosa.se\/butik2\/wp-content\/uploads\/2014\/10\/fylgia-snaps-baluster-115.jpg 850w\" sizes=\"(max-width: 225px) 100vw, 225px\" \/><\/a><\/td>\n<td style=\"border: 2px solid #f5f0f0; width: 25%;\"><a href=\"http:\/\/kulturochkuriosa.se\/butik2\/wp-content\/uploads\/2014\/10\/fylgia-snaps-115.jpg\" class=\"gallery_colorbox\"><img loading=\"lazy\" class=\"aligncenter size-medium wp-image-802\" src=\"http:\/\/kulturochkuriosa.se\/butik2\/wp-content\/uploads\/2014\/10\/fylgia-snaps-115-225x300.jpg\"  alt=\"fylgia snaps 11,5\" width=\"80%\" height=\"auto\" srcset=\"http:\/\/kulturochkuriosa.se\/butik2\/wp-content\/uploads\/2014\/10\/fylgia-snaps-115-225x300.jpg 225w, http:\/\/kulturochkuriosa.se\/butik2\/wp-content\/uploads\/2014\/10\/fylgia-snaps-115-768x1024.jpg 768w, http:\/\/kulturochkuriosa.se\/butik2\/wp-content\/uploads\/2014\/10\/fylgia-snaps-115.jpg 850w\" sizes=\"(max-width: 225px) 100vw, 225px\" \/><\/a><\/td>\n<td style=\"border: 2px solid #f5f0f0; width: 25%;\"><a href=\"http:\/\/kulturochkuriosa.se\/butik2\/wp-content\/uploads\/2014\/10\/fylgia-grogg-125.jpg\" class=\"gallery_colorbox\"><img loading=\"lazy\" class=\"aligncenter size-medium wp-image-803\" src=\"http:\/\/kulturochkuriosa.se\/butik2\/wp-content\/uploads\/2014\/10\/fylgia-grogg-125-225x300.jpg\"  alt=\"fylgia grogg 12,5\" width=\"80%\" height=\"auto\" srcset=\"http:\/\/kulturochkuriosa.se\/butik2\/wp-content\/uploads\/2014\/10\/fylgia-grogg-125-225x300.jpg 225w, http:\/\/kulturochkuriosa.se\/butik2\/wp-content\/uploads\/2014\/10\/fylgia-grogg-125-768x1024.jpg 768w, http:\/\/kulturochkuriosa.se\/butik2\/wp-content\/uploads\/2014\/10\/fylgia-grogg-125.jpg 850w\" sizes=\"(max-width: 225px) 100vw, 225px\" \/><\/a><\/td>\n<td style=\"border: 2px solid #f5f0f0; width: 25%;\"><a href=\"http:\/\/kulturochkuriosa.se\/butik2\/wp-content\/uploads\/2014\/10\/fylgia-selter-75.jpg\" class=\"gallery_colorbox\"><img loading=\"lazy\" class=\"aligncenter size-medium wp-image-804\" src=\"http:\/\/kulturochkuriosa.se\/butik2\/wp-content\/uploads\/2014\/10\/fylgia-selter-75-225x300.jpg\"  alt=\"fylgia selter 7,5\" width=\"80%\" height=\"auto\" srcset=\"http:\/\/kulturochkuriosa.se\/butik2\/wp-content\/uploads\/2014\/10\/fylgia-selter-75-225x300.jpg 225w, http:\/\/kulturochkuriosa.se\/butik2\/wp-content\/uploads\/2014\/10\/fylgia-selter-75-768x1024.jpg 768w, http:\/\/kulturochkuriosa.se\/butik2\/wp-content\/uploads\/2014\/10\/fylgia-selter-75.jpg 850w\" sizes=\"(max-width: 225px) 100vw, 225px\" \/><\/a><\/td>\n<\/tr>\n<tr style=\"vertical-align: top; background-color: #d4d4d4;\">\n<td style=\"border: 2px solid #f5f0f0; width: 25%;\">Snaps med balusterben, h\u00f6jd 11,5 cm, dia 5,5 cm, pris 300:-.<\/td>\n<td style=\"border: 2px solid #f5f0f0; width: 25%;\">Snaps med rakt ben, h\u00f6jd 11,5 cm, dia 5,5 cm, pris 250:-.<\/td>\n<td style=\"border: 2px solid #f5f0f0; width: 25%;\">Grogg, h\u00f6jd 12,5 cm, dia 9 cm, pris 350:-.<\/td>\n<td style=\"border: 2px solid #f5f0f0; width: 25%;\">Selter, h\u00f6jd 7,5 cm, dia 6 cm, pris 200:-.<\/td>\n<\/tr>\n<tr>\n<td style=\"border: 2px solid #f5f0f0; width: 25%;\">\u00a0<a href=\"http:\/\/kulturochkuriosa.se\/butik2\/wp-content\/uploads\/2014\/10\/fylgia-stor-karaff.jpg\" class=\"gallery_colorbox\"><img loading=\"lazy\" class=\"aligncenter size-medium wp-image-811\" src=\"http:\/\/kulturochkuriosa.se\/butik2\/wp-content\/uploads\/2014\/10\/fylgia-stor-karaff-225x300.jpg\"  alt=\"fylgia stor karaff\" width=\"225\" height=\"300\" srcset=\"http:\/\/kulturochkuriosa.se\/butik2\/wp-content\/uploads\/2014\/10\/fylgia-stor-karaff-225x300.jpg 225w, http:\/\/kulturochkuriosa.se\/butik2\/wp-content\/uploads\/2014\/10\/fylgia-stor-karaff-768x1024.jpg 768w, http:\/\/kulturochkuriosa.se\/butik2\/wp-content\/uploads\/2014\/10\/fylgia-stor-karaff.jpg 850w\" sizes=\"(max-width: 225px) 100vw, 225px\" \/><\/a><\/td>\n<td style=\"border: 2px solid #f5f0f0; width: 25%;\"><a href=\"http:\/\/kulturochkuriosa.se\/butik2\/wp-content\/uploads\/2014\/10\/carin-starkvin.jpg\" class=\"gallery_colorbox\"><img loading=\"lazy\" class=\"aligncenter size-medium wp-image-783\" src=\"http:\/\/kulturochkuriosa.se\/butik2\/wp-content\/uploads\/2014\/10\/carin-starkvin-225x300.jpg\"  alt=\"carin starkvin\" width=\"80%\" height=\"auto\" srcset=\"http:\/\/kulturochkuriosa.se\/butik2\/wp-content\/uploads\/2014\/10\/carin-starkvin-225x300.jpg 225w, http:\/\/kulturochkuriosa.se\/butik2\/wp-content\/uploads\/2014\/10\/carin-starkvin-768x1024.jpg 768w, http:\/\/kulturochkuriosa.se\/butik2\/wp-content\/uploads\/2014\/10\/carin-starkvin.jpg 850w\" sizes=\"(max-width: 225px) 100vw, 225px\" \/><\/a><\/td>\n<td style=\"border: 2px solid #f5f0f0; width: 25%;\"><a href=\"http:\/\/kulturochkuriosa.se\/butik2\/wp-content\/uploads\/2014\/10\/carin-starkvin-kupa.jpg\" class=\"gallery_colorbox\"><img loading=\"lazy\" class=\"aligncenter size-medium wp-image-784\" src=\"http:\/\/kulturochkuriosa.se\/butik2\/wp-content\/uploads\/2014\/10\/carin-starkvin-kupa-300x225.jpg\"  alt=\"carin starkvin kupa\" width=\"100%\" height=\"auto\" srcset=\"http:\/\/kulturochkuriosa.se\/butik2\/wp-content\/uploads\/2014\/10\/carin-starkvin-kupa-300x225.jpg 300w, http:\/\/kulturochkuriosa.se\/butik2\/wp-content\/uploads\/2014\/10\/carin-starkvin-kupa-1024x768.jpg 1024w, http:\/\/kulturochkuriosa.se\/butik2\/wp-content\/uploads\/2014\/10\/carin-starkvin-kupa.jpg 1134w\" sizes=\"(max-width: 300px) 100vw, 300px\" \/><\/a><\/td>\n<td style=\"border: 2px solid #f5f0f0; width: 25%;\"><a href=\"http:\/\/kulturochkuriosa.se\/butik2\/wp-content\/uploads\/2014\/10\/derby-4-st.jpg\" class=\"gallery_colorbox\"><img loading=\"lazy\" class=\"aligncenter size-medium wp-image-813\" src=\"http:\/\/kulturochkuriosa.se\/butik2\/wp-content\/uploads\/2014\/10\/derby-4-st-300x225.jpg\"  alt=\"derby 4 st\" width=\"100%\" height=\"auto\" srcset=\"http:\/\/kulturochkuriosa.se\/butik2\/wp-content\/uploads\/2014\/10\/derby-4-st-300x225.jpg 300w, http:\/\/kulturochkuriosa.se\/butik2\/wp-content\/uploads\/2014\/10\/derby-4-st-1024x768.jpg 1024w, http:\/\/kulturochkuriosa.se\/butik2\/wp-content\/uploads\/2014\/10\/derby-4-st.jpg 1134w\" sizes=\"(max-width: 300px) 100vw, 300px\" \/><\/a><\/td>\n<\/tr>\n<tr style=\"vertical-align: top; background-color: #d4d4d4;\">\n<td style=\"border: 2px solid #f5f0f0; width: 25%;\">\u00a0Den st\u00f6rsta karaffen i Fylgiaservisen, h\u00f6jd 33 cm inkl propp. Pris 1500:-.<\/td>\n<td style=\"border: 2px solid #f5f0f0; width: 25%;\" colspan=\"2\">Carin, en av Gerda Str\u00f6mbergs allra vackraste serviser, med fantastisk slipning. Starkvinsglas i of\u00e4rgad massa, h\u00f6jd 10,5 cm, dia 7 cm, pris 600:-.<\/td>\n<td style=\"border: 2px solid #f5f0f0; width: 25%;\">\u00a0Derby, ocks\u00e5 formgiven av Gerda Str\u00f6mberg, finns bl.a. i ljust bl\u00e5 och ljust guldbruna nyanser.<\/td>\n<\/tr>\n<tr>\n<td style=\"border: 2px solid #f5f0f0; width: 25%;\"><a href=\"http:\/\/kulturochkuriosa.se\/butik2\/wp-content\/uploads\/2014\/10\/derby-bl\u00e5-vin-\u00f6l-125.jpg\" class=\"gallery_colorbox\"><img loading=\"lazy\" class=\"aligncenter size-medium wp-image-777\" src=\"http:\/\/kulturochkuriosa.se\/butik2\/wp-content\/uploads\/2014\/10\/derby-bl\u00e5-vin-\u00f6l-125-225x300.jpg\"  alt=\"derby bl\u00e5 vin-\u00f6l 12,5\" width=\"80%\" height=\"auto\" srcset=\"http:\/\/kulturochkuriosa.se\/butik2\/wp-content\/uploads\/2014\/10\/derby-bl\u00e5-vin-\u00f6l-125-225x300.jpg 225w, http:\/\/kulturochkuriosa.se\/butik2\/wp-content\/uploads\/2014\/10\/derby-bl\u00e5-vin-\u00f6l-125-768x1024.jpg 768w, http:\/\/kulturochkuriosa.se\/butik2\/wp-content\/uploads\/2014\/10\/derby-bl\u00e5-vin-\u00f6l-125.jpg 850w\" sizes=\"(max-width: 225px) 100vw, 225px\" \/><\/a><\/td>\n<td style=\"border: 2px solid #f5f0f0; width: 25%;\"><a href=\"http:\/\/kulturochkuriosa.se\/butik2\/wp-content\/uploads\/2014\/10\/derby-bl\u00e5-vin-105.jpg\" class=\"gallery_colorbox\"><img loading=\"lazy\" class=\"aligncenter size-medium wp-image-776\" src=\"http:\/\/kulturochkuriosa.se\/butik2\/wp-content\/uploads\/2014\/10\/derby-bl\u00e5-vin-105-225x300.jpg\"  alt=\"derby bl\u00e5 vin 10,5\" width=\"80%\" height=\"auto\" srcset=\"http:\/\/kulturochkuriosa.se\/butik2\/wp-content\/uploads\/2014\/10\/derby-bl\u00e5-vin-105-225x300.jpg 225w, http:\/\/kulturochkuriosa.se\/butik2\/wp-content\/uploads\/2014\/10\/derby-bl\u00e5-vin-105-768x1024.jpg 768w, http:\/\/kulturochkuriosa.se\/butik2\/wp-content\/uploads\/2014\/10\/derby-bl\u00e5-vin-105.jpg 850w\" sizes=\"(max-width: 225px) 100vw, 225px\" \/><\/a><\/td>\n<td style=\"border: 2px solid #f5f0f0; width: 25%;\"><a href=\"http:\/\/kulturochkuriosa.se\/butik2\/wp-content\/uploads\/2014\/10\/derby-gb-85.jpg\" class=\"gallery_colorbox\"><img loading=\"lazy\" class=\"aligncenter size-medium wp-image-814\" src=\"http:\/\/kulturochkuriosa.se\/butik2\/wp-content\/uploads\/2014\/10\/derby-gb-85-225x300.jpg\"  alt=\"derby gb 8,5\" width=\"80%\" height=\"auto\" srcset=\"http:\/\/kulturochkuriosa.se\/butik2\/wp-content\/uploads\/2014\/10\/derby-gb-85-225x300.jpg 225w, http:\/\/kulturochkuriosa.se\/butik2\/wp-content\/uploads\/2014\/10\/derby-gb-85-768x1024.jpg 768w, http:\/\/kulturochkuriosa.se\/butik2\/wp-content\/uploads\/2014\/10\/derby-gb-85.jpg 850w\" sizes=\"(max-width: 225px) 100vw, 225px\" \/><\/a><\/td>\n<td style=\"border: 2px solid #f5f0f0; width: 25%;\"><a href=\"http:\/\/kulturochkuriosa.se\/butik2\/wp-content\/uploads\/2014\/10\/derby-gb-8.jpg\" class=\"gallery_colorbox\"><img loading=\"lazy\" class=\"aligncenter size-medium wp-image-815\" src=\"http:\/\/kulturochkuriosa.se\/butik2\/wp-content\/uploads\/2014\/10\/derby-gb-8-225x300.jpg\"  alt=\"derby gb 8\" width=\"80%\" height=\"auto\" srcset=\"http:\/\/kulturochkuriosa.se\/butik2\/wp-content\/uploads\/2014\/10\/derby-gb-8-225x300.jpg 225w, http:\/\/kulturochkuriosa.se\/butik2\/wp-content\/uploads\/2014\/10\/derby-gb-8-768x1024.jpg 768w, http:\/\/kulturochkuriosa.se\/butik2\/wp-content\/uploads\/2014\/10\/derby-gb-8.jpg 850w\" sizes=\"(max-width: 225px) 100vw, 225px\" \/><\/a><\/td>\n<\/tr>\n<tr style=\"vertical-align: top; background-color: #d4d4d4;\">\n<td style=\"border: 2px solid #f5f0f0; width: 25%;\">Vin eller \u00f6l, h\u00f6jd 12,5 cm, dia 9,5 cm, pris 200:-.<\/td>\n<td style=\"border: 2px solid #f5f0f0; width: 25%;\">\u00a0Vinglas, h\u00f6jd 10,5 cm, dia 7,5 cm, pris 150:-.<\/td>\n<td style=\"border: 2px solid #f5f0f0; width: 25%;\">\u00a0Vinglas, h\u00f6jd 8,5 cm, dia 6,5 cm, pris 150:-.<\/td>\n<td style=\"border: 2px solid #f5f0f0; width: 25%;\">Vinglas, h\u00f6jd 8 cm, dia 5 cm, pris 120:-.<\/td>\n<\/tr>\n<tr>\n<td style=\"border: 2px solid #f5f0f0; width: 25%;\"><a href=\"http:\/\/kulturochkuriosa.se\/butik2\/wp-content\/uploads\/2014\/10\/lik\u00f6rservis-L12-ljusbrun.jpg\" class=\"gallery_colorbox\"><img loading=\"lazy\" class=\"aligncenter size-medium wp-image-588\" src=\"http:\/\/kulturochkuriosa.se\/butik2\/wp-content\/uploads\/2014\/10\/lik\u00f6rservis-L12-ljusbrun-225x300.jpg\"  alt=\"lik\u00f6rservis L12 ljusbrun\" width=\"80%\" height=\"auto\" srcset=\"http:\/\/kulturochkuriosa.se\/butik2\/wp-content\/uploads\/2014\/10\/lik\u00f6rservis-L12-ljusbrun-225x300.jpg 225w, http:\/\/kulturochkuriosa.se\/butik2\/wp-content\/uploads\/2014\/10\/lik\u00f6rservis-L12-ljusbrun-768x1024.jpg 768w, http:\/\/kulturochkuriosa.se\/butik2\/wp-content\/uploads\/2014\/10\/lik\u00f6rservis-L12-ljusbrun.jpg 850w\" sizes=\"(max-width: 225px) 100vw, 225px\" \/><\/a><\/td>\n<td style=\"border: 2px solid #f5f0f0; width: 25%;\"><\/td>\n<td style=\"border: 2px solid #f5f0f0; width: 25%;\"><\/td>\n<td style=\"border: 2px solid #f5f0f0; width: 25%;\"><\/td>\n<\/tr>\n<tr style=\"vertical-align: top; background-color: #d4d4d4;\">\n<td style=\"border: 2px solid #f5f0f0; width: 25%;\">\u00a0Lik\u00f6rservis \u201dL12\u2033, arbetarperioden. Pris 500:-.<\/td>\n<td style=\"border: 2px solid #f5f0f0; width: 25%;\"><\/td>\n<td style=\"border: 2px solid #f5f0f0; width: 25%;\"><\/td>\n<td style=\"border: 2px solid #f5f0f0; width: 25%;\"><\/td>\n<\/tr>\n<\/tbody>\n<\/table>\n","protected":false},"excerpt":{"rendered":"<p>Servisglas producerades under m\u00e5nga \u00e5r, de mest ber\u00f6mda under Str\u00f6mbergsepoken. En hel del \u00e4r &#8221;hyttdesign&#8221; allts\u00e5 ok\u00e4nd formgivare, bland de k\u00e4nda finns, f\u00f6rutom Gerda Str\u00f6mberg, Tage Zickerman p\u00e5 20-talet och Bo Fjaestad p\u00e5 40-50-talet. &nbsp; \u00a0Fylgia, en av Edas mest k\u00e4nda serviser, kom i slutet av 20-talet, eventuellt av Gerda Str\u00f6mberg eller s\u00e5 hade den <a href='http:\/\/kulturochkuriosa.se\/butik2\/glas\/eda\/servisglas\/' class='excerpt-more'>[&#8230;]<\/a><\/p>\n","protected":false},"author":2,"featured_media":0,"parent":51,"menu_order":30,"comment_status":"closed","ping_status":"closed","template":"","meta":[],"_links":{"self":[{"href":"http:\/\/kulturochkuriosa.se\/butik2\/wp-json\/wp\/v2\/pages\/14"}],"collection":[{"href":"http:\/\/kulturochkuriosa.se\/butik2\/wp-json\/wp\/v2\/pages"}],"about":[{"href":"http:\/\/kulturochkuriosa.se\/butik2\/wp-json\/wp\/v2\/types\/page"}],"author":[{"embeddable":true,"href":"http:\/\/kulturochkuriosa.se\/butik2\/wp-json\/wp\/v2\/users\/2"}],"replies":[{"embeddable":true,"href":"http:\/\/kulturochkuriosa.se\/butik2\/wp-json\/wp\/v2\/comments?post=14"}],"version-history":[{"count":47,"href":"http:\/\/kulturochkuriosa.se\/butik2\/wp-json\/wp\/v2\/pages\/14\/revisions"}],"predecessor-version":[{"id":963,"href":"http:\/\/kulturochkuriosa.se\/butik2\/wp-json\/wp\/v2\/pages\/14\/revisions\/963"}],"up":[{"embeddable":true,"href":"http:\/\/kulturochkuriosa.se\/butik2\/wp-json\/wp\/v2\/pages\/51"}],"wp:attachment":[{"href":"http:\/\/kulturochkuriosa.se\/butik2\/wp-json\/wp\/v2\/media?parent=14"}],"curies":[{"name":"wp","href":"https:\/\/api.w.org\/{rel}","templated":true}]}}