{"id":104,"date":"2014-11-11T16:28:53","date_gmt":"2014-11-11T15:28:53","guid":{"rendered":"http:\/\/kulturochkuriosa.se\/butik2\/?page_id=104"},"modified":"2018-01-27T12:49:21","modified_gmt":"2018-01-27T11:49:21","slug":"konstglas","status":"publish","type":"page","link":"http:\/\/kulturochkuriosa.se\/butik2\/glas\/gullaskruf\/konstglas\/","title":{"rendered":"Konstglas"},"content":{"rendered":"<p>H\u00e4r finns framf\u00f6r allt Hugo Gehlins fantastiska skapelser.<\/p>\n<table style=\"height: auto; background-color: #b4b4b4; width: 100%;\">\n<tbody>\n<tr>\n<td style=\"border: 2px solid #f5f0f0; width: 25%;\"><\/td>\n<td style=\"border: 2px solid #f5f0f0; width: 25%;\"><a href=\"http:\/\/kulturochkuriosa.se\/butik2\/wp-content\/uploads\/2014\/11\/orkidevas-G5-51A-indigo.jpg\" class=\"gallery_colorbox\"><img loading=\"lazy\" class=\"aligncenter size-medium wp-image-105\" src=\"http:\/\/kulturochkuriosa.se\/butik2\/wp-content\/uploads\/2014\/11\/orkidevas-G5-51A-indigo-224x300.jpg\"  alt=\"orkidevas G5-51A indigo\" width=\"80%\" height=\"auto\" srcset=\"http:\/\/kulturochkuriosa.se\/butik2\/wp-content\/uploads\/2014\/11\/orkidevas-G5-51A-indigo-224x300.jpg 224w, http:\/\/kulturochkuriosa.se\/butik2\/wp-content\/uploads\/2014\/11\/orkidevas-G5-51A-indigo-767x1024.jpg 767w, http:\/\/kulturochkuriosa.se\/butik2\/wp-content\/uploads\/2014\/11\/orkidevas-G5-51A-indigo.jpg 850w\" sizes=\"(max-width: 224px) 100vw, 224px\" \/><\/a><\/td>\n<td style=\"border: 2px solid #f5f0f0; width: 25%;\"><a href=\"http:\/\/kulturochkuriosa.se\/butik2\/wp-content\/uploads\/2014\/11\/orkidevas-G5-51B-ametist1.jpg\" class=\"gallery_colorbox\"><img loading=\"lazy\" class=\"aligncenter size-medium wp-image-118\" src=\"http:\/\/kulturochkuriosa.se\/butik2\/wp-content\/uploads\/2014\/11\/orkidevas-G5-51B-ametist1-224x300.jpg\"  alt=\"orkidevas G5-51B ametist\" width=\"80%\" height=\"auto\" srcset=\"http:\/\/kulturochkuriosa.se\/butik2\/wp-content\/uploads\/2014\/11\/orkidevas-G5-51B-ametist1-224x300.jpg 224w, http:\/\/kulturochkuriosa.se\/butik2\/wp-content\/uploads\/2014\/11\/orkidevas-G5-51B-ametist1-767x1024.jpg 767w, http:\/\/kulturochkuriosa.se\/butik2\/wp-content\/uploads\/2014\/11\/orkidevas-G5-51B-ametist1.jpg 850w\" sizes=\"(max-width: 224px) 100vw, 224px\" \/><\/a><\/td>\n<td style=\"border: 2px solid #f5f0f0; width: 25%;\"><a href=\"http:\/\/kulturochkuriosa.se\/butik2\/wp-content\/uploads\/2014\/11\/orkidevas-G5-51B-indigo.jpg\" class=\"gallery_colorbox\"><img loading=\"lazy\" class=\"aligncenter size-medium wp-image-108\" src=\"http:\/\/kulturochkuriosa.se\/butik2\/wp-content\/uploads\/2014\/11\/orkidevas-G5-51B-indigo-224x300.jpg\"  alt=\"orkidevas G5-51B indigo\" width=\"80%\" height=\"auto\" srcset=\"http:\/\/kulturochkuriosa.se\/butik2\/wp-content\/uploads\/2014\/11\/orkidevas-G5-51B-indigo-224x300.jpg 224w, http:\/\/kulturochkuriosa.se\/butik2\/wp-content\/uploads\/2014\/11\/orkidevas-G5-51B-indigo-767x1024.jpg 767w, http:\/\/kulturochkuriosa.se\/butik2\/wp-content\/uploads\/2014\/11\/orkidevas-G5-51B-indigo.jpg 850w\" sizes=\"(max-width: 224px) 100vw, 224px\" \/><\/a><\/td>\n<\/tr>\n<tr style=\"vertical-align: top; background-color: #d4d4d4;\">\n<td style=\"border: 2px solid #f5f0f0; width: 25%;\"><\/td>\n<td style=\"border: 2px solid #f5f0f0; width: 25%;\">\u00a0G5-51A, orkid\u00e9vas formgiven av Hugo Gehlin, Indigo, pris 300:-.<\/td>\n<td style=\"border: 2px solid #f5f0f0; width: 25%;\">Orkidevas, G5\/51B, ametist,\u00a0 Hugo Gehlin. H\u00f6jd 22,5 cm, pris 300:-.<\/td>\n<td style=\"border: 2px solid #f5f0f0; width: 25%;\">Orkid\u00e9vas G5\/51B, indigo, Hugo Gehlin, pris 300:-.<\/td>\n<\/tr>\n<tr>\n<td style=\"border: 2px solid #f5f0f0; width: 25%;\"><a href=\"http:\/\/kulturochkuriosa.se\/butik2\/wp-content\/uploads\/2014\/11\/vas-percy.jpg\" class=\"gallery_colorbox\" rel=\"attachment wp-att-885\"><img loading=\"lazy\" class=\"aligncenter size-medium wp-image-885\" src=\"http:\/\/kulturochkuriosa.se\/butik2\/wp-content\/uploads\/2014\/11\/vas-percy-225x300.jpg\"  alt=\"vas percy\" width=\"80%\" height=\"auto\" srcset=\"http:\/\/kulturochkuriosa.se\/butik2\/wp-content\/uploads\/2014\/11\/vas-percy-225x300.jpg 225w, http:\/\/kulturochkuriosa.se\/butik2\/wp-content\/uploads\/2014\/11\/vas-percy-768x1024.jpg 768w, http:\/\/kulturochkuriosa.se\/butik2\/wp-content\/uploads\/2014\/11\/vas-percy.jpg 850w\" sizes=\"(max-width: 225px) 100vw, 225px\" \/><\/a><\/td>\n<td style=\"border: 2px solid #f5f0f0; width: 25%;\"><a href=\"http:\/\/kulturochkuriosa.se\/butik2\/wp-content\/uploads\/2014\/11\/KB63-h\u00f6g-vas.jpg\" class=\"gallery_colorbox\" rel=\"attachment wp-att-884\"><img loading=\"lazy\" class=\"aligncenter size-medium wp-image-884\" src=\"http:\/\/kulturochkuriosa.se\/butik2\/wp-content\/uploads\/2014\/11\/KB63-h\u00f6g-vas-225x300.jpg\"  alt=\"KB63 h\u00f6g vas\" width=\"80%\" height=\"auto\" srcset=\"http:\/\/kulturochkuriosa.se\/butik2\/wp-content\/uploads\/2014\/11\/KB63-h\u00f6g-vas-225x300.jpg 225w, http:\/\/kulturochkuriosa.se\/butik2\/wp-content\/uploads\/2014\/11\/KB63-h\u00f6g-vas-768x1024.jpg 768w, http:\/\/kulturochkuriosa.se\/butik2\/wp-content\/uploads\/2014\/11\/KB63-h\u00f6g-vas.jpg 850w\" sizes=\"(max-width: 225px) 100vw, 225px\" \/><\/a><\/td>\n<td style=\"border: 2px solid #f5f0f0; width: 25%;\"><\/td>\n<td style=\"border: 2px solid #f5f0f0; width: 25%;\"><\/td>\n<\/tr>\n<tr style=\"vertical-align: top; background-color: #d4d4d4;\">\n<td style=\"border: 2px solid #f5f0f0; width: 25%;\">\u00a0Orkidevas, indigo, formgiven av Arthur Percy, h\u00f6jd 22 cm, pris 250:-.<\/td>\n<td style=\"border: 2px solid #f5f0f0; width: 25%;\">\u00a0H\u00f6g vas, KB63, formgiven av Kjell Blomberg. H\u00f6jd 31 cm, dia 7 cm, pris 250:-.<\/td>\n<td style=\"border: 2px solid #f5f0f0; width: 25%;\"><\/td>\n<td style=\"border: 2px solid #f5f0f0; width: 25%;\"><\/td>\n<\/tr>\n<tr>\n<td style=\"border: 2px solid #f5f0f0; background-color: #444444; width: 25%; text-align: center;\" colspan=\"4\"><span style=\"color: #ffffff;\">S\u00e5lda produkter<br \/>\n<\/span><\/td>\n<\/tr>\n<tr>\n<td style=\"border: 2px solid #f5f0f0; width: 25%;\"><a href=\"http:\/\/kulturochkuriosa.se\/butik2\/wp-content\/uploads\/2014\/11\/orkidevas-G5-51A-kobolt2.jpg\" class=\"gallery_colorbox\"><img loading=\"lazy\" class=\"aligncenter size-medium wp-image-117\" src=\"http:\/\/kulturochkuriosa.se\/butik2\/wp-content\/uploads\/2014\/11\/orkidevas-G5-51A-kobolt2-224x300.jpg\"  alt=\"orkidevas G5-51A kobolt\" width=\"80%\" height=\"auto\" srcset=\"http:\/\/kulturochkuriosa.se\/butik2\/wp-content\/uploads\/2014\/11\/orkidevas-G5-51A-kobolt2-224x300.jpg 224w, http:\/\/kulturochkuriosa.se\/butik2\/wp-content\/uploads\/2014\/11\/orkidevas-G5-51A-kobolt2-767x1024.jpg 767w, http:\/\/kulturochkuriosa.se\/butik2\/wp-content\/uploads\/2014\/11\/orkidevas-G5-51A-kobolt2.jpg 850w\" sizes=\"(max-width: 224px) 100vw, 224px\" \/><\/a><\/td>\n<td style=\"border: 2px solid #f5f0f0; width: 25%;\"><a href=\"http:\/\/kulturochkuriosa.se\/butik2\/wp-content\/uploads\/2015\/01\/locksk\u00e5l-kobolt.jpg\" class=\"gallery_colorbox\"><img loading=\"lazy\" class=\"aligncenter size-medium wp-image-621\" src=\"http:\/\/kulturochkuriosa.se\/butik2\/wp-content\/uploads\/2015\/01\/locksk\u00e5l-kobolt-225x300.jpg\"  alt=\"locksk\u00e5l kobolt\" width=\"80%\" height=\"auto\" srcset=\"http:\/\/kulturochkuriosa.se\/butik2\/wp-content\/uploads\/2015\/01\/locksk\u00e5l-kobolt-225x300.jpg 225w, http:\/\/kulturochkuriosa.se\/butik2\/wp-content\/uploads\/2015\/01\/locksk\u00e5l-kobolt-768x1024.jpg 768w, http:\/\/kulturochkuriosa.se\/butik2\/wp-content\/uploads\/2015\/01\/locksk\u00e5l-kobolt.jpg 850w\" sizes=\"(max-width: 225px) 100vw, 225px\" \/><\/a><\/td>\n<td style=\"border: 2px solid #f5f0f0; width: 25%;\"><\/td>\n<td style=\"border: 2px solid #f5f0f0; width: 25%;\"><\/td>\n<\/tr>\n<tr style=\"vertical-align: top; background-color: #d4d4d4;\">\n<td style=\"border: 2px solid #f5f0f0; width: 25%;\">G5-51A Kobolt, <del>pris 300:-.<\/del><strong> S\u00e5ld.<\/strong><\/td>\n<td style=\"border: 2px solid #f5f0f0; width: 25%;\">\u00a0Locksk\u00e5l i den h\u00e4rliga koboltbl\u00e5a f\u00e4rgen. Formgiven av William Stenberg,<del> pris 400:-. <\/del><strong>S\u00e5ld.<\/strong><del><br \/>\n<\/del><\/td>\n<td style=\"border: 2px solid #f5f0f0; width: 25%;\"><\/td>\n<td style=\"border: 2px solid #f5f0f0; width: 25%;\"><\/td>\n<\/tr>\n<\/tbody>\n<\/table>\n<p>&nbsp;<\/p>\n<div><\/div>\n","protected":false},"excerpt":{"rendered":"<p>H\u00e4r finns framf\u00f6r allt Hugo Gehlins fantastiska skapelser. \u00a0G5-51A, orkid\u00e9vas formgiven av Hugo Gehlin, Indigo, pris 300:-. Orkidevas, G5\/51B, ametist,\u00a0 Hugo Gehlin. H\u00f6jd 22,5 cm, pris 300:-. Orkid\u00e9vas G5\/51B, indigo, Hugo Gehlin, pris 300:-. \u00a0Orkidevas, indigo, formgiven av Arthur Percy, h\u00f6jd 22 cm, pris 250:-. \u00a0H\u00f6g vas, KB63, formgiven av Kjell Blomberg. H\u00f6jd 31 cm, <a href='http:\/\/kulturochkuriosa.se\/butik2\/glas\/gullaskruf\/konstglas\/' class='excerpt-more'>[&#8230;]<\/a><\/p>\n","protected":false},"author":2,"featured_media":0,"parent":101,"menu_order":60,"comment_status":"closed","ping_status":"closed","template":"","meta":[],"_links":{"self":[{"href":"http:\/\/kulturochkuriosa.se\/butik2\/wp-json\/wp\/v2\/pages\/104"}],"collection":[{"href":"http:\/\/kulturochkuriosa.se\/butik2\/wp-json\/wp\/v2\/pages"}],"about":[{"href":"http:\/\/kulturochkuriosa.se\/butik2\/wp-json\/wp\/v2\/types\/page"}],"author":[{"embeddable":true,"href":"http:\/\/kulturochkuriosa.se\/butik2\/wp-json\/wp\/v2\/users\/2"}],"replies":[{"embeddable":true,"href":"http:\/\/kulturochkuriosa.se\/butik2\/wp-json\/wp\/v2\/comments?post=104"}],"version-history":[{"count":13,"href":"http:\/\/kulturochkuriosa.se\/butik2\/wp-json\/wp\/v2\/pages\/104\/revisions"}],"predecessor-version":[{"id":1115,"href":"http:\/\/kulturochkuriosa.se\/butik2\/wp-json\/wp\/v2\/pages\/104\/revisions\/1115"}],"up":[{"embeddable":true,"href":"http:\/\/kulturochkuriosa.se\/butik2\/wp-json\/wp\/v2\/pages\/101"}],"wp:attachment":[{"href":"http:\/\/kulturochkuriosa.se\/butik2\/wp-json\/wp\/v2\/media?parent=104"}],"curies":[{"name":"wp","href":"https:\/\/api.w.org\/{rel}","templated":true}]}}