{"id":101,"date":"2014-11-11T16:20:54","date_gmt":"2014-11-11T15:20:54","guid":{"rendered":"http:\/\/kulturochkuriosa.se\/butik2\/?page_id=101"},"modified":"2016-02-16T12:07:33","modified_gmt":"2016-02-16T11:07:33","slug":"gullaskruf","status":"publish","type":"page","link":"http:\/\/kulturochkuriosa.se\/butik2\/glas\/gullaskruf\/","title":{"rendered":"Gullaskruf"},"content":{"rendered":"<p>Bruket grundades 1895 som f\u00f6nsterglasbruk, 1926 k\u00f6ptes det av William Stenberg och driften \u00e4ndrades till hush\u00e5lls- och prydnadsglas. 1975 bildades Krona-Bruken AB (Royal Krona) tillsammans med Skruf, M\u00e5ler\u00e5s, \u00c5seda och Bj\u00f6rkshult, Krona-Bruken gick i konkurs efter tv\u00e5 \u00e5r, 1978 k\u00f6ptes Gullaskruf av Orrefors och 1983 lades bruket ner.<\/p>\n<p>Bland formgivarna m\u00e4rks, f\u00f6rutom Stenberg sj\u00e4lv, Hugo Gehlin, Arthur Percy, Kjell Blomberg och Lennart Andersson.<\/p>\n<table style=\"height: auto; background-color: #b4b4b4; width: 100%;\" border=\"4\">\n<tbody>\n<tr>\n<td align=\"center\" width=\"25%\"><a href=\"Pressglas\"><img loading=\"lazy\" class=\"size-medium wp-image-300\" src=\"http:\/\/kulturochkuriosa.se\/butik2\/wp-content\/uploads\/2014\/11\/randi-skal-vit-300x225.jpg\" alt=\"Pressglas\" width=\"100%\" height=\"auto\" srcset=\"http:\/\/kulturochkuriosa.se\/butik2\/wp-content\/uploads\/2014\/11\/randi-skal-vit-300x225.jpg 300w, http:\/\/kulturochkuriosa.se\/butik2\/wp-content\/uploads\/2014\/11\/randi-skal-vit-1024x768.jpg 1024w, http:\/\/kulturochkuriosa.se\/butik2\/wp-content\/uploads\/2014\/11\/randi-skal-vit.jpg 1134w\" sizes=\"(max-width: 300px) 100vw, 300px\" \/><\/a> Pressglas<\/td>\n<td align=\"center\" width=\"25%\"><a href=\"Servisglas\"><img loading=\"lazy\" class=\"size-medium wp-image-880\" src=\"http:\/\/kulturochkuriosa.se\/butik2\/wp-content\/uploads\/2015\/01\/sex-gr\u00f6na-snapsglas-300x225.jpg\" alt=\"sex gr\u00f6na snapsglas\" width=\"100%\" height=\"auto srcset=\"http:\/\/kulturochkuriosa.se\/butik2\/wp-content\/uploads\/2015\/01\/sex-gr\u00f6na-snapsglas-300x225.jpg 300w, http:\/\/kulturochkuriosa.se\/butik2\/wp-content\/uploads\/2015\/01\/sex-gr\u00f6na-snapsglas-768x576.jpg 768w, http:\/\/kulturochkuriosa.se\/butik2\/wp-content\/uploads\/2015\/01\/sex-gr\u00f6na-snapsglas-1024x768.jpg 1024w, http:\/\/kulturochkuriosa.se\/butik2\/wp-content\/uploads\/2015\/01\/sex-gr\u00f6na-snapsglas.jpg 1134w\" sizes=\"(max-width: 300px) 100vw, 300px\" \/><\/a> Servisglas<\/td>\n<td align=\"center\" width=\"25%\"><a href=\"Konstglas\"><img loading=\"lazy\" class=\"size-medium wp-image-194\" src=\"http:\/\/kulturochkuriosa.se\/butik2\/wp-content\/uploads\/2014\/11\/vaser-gehlin-225x300.jpg\" alt=\"Konstglas\" width=\"80%\" height=\"auto\" srcset=\"http:\/\/kulturochkuriosa.se\/butik2\/wp-content\/uploads\/2014\/11\/vaser-gehlin-225x300.jpg 225w, http:\/\/kulturochkuriosa.se\/butik2\/wp-content\/uploads\/2014\/11\/vaser-gehlin-768x1024.jpg 768w, http:\/\/kulturochkuriosa.se\/butik2\/wp-content\/uploads\/2014\/11\/vaser-gehlin.jpg 850w\" sizes=\"(max-width: 225px) 100vw, 225px\" \/><\/a> Konstglas<\/td>\n<\/tr>\n<\/tbody>\n<\/table>\n<p>&nbsp;<\/p>\n","protected":false},"excerpt":{"rendered":"<p>Bruket grundades 1895 som f\u00f6nsterglasbruk, 1926 k\u00f6ptes det av William Stenberg och driften \u00e4ndrades till hush\u00e5lls- och prydnadsglas. 1975 bildades Krona-Bruken AB (Royal Krona) tillsammans med Skruf, M\u00e5ler\u00e5s, \u00c5seda och Bj\u00f6rkshult, Krona-Bruken gick i konkurs efter tv\u00e5 \u00e5r, 1978 k\u00f6ptes Gullaskruf av Orrefors och 1983 lades bruket ner. Bland formgivarna m\u00e4rks, f\u00f6rutom Stenberg sj\u00e4lv, Hugo <a href='http:\/\/kulturochkuriosa.se\/butik2\/glas\/gullaskruf\/' class='excerpt-more'>[&#8230;]<\/a><\/p>\n","protected":false},"author":2,"featured_media":0,"parent":5,"menu_order":300,"comment_status":"closed","ping_status":"closed","template":"","meta":[],"_links":{"self":[{"href":"http:\/\/kulturochkuriosa.se\/butik2\/wp-json\/wp\/v2\/pages\/101"}],"collection":[{"href":"http:\/\/kulturochkuriosa.se\/butik2\/wp-json\/wp\/v2\/pages"}],"about":[{"href":"http:\/\/kulturochkuriosa.se\/butik2\/wp-json\/wp\/v2\/types\/page"}],"author":[{"embeddable":true,"href":"http:\/\/kulturochkuriosa.se\/butik2\/wp-json\/wp\/v2\/users\/2"}],"replies":[{"embeddable":true,"href":"http:\/\/kulturochkuriosa.se\/butik2\/wp-json\/wp\/v2\/comments?post=101"}],"version-history":[{"count":25,"href":"http:\/\/kulturochkuriosa.se\/butik2\/wp-json\/wp\/v2\/pages\/101\/revisions"}],"predecessor-version":[{"id":883,"href":"http:\/\/kulturochkuriosa.se\/butik2\/wp-json\/wp\/v2\/pages\/101\/revisions\/883"}],"up":[{"embeddable":true,"href":"http:\/\/kulturochkuriosa.se\/butik2\/wp-json\/wp\/v2\/pages\/5"}],"wp:attachment":[{"href":"http:\/\/kulturochkuriosa.se\/butik2\/wp-json\/wp\/v2\/media?parent=101"}],"curies":[{"name":"wp","href":"https:\/\/api.w.org\/{rel}","templated":true}]}}